{"id":2353,"date":"2024-12-14T22:55:00","date_gmt":"2024-12-14T20:55:00","guid":{"rendered":"https:\/\/cosmoflag.com\/?post_type=product&#038;p=2353"},"modified":"2025-11-30T23:47:12","modified_gmt":"2025-11-30T21:47:12","slug":"flaga-macedonii-polnocnej","status":"publish","type":"product","link":"https:\/\/cosmoflag.com\/pl\/produkt\/flaga-macedonii-polnocnej\/","title":{"rendered":"Flaga Macedonii P\u00f3\u0142nocnej"},"content":{"rendered":"<h3>Cechy flagi Macedonii<\/h3>\n<p>Nasza flaga Macedonii P\u00f3\u0142nocnej jest wykonana z wysokiej jako\u015bci poliestru, dzi\u0119ki czemu idealnie nadaje si\u0119 do trwa\u0142ego u\u017cytku wewn\u0105trz i na zewn\u0105trz. Posiada metalowe przelotki u\u0142atwiaj\u0105ce instalacj\u0119 i bezpieczne mocowanie, nawet w niesprzyjaj\u0105cych warunkach pogodowych. Dost\u0119pna w rozmiarze 90 x 150 cm\/35 x 59 cali dla maksymalnej widoczno\u015bci, nasza flaga spe\u0142nia r\u00f3\u017cnorodne potrzeby, niezale\u017cnie od tego, czy chcesz j\u0105 wyeksponowa\u0107 na maszcie, czy na \u015bcianie.<\/p>\n<h3>Symbol narodowy przesi\u0105kni\u0119ty histori\u0105<\/h3>\n<p>Flaga Macedonii P\u00f3\u0142nocnej, przyj\u0119ta w 1995 r., przedstawia \u017cywe czerwone s\u0142o\u0144ce z o\u015bmioma promieniami wychodz\u0105cymi z centrum na czerwonym tle. Projekt jest inspirowany s\u0142o\u0144cem Vergina, znalezionym w kr\u00f3lewskich grobowcach staro\u017cytnego kr\u00f3lestwa Macedonii, kt\u00f3re jest r\u00f3wnie\u017c wa\u017cnym symbolem Grecji. Flaga zosta\u0142a wybrana, aby reprezentowa\u0107 aspiracje narodu do odr\u0119bnej to\u017csamo\u015bci i nowego kierunku po uzyskaniu niepodleg\u0142o\u015bci od Jugos\u0142awii w 1991 roku.<\/p>\n<h3>Wszechstronno\u015b\u0107 zastosowania<\/h3>\n<p>Niezale\u017cnie od tego, czy chodzi o uroczysto\u015bci narodowe, wydarzenia sportowe, demonstracje polityczne czy cele edukacyjne, flaga Macedonii jest odpowiednia na ka\u017cd\u0105 okazj\u0119. Solidna konstrukcja i odporne na blakni\u0119cie kolory sprawiaj\u0105, \u017ce flaga zachowuje swoje znaczenie i efekt wizualny przez d\u0142ugi czas.<\/p>","protected":false},"excerpt":{"rendered":"<p>Flaga o wymiarach 150 x 90 cm z 2 solidnymi metalowymi przelotkami do bezpiecznego zawieszenia.<\/p>","protected":false},"featured_media":1238,"comment_status":"open","ping_status":"closed","template":"","meta":{"_gspb_post_css":"","iawp_total_views":10},"product_brand":[],"product_cat":[65,58],"product_tag":[],"class_list":{"0":"post-2353","1":"product","2":"type-product","3":"status-publish","4":"has-post-thumbnail","6":"product_cat-europe-flags","7":"product_cat-country-flags","9":"first","10":"instock","11":"sale","12":"shipping-taxable","13":"purchasable","14":"product-type-simple"},"_links":{"self":[{"href":"https:\/\/cosmoflag.com\/pl\/wp-json\/wp\/v2\/product\/2353","targetHints":{"allow":["GET"]}}],"collection":[{"href":"https:\/\/cosmoflag.com\/pl\/wp-json\/wp\/v2\/product"}],"about":[{"href":"https:\/\/cosmoflag.com\/pl\/wp-json\/wp\/v2\/types\/product"}],"replies":[{"embeddable":true,"href":"https:\/\/cosmoflag.com\/pl\/wp-json\/wp\/v2\/comments?post=2353"}],"wp:featuredmedia":[{"embeddable":true,"href":"https:\/\/cosmoflag.com\/pl\/wp-json\/wp\/v2\/media\/1238"}],"wp:attachment":[{"href":"https:\/\/cosmoflag.com\/pl\/wp-json\/wp\/v2\/media?parent=2353"}],"wp:term":[{"taxonomy":"product_brand","embeddable":true,"href":"https:\/\/cosmoflag.com\/pl\/wp-json\/wp\/v2\/product_brand?post=2353"},{"taxonomy":"product_cat","embeddable":true,"href":"https:\/\/cosmoflag.com\/pl\/wp-json\/wp\/v2\/product_cat?post=2353"},{"taxonomy":"product_tag","embeddable":true,"href":"https:\/\/cosmoflag.com\/pl\/wp-json\/wp\/v2\/product_tag?post=2353"}],"curies":[{"name":"wp","href":"https:\/\/api.w.org\/{rel}","templated":true}]}}