{"id":2350,"date":"2024-12-13T14:38:00","date_gmt":"2024-12-13T12:38:00","guid":{"rendered":"https:\/\/cosmoflag.com\/?post_type=product&#038;p=2350"},"modified":"2025-08-12T21:23:34","modified_gmt":"2025-08-12T19:23:34","slug":"flaga-filipin","status":"publish","type":"product","link":"https:\/\/cosmoflag.com\/pl\/produkt\/flaga-filipin\/","title":{"rendered":"Flaga Filipin"},"content":{"rendered":"<h3><strong>Cechy filipi\u0144skiej flagi<\/strong><\/h3>\n<p>Nasza flaga Filipin jest wykonana z wysokiej jako\u015bci poliestru, dzi\u0119ki czemu idealnie nadaje si\u0119 do trwa\u0142ego u\u017cytku zar\u00f3wno wewn\u0105trz, jak i na zewn\u0105trz. Jest wyposa\u017cona w metalowe przelotki, kt\u00f3re u\u0142atwiaj\u0105 monta\u017c i zapewniaj\u0105 jej bezpiecze\u0144stwo nawet w trudnych warunkach pogodowych. Dost\u0119pna w rozmiarze 90 x 150 cm\/35 x 59 cali dla maksymalnej widoczno\u015bci, nasza flaga spe\u0142nia r\u00f3\u017cne potrzeby, niezale\u017cnie od tego, czy chcesz j\u0105 wyeksponowa\u0107 na maszcie, czy na \u015bcianie.<\/p>\n<h3><strong>Symbol narodowy przesi\u0105kni\u0119ty histori\u0105<\/strong><\/h3>\n<p>Flaga Filipin jest wyj\u0105tkowa dzi\u0119ki dw\u00f3m poziomym pasom w kolorze niebieskim i czerwonym oraz bia\u0142emu tr\u00f3jk\u0105towi r\u00f3wnobocznemu na g\u00f3rze, zawieraj\u0105cemu o\u015bmiopromienne z\u0142ote s\u0142o\u0144ce z trzema z\u0142otymi gwiazdami w ka\u017cdym punkcie tr\u00f3jk\u0105ta. Niebieski symbolizuje pok\u00f3j i sprawiedliwo\u015b\u0107, czerwony odwag\u0119 i po\u015bwi\u0119cenie, a bia\u0142y r\u00f3wno\u015b\u0107 i braterstwo. Osiem promieni s\u0142o\u0144ca reprezentuje osiem prowincji, kt\u00f3re zainicjowa\u0142y rewolucj\u0119 przeciwko Hiszpanii, a trzy gwiazdy symbolizuj\u0105 trzy g\u0142\u00f3wne wyspy Filipin: Luzon, Visayas i Mindanao. Flaga ta, przyj\u0119ta w 1898 roku, jest g\u0142\u0119boko zakorzeniona w walce kraju o niepodleg\u0142o\u015b\u0107.<\/p>\n<h3><strong>Wszechstronno\u015b\u0107 u\u017cytkowania<\/strong><\/h3>\n<p>Niezale\u017cnie od tego, czy chodzi o obchody narodowe, wydarzenia sportowe, demonstracje polityczne czy cele edukacyjne, flaga Filipin jest odpowiednia na ka\u017cd\u0105 okazj\u0119. Solidna konstrukcja i odporne na blakni\u0119cie kolory sprawiaj\u0105, \u017ce flaga zachowuje swoje znaczenie i efekt wizualny przez d\u0142ugi czas.<\/p>","protected":false},"excerpt":{"rendered":"<p>Flaga o wymiarach 150 x 90 cm z 2 solidnymi metalowymi przelotkami do bezpiecznego zawieszenia.<\/p>","protected":false},"featured_media":2139,"comment_status":"open","ping_status":"closed","template":"","meta":{"_gspb_post_css":"","iawp_total_views":15},"product_brand":[],"product_cat":[64,58],"product_tag":[],"class_list":{"0":"post-2350","1":"product","2":"type-product","3":"status-publish","4":"has-post-thumbnail","6":"product_cat-asia-flags","7":"product_cat-country-flags","9":"first","10":"instock","11":"sale","12":"shipping-taxable","13":"purchasable","14":"product-type-simple"},"_links":{"self":[{"href":"https:\/\/cosmoflag.com\/pl\/wp-json\/wp\/v2\/product\/2350","targetHints":{"allow":["GET"]}}],"collection":[{"href":"https:\/\/cosmoflag.com\/pl\/wp-json\/wp\/v2\/product"}],"about":[{"href":"https:\/\/cosmoflag.com\/pl\/wp-json\/wp\/v2\/types\/product"}],"replies":[{"embeddable":true,"href":"https:\/\/cosmoflag.com\/pl\/wp-json\/wp\/v2\/comments?post=2350"}],"wp:featuredmedia":[{"embeddable":true,"href":"https:\/\/cosmoflag.com\/pl\/wp-json\/wp\/v2\/media\/2139"}],"wp:attachment":[{"href":"https:\/\/cosmoflag.com\/pl\/wp-json\/wp\/v2\/media?parent=2350"}],"wp:term":[{"taxonomy":"product_brand","embeddable":true,"href":"https:\/\/cosmoflag.com\/pl\/wp-json\/wp\/v2\/product_brand?post=2350"},{"taxonomy":"product_cat","embeddable":true,"href":"https:\/\/cosmoflag.com\/pl\/wp-json\/wp\/v2\/product_cat?post=2350"},{"taxonomy":"product_tag","embeddable":true,"href":"https:\/\/cosmoflag.com\/pl\/wp-json\/wp\/v2\/product_tag?post=2350"}],"curies":[{"name":"wp","href":"https:\/\/api.w.org\/{rel}","templated":true}]}}