{"id":2348,"date":"2024-12-13T14:26:00","date_gmt":"2024-12-13T12:26:00","guid":{"rendered":"https:\/\/cosmoflag.com\/?post_type=product&#038;p=2348"},"modified":"2025-08-12T21:23:34","modified_gmt":"2025-08-12T19:23:34","slug":"flaga-salwadoru","status":"publish","type":"product","link":"https:\/\/cosmoflag.com\/pl\/produkt\/flaga-salwadoru\/","title":{"rendered":"Flaga Salwadoru"},"content":{"rendered":"<h3>Cechy flagi Salwadoru<\/h3>\n<p>Nasza flaga Salwadoru jest wykonana z wysokiej jako\u015bci poliestru, dzi\u0119ki czemu idealnie nadaje si\u0119 do d\u0142ugotrwa\u0142ego u\u017cytkowania, zar\u00f3wno wewn\u0105trz, jak i na zewn\u0105trz. Posiada metalowe przelotki u\u0142atwiaj\u0105ce monta\u017c i gwarantuj\u0105ce trwa\u0142o\u015b\u0107 nawet w niesprzyjaj\u0105cych warunkach pogodowych. Dost\u0119pna w rozmiarze 90 x 150 cm\/35 x 59 cali dla maksymalnej widoczno\u015bci, nasza flaga spe\u0142nia r\u00f3\u017cnorodne potrzeby, niezale\u017cnie od tego, czy chcesz j\u0105 umie\u015bci\u0107 na maszcie, czy na \u015bcianie.<\/p>\n<h3>Symbol narodowy przesi\u0105kni\u0119ty histori\u0105<\/h3>\n<p>Flaga Salwadoru, sk\u0142adaj\u0105ca si\u0119 z dw\u00f3ch poziomych niebieskich pas\u00f3w otaczaj\u0105cych centralny bia\u0142y pas, to znacznie wi\u0119cej ni\u017c zwyk\u0142y sztandar narodowy. Oficjalnie przyj\u0119ta w 1912 roku, niebieskie pasy symbolizuj\u0105 Ocean Spokojny i niebo, kt\u00f3re granicz\u0105 z krajem, podczas gdy bia\u0142y pas reprezentuje pok\u00f3j. Po\u015brodku znajduje si\u0119 herb narodowy z pi\u0119cioma wulkanami symbolizuj\u0105cymi pi\u0119\u0107 pa\u0144stw cz\u0142onkowskich Unii \u015arodkowoameryka\u0144skiej, czapk\u0105 frygijsk\u0105 wy\u0142aniaj\u0105c\u0105 si\u0119 mi\u0119dzy dwiema t\u0119czami i tr\u00f3jk\u0105tem r\u00f3wnikowym, reprezentuj\u0105cym wolno\u015b\u0107, sprawiedliwo\u015b\u0107 i braterstwo.<\/p>\n<h3>Wszechstronno\u015b\u0107 zastosowania<\/h3>\n<p>Niezale\u017cnie od tego, czy chodzi o obchody narodowe, wydarzenia sportowe, demonstracje polityczne czy cele edukacyjne, flaga Salwadoru jest odpowiednia na ka\u017cd\u0105 okazj\u0119. Solidna konstrukcja i odporne na blakni\u0119cie kolory sprawiaj\u0105, \u017ce flaga zachowuje swoje znaczenie i efekt wizualny przez d\u0142ugi czas.<\/p>","protected":false},"excerpt":{"rendered":"<p>Flaga o wymiarach 150 x 90 cm z 2 solidnymi metalowymi przelotkami do bezpiecznego zawieszenia.<\/p>","protected":false},"featured_media":1891,"comment_status":"open","ping_status":"closed","template":"","meta":{"_gspb_post_css":"","iawp_total_views":8},"product_brand":[],"product_cat":[61,58],"product_tag":[],"class_list":{"0":"post-2348","1":"product","2":"type-product","3":"status-publish","4":"has-post-thumbnail","6":"product_cat-central-america-flags","7":"product_cat-country-flags","9":"first","10":"instock","11":"sale","12":"shipping-taxable","13":"purchasable","14":"product-type-simple"},"_links":{"self":[{"href":"https:\/\/cosmoflag.com\/pl\/wp-json\/wp\/v2\/product\/2348","targetHints":{"allow":["GET"]}}],"collection":[{"href":"https:\/\/cosmoflag.com\/pl\/wp-json\/wp\/v2\/product"}],"about":[{"href":"https:\/\/cosmoflag.com\/pl\/wp-json\/wp\/v2\/types\/product"}],"replies":[{"embeddable":true,"href":"https:\/\/cosmoflag.com\/pl\/wp-json\/wp\/v2\/comments?post=2348"}],"wp:featuredmedia":[{"embeddable":true,"href":"https:\/\/cosmoflag.com\/pl\/wp-json\/wp\/v2\/media\/1891"}],"wp:attachment":[{"href":"https:\/\/cosmoflag.com\/pl\/wp-json\/wp\/v2\/media?parent=2348"}],"wp:term":[{"taxonomy":"product_brand","embeddable":true,"href":"https:\/\/cosmoflag.com\/pl\/wp-json\/wp\/v2\/product_brand?post=2348"},{"taxonomy":"product_cat","embeddable":true,"href":"https:\/\/cosmoflag.com\/pl\/wp-json\/wp\/v2\/product_cat?post=2348"},{"taxonomy":"product_tag","embeddable":true,"href":"https:\/\/cosmoflag.com\/pl\/wp-json\/wp\/v2\/product_tag?post=2348"}],"curies":[{"name":"wp","href":"https:\/\/api.w.org\/{rel}","templated":true}]}}