{"id":2346,"date":"2024-12-13T14:13:00","date_gmt":"2024-12-13T12:13:00","guid":{"rendered":"https:\/\/cosmoflag.com\/?post_type=product&#038;p=2346"},"modified":"2025-08-12T21:23:35","modified_gmt":"2025-08-12T19:23:35","slug":"flaga-hondurasu","status":"publish","type":"product","link":"https:\/\/cosmoflag.com\/pl\/produkt\/flaga-hondurasu\/","title":{"rendered":"Flaga Hondurasu"},"content":{"rendered":"<h3>Cechy flagi Hondurasu<\/h3>\n<p>Nasza flaga Hondurasu jest wykonana z wysokiej jako\u015bci poliestru, dzi\u0119ki czemu idealnie nadaje si\u0119 do d\u0142ugotrwa\u0142ego u\u017cytkowania, zar\u00f3wno wewn\u0105trz, jak i na zewn\u0105trz. Posiada metalowe przelotki u\u0142atwiaj\u0105ce monta\u017c i gwarantuj\u0105ce trwa\u0142o\u015b\u0107 nawet w niesprzyjaj\u0105cych warunkach pogodowych. Dost\u0119pna w rozmiarze 90 x 150 cm\/35 x 59 cali dla maksymalnej widoczno\u015bci, nasza flaga spe\u0142nia r\u00f3\u017cne potrzeby, niezale\u017cnie od tego, czy chcesz j\u0105 wyeksponowa\u0107 na maszcie, czy na \u015bcianie.<\/p>\n<h3>Symbol narodowy przesi\u0105kni\u0119ty histori\u0105<\/h3>\n<p>Flaga Hondurasu, przyj\u0119ta w 1949 roku, sk\u0142ada si\u0119 z trzech poziomych pas\u00f3w, z dwoma niebieskimi pasami na g\u00f3rze i na dole oraz bia\u0142ym pasem po\u015brodku. Po\u015brodku bia\u0142ego pasa znajduje si\u0119 pi\u0119\u0107 niebieskich gwiazd u\u0142o\u017conych w kszta\u0142t litery X. Niebieskie pasy reprezentuj\u0105 dwa oceany, kt\u00f3rych Honduras mia\u0142 nadziej\u0119 pewnego dnia dotkn\u0105\u0107, Pacyfik i Atlantyk, podczas gdy gwiazdy symbolizuj\u0105 pi\u0119\u0107 pierwotnych narod\u00f3w Federacji \u015arodkowoameryka\u0144skiej, ilustruj\u0105c aspiracje do jedno\u015bci i solidarno\u015bci mi\u0119dzy krajami regionu.<\/p>\n<h3>Wszechstronno\u015b\u0107 zastosowania<\/h3>\n<p>Niezale\u017cnie od tego, czy chodzi o uroczysto\u015bci pa\u0144stwowe, wydarzenia sportowe, demonstracje polityczne czy cele edukacyjne, flaga Hondurasu jest odpowiednia na ka\u017cd\u0105 okazj\u0119. Solidna konstrukcja i odporne na blakni\u0119cie kolory sprawiaj\u0105, \u017ce flaga zachowuje swoje znaczenie i efekt wizualny przez d\u0142ugi czas.<\/p>","protected":false},"excerpt":{"rendered":"<p>Flaga o wymiarach 150 x 90 cm z 2 solidnymi metalowymi przelotkami do bezpiecznego zawieszenia.<\/p>","protected":false},"featured_media":1985,"comment_status":"open","ping_status":"closed","template":"","meta":{"_gspb_post_css":"","iawp_total_views":2},"product_brand":[],"product_cat":[61,58],"product_tag":[],"class_list":{"0":"post-2346","1":"product","2":"type-product","3":"status-publish","4":"has-post-thumbnail","6":"product_cat-central-america-flags","7":"product_cat-country-flags","9":"first","10":"instock","11":"sale","12":"shipping-taxable","13":"purchasable","14":"product-type-simple"},"_links":{"self":[{"href":"https:\/\/cosmoflag.com\/pl\/wp-json\/wp\/v2\/product\/2346","targetHints":{"allow":["GET"]}}],"collection":[{"href":"https:\/\/cosmoflag.com\/pl\/wp-json\/wp\/v2\/product"}],"about":[{"href":"https:\/\/cosmoflag.com\/pl\/wp-json\/wp\/v2\/types\/product"}],"replies":[{"embeddable":true,"href":"https:\/\/cosmoflag.com\/pl\/wp-json\/wp\/v2\/comments?post=2346"}],"wp:featuredmedia":[{"embeddable":true,"href":"https:\/\/cosmoflag.com\/pl\/wp-json\/wp\/v2\/media\/1985"}],"wp:attachment":[{"href":"https:\/\/cosmoflag.com\/pl\/wp-json\/wp\/v2\/media?parent=2346"}],"wp:term":[{"taxonomy":"product_brand","embeddable":true,"href":"https:\/\/cosmoflag.com\/pl\/wp-json\/wp\/v2\/product_brand?post=2346"},{"taxonomy":"product_cat","embeddable":true,"href":"https:\/\/cosmoflag.com\/pl\/wp-json\/wp\/v2\/product_cat?post=2346"},{"taxonomy":"product_tag","embeddable":true,"href":"https:\/\/cosmoflag.com\/pl\/wp-json\/wp\/v2\/product_tag?post=2346"}],"curies":[{"name":"wp","href":"https:\/\/api.w.org\/{rel}","templated":true}]}}