{"id":2344,"date":"2024-12-13T14:00:00","date_gmt":"2024-12-13T12:00:00","guid":{"rendered":"https:\/\/cosmoflag.com\/?post_type=product&#038;p=2344"},"modified":"2026-03-16T11:37:16","modified_gmt":"2026-03-16T09:37:16","slug":"flaga-argentyny","status":"publish","type":"product","link":"https:\/\/cosmoflag.com\/pl\/produkt\/flaga-argentyny\/","title":{"rendered":"Flaga Argentyny"},"content":{"rendered":"<h3>Cechy argenty\u0144skiej flagi<\/h3>\n<p>Nasza flaga Argentyny jest wykonana z wysokiej jako\u015bci poliestru, dzi\u0119ki czemu idealnie nadaje si\u0119 do d\u0142ugotrwa\u0142ego u\u017cytkowania, zar\u00f3wno wewn\u0105trz, jak i na zewn\u0105trz. Posiada metalowe przelotki u\u0142atwiaj\u0105ce monta\u017c i gwarantuj\u0105ce trwa\u0142o\u015b\u0107 nawet w niesprzyjaj\u0105cych warunkach pogodowych. Dost\u0119pna w rozmiarze 90 x 150 cm\/35 x 59 cali dla maksymalnej widoczno\u015bci, nasza flaga spe\u0142nia r\u00f3\u017cne potrzeby, niezale\u017cnie od tego, czy chcesz j\u0105 wyeksponowa\u0107 na maszcie, czy na \u015bcianie.<\/p>\n<h3>Symbol narodowy przesi\u0105kni\u0119ty histori\u0105<\/h3>\n<p>Flaga Argentyny, przyj\u0119ta w 1812 roku, sk\u0142ada si\u0119 z trzech poziomych pas\u00f3w, z g\u00f3rnym i dolnym pasem w kolorze b\u0142\u0119kitnym i \u015brodkowym pasem w kolorze bia\u0142ym. Po\u015brodku bia\u0142ego pasa znajduje si\u0119 \u017c\u00f3\u0142te s\u0142o\u0144ce, \"Sol de Mayo\", kt\u00f3re jest symbolem narodowym i przypomnieniem rewolucji majowej, kt\u00f3ra doprowadzi\u0142a do niepodleg\u0142o\u015bci kraju. Niebieski i bia\u0142y symbolizuj\u0105 czyste niebo i chmury nad Argentyn\u0105, reprezentuj\u0105ce idea\u0142y wolno\u015bci i niezale\u017cno\u015bci, kt\u00f3re przy\u015bwieca\u0142y rewolucjonistom.<\/p>\n<h3>Wszechstronno\u015b\u0107 zastosowania<\/h3>\n<p>Niezale\u017cnie od tego, czy chodzi o uroczysto\u015bci narodowe, wydarzenia sportowe, demonstracje polityczne czy cele edukacyjne, flaga Argentyny jest odpowiednia na ka\u017cd\u0105 okazj\u0119. Solidna konstrukcja i odporne na blakni\u0119cie kolory sprawiaj\u0105, \u017ce flaga zachowuje swoje znaczenie i efekt wizualny przez d\u0142ugi czas.<\/p>","protected":false},"excerpt":{"rendered":"<p>Flaga o wymiarach 150 x 90 cm z 2 solidnymi metalowymi przelotkami do bezpiecznego zawieszenia.<\/p>","protected":false},"featured_media":1806,"comment_status":"open","ping_status":"closed","template":"","meta":{"_gspb_post_css":"","iawp_total_views":17},"product_brand":[],"product_cat":[63,58],"product_tag":[],"class_list":{"0":"post-2344","1":"product","2":"type-product","3":"status-publish","4":"has-post-thumbnail","6":"product_cat-south-america-flag","7":"product_cat-country-flags","9":"first","10":"instock","11":"sale","12":"shipping-taxable","13":"purchasable","14":"product-type-simple"},"_links":{"self":[{"href":"https:\/\/cosmoflag.com\/pl\/wp-json\/wp\/v2\/product\/2344","targetHints":{"allow":["GET"]}}],"collection":[{"href":"https:\/\/cosmoflag.com\/pl\/wp-json\/wp\/v2\/product"}],"about":[{"href":"https:\/\/cosmoflag.com\/pl\/wp-json\/wp\/v2\/types\/product"}],"replies":[{"embeddable":true,"href":"https:\/\/cosmoflag.com\/pl\/wp-json\/wp\/v2\/comments?post=2344"}],"wp:featuredmedia":[{"embeddable":true,"href":"https:\/\/cosmoflag.com\/pl\/wp-json\/wp\/v2\/media\/1806"}],"wp:attachment":[{"href":"https:\/\/cosmoflag.com\/pl\/wp-json\/wp\/v2\/media?parent=2344"}],"wp:term":[{"taxonomy":"product_brand","embeddable":true,"href":"https:\/\/cosmoflag.com\/pl\/wp-json\/wp\/v2\/product_brand?post=2344"},{"taxonomy":"product_cat","embeddable":true,"href":"https:\/\/cosmoflag.com\/pl\/wp-json\/wp\/v2\/product_cat?post=2344"},{"taxonomy":"product_tag","embeddable":true,"href":"https:\/\/cosmoflag.com\/pl\/wp-json\/wp\/v2\/product_tag?post=2344"}],"curies":[{"name":"wp","href":"https:\/\/api.w.org\/{rel}","templated":true}]}}