{"id":2342,"date":"2024-12-13T13:53:00","date_gmt":"2024-12-13T11:53:00","guid":{"rendered":"https:\/\/cosmoflag.com\/?post_type=product&#038;p=2342"},"modified":"2025-08-12T21:23:36","modified_gmt":"2025-08-12T19:23:36","slug":"flaga-bosni-i-hercegowiny","status":"publish","type":"product","link":"https:\/\/cosmoflag.com\/pl\/produkt\/flaga-bosni-i-hercegowiny\/","title":{"rendered":"Flaga Bo\u015bni i Hercegowiny"},"content":{"rendered":"<h3>Cechy flagi Bo\u015bni i Hercegowiny<\/h3>\n<p>Nasza flaga Bo\u015bni i Hercegowiny jest wykonana z wysokiej jako\u015bci poliestru, dzi\u0119ki czemu idealnie nadaje si\u0119 do d\u0142ugotrwa\u0142ego u\u017cytkowania, zar\u00f3wno wewn\u0105trz, jak i na zewn\u0105trz. Posiada metalowe przelotki dla \u0142atwego monta\u017cu i bezpiecznego trzymania, nawet w niesprzyjaj\u0105cych warunkach pogodowych. Dost\u0119pna w rozmiarze 90 x 150 cm\/35 x 59 cali dla maksymalnej widoczno\u015bci, nasza flaga spe\u0142nia r\u00f3\u017cnorodne potrzeby, niezale\u017cnie od tego, czy chcesz j\u0105 umie\u015bci\u0107 na maszcie, czy na \u015bcianie.<\/p>\n<h3>Symbol narodowy przesi\u0105kni\u0119ty histori\u0105<\/h3>\n<p>Flaga Bo\u015bni i Hercegowiny, przyj\u0119ta w 1998 r., sk\u0142ada si\u0119 z niebieskiego i \u017c\u00f3\u0142tego tr\u00f3jk\u0105ta reprezentuj\u0105cego przybli\u017cony kszta\u0142t geograficzny kraju oraz trzech narod\u00f3w wchodz\u0105cych w jego sk\u0142ad (Bo\u015bniak\u00f3w, Serb\u00f3w i Chorwat\u00f3w). T\u0142o jest niebieskie, z \u017c\u00f3\u0142tym tr\u00f3jk\u0105tem skierowanym w g\u00f3r\u0119 wzd\u0142u\u017c masztu. Flaga jest r\u00f3wnie\u017c ozdobiona bia\u0142ymi pi\u0119cioramiennymi gwiazdami, wyci\u0119tymi na g\u00f3rze i na dole, u\u0142o\u017conymi w uko\u015bny pas, kt\u00f3ry pod\u0105\u017ca za tr\u00f3jk\u0105tem. Gwiazdy te symbolizuj\u0105 Europ\u0119 i d\u0105\u017cenie Bo\u015bni i Hercegowiny do integracji europejskiej.<\/p>\n<h3>Wszechstronno\u015b\u0107 zastosowania<\/h3>\n<p>Niezale\u017cnie od tego, czy chodzi o uroczysto\u015bci pa\u0144stwowe, wydarzenia sportowe, konferencje mi\u0119dzynarodowe czy cele edukacyjne, flaga Bo\u015bni i Hercegowiny jest odpowiednia na ka\u017cd\u0105 okazj\u0119. Solidna konstrukcja i odporne na blakni\u0119cie kolory sprawiaj\u0105, \u017ce flaga zachowuje swoje znaczenie i efekt wizualny przez d\u0142ugi czas.<\/p>","protected":false},"excerpt":{"rendered":"<p>Flaga o wymiarach 150 x 90 cm z 2 solidnymi metalowymi przelotkami do bezpiecznego zawieszenia.<\/p>","protected":false},"featured_media":1836,"comment_status":"open","ping_status":"closed","template":"","meta":{"_gspb_post_css":"","iawp_total_views":10},"product_brand":[],"product_cat":[58,65],"product_tag":[],"class_list":{"0":"post-2342","1":"product","2":"type-product","3":"status-publish","4":"has-post-thumbnail","6":"product_cat-country-flags","7":"product_cat-europe-flags","9":"first","10":"instock","11":"sale","12":"shipping-taxable","13":"purchasable","14":"product-type-simple"},"_links":{"self":[{"href":"https:\/\/cosmoflag.com\/pl\/wp-json\/wp\/v2\/product\/2342","targetHints":{"allow":["GET"]}}],"collection":[{"href":"https:\/\/cosmoflag.com\/pl\/wp-json\/wp\/v2\/product"}],"about":[{"href":"https:\/\/cosmoflag.com\/pl\/wp-json\/wp\/v2\/types\/product"}],"replies":[{"embeddable":true,"href":"https:\/\/cosmoflag.com\/pl\/wp-json\/wp\/v2\/comments?post=2342"}],"wp:featuredmedia":[{"embeddable":true,"href":"https:\/\/cosmoflag.com\/pl\/wp-json\/wp\/v2\/media\/1836"}],"wp:attachment":[{"href":"https:\/\/cosmoflag.com\/pl\/wp-json\/wp\/v2\/media?parent=2342"}],"wp:term":[{"taxonomy":"product_brand","embeddable":true,"href":"https:\/\/cosmoflag.com\/pl\/wp-json\/wp\/v2\/product_brand?post=2342"},{"taxonomy":"product_cat","embeddable":true,"href":"https:\/\/cosmoflag.com\/pl\/wp-json\/wp\/v2\/product_cat?post=2342"},{"taxonomy":"product_tag","embeddable":true,"href":"https:\/\/cosmoflag.com\/pl\/wp-json\/wp\/v2\/product_tag?post=2342"}],"curies":[{"name":"wp","href":"https:\/\/api.w.org\/{rel}","templated":true}]}}