{"id":2341,"date":"2024-12-13T13:48:00","date_gmt":"2024-12-13T11:48:00","guid":{"rendered":"https:\/\/cosmoflag.com\/?post_type=product&#038;p=2341"},"modified":"2025-08-12T21:23:36","modified_gmt":"2025-08-12T19:23:36","slug":"flaga-malezji","status":"publish","type":"product","link":"https:\/\/cosmoflag.com\/pl\/produkt\/flaga-malezji\/","title":{"rendered":"Flaga Malezji"},"content":{"rendered":"<h3>Cechy flagi Malezji<\/h3>\n<p>Nasza flaga Malezji jest wykonana z wysokiej jako\u015bci poliestru, dzi\u0119ki czemu idealnie nadaje si\u0119 do d\u0142ugotrwa\u0142ego u\u017cytkowania, zar\u00f3wno wewn\u0105trz, jak i na zewn\u0105trz. Posiada metalowe przelotki u\u0142atwiaj\u0105ce monta\u017c i gwarantuj\u0105ce trwa\u0142o\u015b\u0107 nawet w niesprzyjaj\u0105cych warunkach pogodowych. Dost\u0119pna w rozmiarze 90 x 150 cm\/35 x 59 cali dla maksymalnej widoczno\u015bci, nasza flaga spe\u0142nia r\u00f3\u017cne potrzeby, niezale\u017cnie od tego, czy chcesz j\u0105 wyeksponowa\u0107 na maszcie, czy na \u015bcianie.<\/p>\n<h3>Symbol narodowy przesi\u0105kni\u0119ty histori\u0105<\/h3>\n<p>Flaga Malezji, znana r\u00f3wnie\u017c jako \"Jalur Gemilang\" (Pasy Chwa\u0142y), sk\u0142ada si\u0119 z czternastu czerwono-bia\u0142ych poziomych pas\u00f3w reprezentuj\u0105cych trzyna\u015bcie pa\u0144stw cz\u0142onkowskich i rz\u0105d federalny. Niebieski kanton w lewym g\u00f3rnym rogu symbolizuje jedno\u015b\u0107 narod\u00f3w Malezji i zawiera czternastoramienn\u0105 \u017c\u00f3\u0142t\u0105 gwiazd\u0119, odzwierciedlaj\u0105c\u0105 te same podmioty co pasy. \u017b\u00f3\u0142ty jest kr\u00f3lewskim kolorem Malezji. Przyj\u0119ta w 1950 r. flaga symbolizuje nadziej\u0119, odwag\u0119 i szacunek, a jej projekt jest inspirowany flag\u0105 Stan\u00f3w Zjednoczonych.<\/p>\n<h3>Wszechstronno\u015b\u0107 zastosowania<\/h3>\n<p>Niezale\u017cnie od tego, czy chodzi o uroczysto\u015bci narodowe, wydarzenia sportowe, demonstracje polityczne czy cele edukacyjne, malezyjska flaga nadaje si\u0119 na ka\u017cd\u0105 okazj\u0119. Wytrzyma\u0142a konstrukcja i odporne na blakni\u0119cie kolory sprawiaj\u0105, \u017ce flaga zachowuje swoje znaczenie i efekt wizualny przez d\u0142ugi czas.<\/p>","protected":false},"excerpt":{"rendered":"<p>Flaga o wymiarach 150 x 90 cm z 2 solidnymi metalowymi przelotkami do bezpiecznego zawieszenia.<\/p>","protected":false},"featured_media":2055,"comment_status":"open","ping_status":"closed","template":"","meta":{"_gspb_post_css":"","iawp_total_views":6},"product_brand":[],"product_cat":[64,58],"product_tag":[],"class_list":{"0":"post-2341","1":"product","2":"type-product","3":"status-publish","4":"has-post-thumbnail","6":"product_cat-asia-flags","7":"product_cat-country-flags","9":"first","10":"instock","11":"sale","12":"shipping-taxable","13":"purchasable","14":"product-type-simple"},"_links":{"self":[{"href":"https:\/\/cosmoflag.com\/pl\/wp-json\/wp\/v2\/product\/2341","targetHints":{"allow":["GET"]}}],"collection":[{"href":"https:\/\/cosmoflag.com\/pl\/wp-json\/wp\/v2\/product"}],"about":[{"href":"https:\/\/cosmoflag.com\/pl\/wp-json\/wp\/v2\/types\/product"}],"replies":[{"embeddable":true,"href":"https:\/\/cosmoflag.com\/pl\/wp-json\/wp\/v2\/comments?post=2341"}],"wp:featuredmedia":[{"embeddable":true,"href":"https:\/\/cosmoflag.com\/pl\/wp-json\/wp\/v2\/media\/2055"}],"wp:attachment":[{"href":"https:\/\/cosmoflag.com\/pl\/wp-json\/wp\/v2\/media?parent=2341"}],"wp:term":[{"taxonomy":"product_brand","embeddable":true,"href":"https:\/\/cosmoflag.com\/pl\/wp-json\/wp\/v2\/product_brand?post=2341"},{"taxonomy":"product_cat","embeddable":true,"href":"https:\/\/cosmoflag.com\/pl\/wp-json\/wp\/v2\/product_cat?post=2341"},{"taxonomy":"product_tag","embeddable":true,"href":"https:\/\/cosmoflag.com\/pl\/wp-json\/wp\/v2\/product_tag?post=2341"}],"curies":[{"name":"wp","href":"https:\/\/api.w.org\/{rel}","templated":true}]}}