{"id":2339,"date":"2024-12-13T13:41:00","date_gmt":"2024-12-13T11:41:00","guid":{"rendered":"https:\/\/cosmoflag.com\/?post_type=product&#038;p=2339"},"modified":"2025-11-30T23:47:10","modified_gmt":"2025-11-30T21:47:10","slug":"flaga-ekwadoru","status":"publish","type":"product","link":"https:\/\/cosmoflag.com\/pl\/produkt\/flaga-ekwadoru\/","title":{"rendered":"Flaga Ekwadoru"},"content":{"rendered":"<h3>Cechy flagi Ekwadoru<\/h3>\n<p>Nasza flaga Ekwadoru jest wykonana z wysokiej jako\u015bci poliestru, dzi\u0119ki czemu idealnie nadaje si\u0119 do d\u0142ugotrwa\u0142ego u\u017cytkowania, zar\u00f3wno wewn\u0105trz, jak i na zewn\u0105trz. Posiada metalowe przelotki u\u0142atwiaj\u0105ce monta\u017c i gwarantuj\u0105ce trwa\u0142o\u015b\u0107 nawet w niesprzyjaj\u0105cych warunkach pogodowych. Dost\u0119pna w rozmiarze 90 x 150 cm\/35 x 59 cali dla maksymalnej widoczno\u015bci, nasza flaga spe\u0142nia r\u00f3\u017cne potrzeby, niezale\u017cnie od tego, czy chcesz j\u0105 wyeksponowa\u0107 na maszcie, czy na \u015bcianie.<\/p>\n<h3>Symbol narodowy przesi\u0105kni\u0119ty histori\u0105<\/h3>\n<p>Flaga Ekwadoru sk\u0142ada si\u0119 z trzech poziomych pas\u00f3w: \u017c\u00f3\u0142tego u g\u00f3ry, niebieskiego po\u015brodku i czerwonego u do\u0142u. \u017b\u00f3\u0142ty pas jest szerszy ni\u017c dwa pozosta\u0142e. Flaga zawiera r\u00f3wnie\u017c herb Ekwadoru po\u015brodku, dodaj\u0105c bogaty symboliczny szczeg\u00f3\u0142 do historii i warto\u015bci kraju. Przyj\u0119te w 1860 roku kolory flagi maj\u0105 okre\u015blone znaczenie: \u017c\u00f3\u0142ty reprezentuje z\u0142oto, bogactwo i p\u0142odno\u015b\u0107 ekwadorskiej ziemi, niebieski symbolizuje ocean i czyste niebo, a czerwony przypomina krew przelan\u0105 za niepodleg\u0142o\u015b\u0107. Ta flaga nie jest tylko elementem dekoracyjnym; uosabia jedno\u015b\u0107, godno\u015b\u0107 i suwerenno\u015b\u0107 narodu ekwadorskiego.<\/p>\n<h3>Wszechstronno\u015b\u0107 zastosowania<\/h3>\n<p>Niezale\u017cnie od tego, czy chodzi o uroczysto\u015bci narodowe, wydarzenia kulturalne, okazje sportowe czy cele edukacyjne, flaga Ekwadoru jest odpowiednia na ka\u017cd\u0105 okazj\u0119. Solidna konstrukcja i odporne na blakni\u0119cie kolory sprawiaj\u0105, \u017ce flaga zachowuje swoje znaczenie i efekt wizualny przez d\u0142ugi czas.<\/p>","protected":false},"excerpt":{"rendered":"<p>Flaga o wymiarach 150 x 90 cm z 2 solidnymi metalowymi przelotkami do bezpiecznego zawieszenia.<\/p>","protected":false},"featured_media":1876,"comment_status":"open","ping_status":"closed","template":"","meta":{"_gspb_post_css":"","iawp_total_views":6},"product_brand":[],"product_cat":[58,63],"product_tag":[],"class_list":{"0":"post-2339","1":"product","2":"type-product","3":"status-publish","4":"has-post-thumbnail","6":"product_cat-country-flags","7":"product_cat-south-america-flag","9":"first","10":"instock","11":"sale","12":"shipping-taxable","13":"purchasable","14":"product-type-simple"},"_links":{"self":[{"href":"https:\/\/cosmoflag.com\/pl\/wp-json\/wp\/v2\/product\/2339","targetHints":{"allow":["GET"]}}],"collection":[{"href":"https:\/\/cosmoflag.com\/pl\/wp-json\/wp\/v2\/product"}],"about":[{"href":"https:\/\/cosmoflag.com\/pl\/wp-json\/wp\/v2\/types\/product"}],"replies":[{"embeddable":true,"href":"https:\/\/cosmoflag.com\/pl\/wp-json\/wp\/v2\/comments?post=2339"}],"wp:featuredmedia":[{"embeddable":true,"href":"https:\/\/cosmoflag.com\/pl\/wp-json\/wp\/v2\/media\/1876"}],"wp:attachment":[{"href":"https:\/\/cosmoflag.com\/pl\/wp-json\/wp\/v2\/media?parent=2339"}],"wp:term":[{"taxonomy":"product_brand","embeddable":true,"href":"https:\/\/cosmoflag.com\/pl\/wp-json\/wp\/v2\/product_brand?post=2339"},{"taxonomy":"product_cat","embeddable":true,"href":"https:\/\/cosmoflag.com\/pl\/wp-json\/wp\/v2\/product_cat?post=2339"},{"taxonomy":"product_tag","embeddable":true,"href":"https:\/\/cosmoflag.com\/pl\/wp-json\/wp\/v2\/product_tag?post=2339"}],"curies":[{"name":"wp","href":"https:\/\/api.w.org\/{rel}","templated":true}]}}