{"id":2337,"date":"2024-12-13T13:26:00","date_gmt":"2024-12-13T11:26:00","guid":{"rendered":"https:\/\/cosmoflag.com\/?post_type=product&#038;p=2337"},"modified":"2025-08-12T21:23:37","modified_gmt":"2025-08-12T19:23:37","slug":"flaga-azerbejdzanu","status":"publish","type":"product","link":"https:\/\/cosmoflag.com\/pl\/produkt\/flaga-azerbejdzanu\/","title":{"rendered":"Flaga Azerbejd\u017canu"},"content":{"rendered":"<h3>Cechy flagi Azerbejd\u017canu<\/h3>\n<p>Nasza flaga Azerbejd\u017canu jest wykonana z wysokiej jako\u015bci poliestru, dzi\u0119ki czemu idealnie nadaje si\u0119 do d\u0142ugotrwa\u0142ego u\u017cytkowania zar\u00f3wno wewn\u0105trz, jak i na zewn\u0105trz. Posiada metalowe przelotki u\u0142atwiaj\u0105ce instalacj\u0119 i bezpieczne mocowanie, nawet w niesprzyjaj\u0105cych warunkach pogodowych. Dost\u0119pna w rozmiarze 90 x 150 cm\/35 x 59 cali dla maksymalnej widoczno\u015bci, nasza flaga spe\u0142nia r\u00f3\u017cnorodne potrzeby, niezale\u017cnie od tego, czy chcesz j\u0105 umie\u015bci\u0107 na maszcie, czy na \u015bcianie.<\/p>\n<h3>Symbol narodowy przesi\u0105kni\u0119ty histori\u0105<\/h3>\n<p>Flaga Azerbejd\u017canu, znana r\u00f3wnie\u017c jako \"Azerbaycan Bayragi\", sk\u0142ada si\u0119 z trzech poziomych pas\u00f3w: niebieskiego u g\u00f3ry, czerwonego po\u015brodku i zielonego u do\u0142u. Na \u015brodku czerwonego paska znajduje si\u0119 bia\u0142y p\u00f3\u0142ksi\u0119\u017cyc i o\u015bmioramienna gwiazda. Kolor niebieski reprezentuje tureck\u0105 kultur\u0119, czerwony symbolizuje modernizacj\u0119 i rozw\u00f3j demokracji, a zielony przywo\u0142uje na my\u015bl islam. P\u00f3\u0142ksi\u0119\u017cyc i gwiazda s\u0105 tradycyjnymi symbolami islamu, ale odzwierciedlaj\u0105 tak\u017ce aspiracje narodu azerbejd\u017ca\u0144skiego do wolno\u015bci. Flaga, przyj\u0119ta w 1918 r. i ponownie przyj\u0119ta w 1991 r. po upadku Zwi\u0105zku Radzieckiego, uciele\u015bnia to\u017csamo\u015b\u0107 narodow\u0105 i warto\u015bci narodu azerbejd\u017ca\u0144skiego.<\/p>\n<h3>Wszechstronno\u015b\u0107 zastosowania<\/h3>\n<p>Niezale\u017cnie od tego, czy chodzi o uroczysto\u015bci pa\u0144stwowe, wydarzenia sportowe, wydarzenia kulturalne czy cele edukacyjne, flaga Azerbejd\u017canu jest odpowiednia na ka\u017cd\u0105 okazj\u0119. Wytrzyma\u0142a konstrukcja i odporne na blakni\u0119cie kolory sprawiaj\u0105, \u017ce flaga zachowuje swoje znaczenie i efekt wizualny przez d\u0142ugi czas.<\/p>","protected":false},"excerpt":{"rendered":"<p>Flaga o wymiarach 150 x 90 cm z 2 solidnymi metalowymi przelotkami do bezpiecznego zawieszenia.<\/p>","protected":false},"featured_media":1816,"comment_status":"open","ping_status":"closed","template":"","meta":{"_gspb_post_css":"","iawp_total_views":22},"product_brand":[],"product_cat":[64],"product_tag":[],"class_list":{"0":"post-2337","1":"product","2":"type-product","3":"status-publish","4":"has-post-thumbnail","6":"product_cat-asia-flags","8":"first","9":"instock","10":"sale","11":"shipping-taxable","12":"purchasable","13":"product-type-simple"},"_links":{"self":[{"href":"https:\/\/cosmoflag.com\/pl\/wp-json\/wp\/v2\/product\/2337","targetHints":{"allow":["GET"]}}],"collection":[{"href":"https:\/\/cosmoflag.com\/pl\/wp-json\/wp\/v2\/product"}],"about":[{"href":"https:\/\/cosmoflag.com\/pl\/wp-json\/wp\/v2\/types\/product"}],"replies":[{"embeddable":true,"href":"https:\/\/cosmoflag.com\/pl\/wp-json\/wp\/v2\/comments?post=2337"}],"wp:featuredmedia":[{"embeddable":true,"href":"https:\/\/cosmoflag.com\/pl\/wp-json\/wp\/v2\/media\/1816"}],"wp:attachment":[{"href":"https:\/\/cosmoflag.com\/pl\/wp-json\/wp\/v2\/media?parent=2337"}],"wp:term":[{"taxonomy":"product_brand","embeddable":true,"href":"https:\/\/cosmoflag.com\/pl\/wp-json\/wp\/v2\/product_brand?post=2337"},{"taxonomy":"product_cat","embeddable":true,"href":"https:\/\/cosmoflag.com\/pl\/wp-json\/wp\/v2\/product_cat?post=2337"},{"taxonomy":"product_tag","embeddable":true,"href":"https:\/\/cosmoflag.com\/pl\/wp-json\/wp\/v2\/product_tag?post=2337"}],"curies":[{"name":"wp","href":"https:\/\/api.w.org\/{rel}","templated":true}]}}