{"id":2335,"date":"2024-12-12T23:34:00","date_gmt":"2024-12-12T21:34:00","guid":{"rendered":"https:\/\/cosmoflag.com\/?post_type=product&#038;p=2335"},"modified":"2025-11-30T23:47:11","modified_gmt":"2025-11-30T21:47:11","slug":"flaga-armenia","status":"publish","type":"product","link":"https:\/\/cosmoflag.com\/pl\/produkt\/flaga-armenia\/","title":{"rendered":"Flaga Armenii"},"content":{"rendered":"<h3><strong>Cechy ormia\u0144skiej flagi<\/strong><\/h3>\n<p>Nasza flaga Armenii jest wykonana z wysokiej jako\u015bci poliestru, dzi\u0119ki czemu idealnie nadaje si\u0119 do trwa\u0142ego u\u017cytku zar\u00f3wno wewn\u0105trz, jak i na zewn\u0105trz. Jest wyposa\u017cona w metalowe przelotki, kt\u00f3re u\u0142atwiaj\u0105 monta\u017c i zapewniaj\u0105 jej bezpiecze\u0144stwo nawet w trudnych warunkach pogodowych. Dost\u0119pna w rozmiarze 90 x 150 cm\/35 x 59 cali dla maksymalnej widoczno\u015bci, nasza flaga spe\u0142nia r\u00f3\u017cne potrzeby, niezale\u017cnie od tego, czy chcesz j\u0105 wyeksponowa\u0107 na maszcie, czy na \u015bcianie.<\/p>\n<h3><strong>Symbol narodowy bogaty w histori\u0119<\/strong><\/h3>\n<p>Flaga Armenii, sk\u0142adaj\u0105ca si\u0119 z trzech poziomych pas\u00f3w w kolorach czerwonym, niebieskim i pomara\u0144czowym, jest czym\u015b wi\u0119cej ni\u017c tylko sztandarem narodowym. Przyj\u0119ta w 1990 roku, tu\u017c przed uzyskaniem przez kraj niepodleg\u0142o\u015bci od Zwi\u0105zku Radzieckiego, ka\u017cdy kolor ma g\u0142\u0119bokie znaczenie: czerwony symbolizuje krew przelan\u0105 za niepodleg\u0142o\u015b\u0107 i utrzymanie chrze\u015bcija\u0144stwa, niebieski reprezentuje pragnienie narodu ormia\u0144skiego do \u017cycia pod spokojnym niebem, a pomara\u0144czowy oznacza kreatywno\u015b\u0107 i ci\u0119\u017ck\u0105 prac\u0119 ludzi. Ta flaga nie jest tylko elementem dekoracyjnym; uosabia aspiracje, odwag\u0119 i dum\u0119 narodu ormia\u0144skiego.<\/p>\n<h3><strong>Wszechstronne zastosowanie<\/strong><\/h3>\n<p>Niezale\u017cnie od tego, czy chodzi o uroczysto\u015bci narodowe, wydarzenia kulturalne, spotkania sportowe czy cele edukacyjne, flaga Armenii dostosowuje si\u0119 do wszystkich okazji. Solidna konstrukcja i odporne na blakni\u0119cie kolory zapewniaj\u0105, \u017ce flaga zachowa swoje znaczenie i efekt wizualny przez d\u0142ugi czas.<\/p>","protected":false},"excerpt":{"rendered":"<p>Flaga o wymiarach 150 x 90 cm z 2 solidnymi metalowymi przelotkami do bezpiecznego zawieszenia.<\/p>","protected":false},"featured_media":1812,"comment_status":"open","ping_status":"closed","template":"","meta":{"_gspb_post_css":"","iawp_total_views":3},"product_brand":[],"product_cat":[66],"product_tag":[],"class_list":{"0":"post-2335","1":"product","2":"type-product","3":"status-publish","4":"has-post-thumbnail","6":"product_cat-middle-east-flags","8":"first","9":"instock","10":"sale","11":"shipping-taxable","12":"purchasable","13":"product-type-simple"},"_links":{"self":[{"href":"https:\/\/cosmoflag.com\/pl\/wp-json\/wp\/v2\/product\/2335","targetHints":{"allow":["GET"]}}],"collection":[{"href":"https:\/\/cosmoflag.com\/pl\/wp-json\/wp\/v2\/product"}],"about":[{"href":"https:\/\/cosmoflag.com\/pl\/wp-json\/wp\/v2\/types\/product"}],"replies":[{"embeddable":true,"href":"https:\/\/cosmoflag.com\/pl\/wp-json\/wp\/v2\/comments?post=2335"}],"wp:featuredmedia":[{"embeddable":true,"href":"https:\/\/cosmoflag.com\/pl\/wp-json\/wp\/v2\/media\/1812"}],"wp:attachment":[{"href":"https:\/\/cosmoflag.com\/pl\/wp-json\/wp\/v2\/media?parent=2335"}],"wp:term":[{"taxonomy":"product_brand","embeddable":true,"href":"https:\/\/cosmoflag.com\/pl\/wp-json\/wp\/v2\/product_brand?post=2335"},{"taxonomy":"product_cat","embeddable":true,"href":"https:\/\/cosmoflag.com\/pl\/wp-json\/wp\/v2\/product_cat?post=2335"},{"taxonomy":"product_tag","embeddable":true,"href":"https:\/\/cosmoflag.com\/pl\/wp-json\/wp\/v2\/product_tag?post=2335"}],"curies":[{"name":"wp","href":"https:\/\/api.w.org\/{rel}","templated":true}]}}