{"id":2333,"date":"2024-12-12T23:24:00","date_gmt":"2024-12-12T21:24:00","guid":{"rendered":"https:\/\/cosmoflag.com\/?post_type=product&#038;p=2333"},"modified":"2026-03-15T12:30:39","modified_gmt":"2026-03-15T10:30:39","slug":"flaga-kuby","status":"publish","type":"product","link":"https:\/\/cosmoflag.com\/pl\/produkt\/flaga-kuby\/","title":{"rendered":"Flaga Kuby"},"content":{"rendered":"<h3>Cechy kuba\u0144skiej flagi<\/h3>\n<p>Nasza kuba\u0144ska flaga jest wykonana z wysokiej jako\u015bci poliestru, dzi\u0119ki czemu idealnie nadaje si\u0119 do trwa\u0142ego u\u017cytku wewn\u0105trz i na zewn\u0105trz. Posiada metalowe przelotki u\u0142atwiaj\u0105ce monta\u017c i gwarantuj\u0105ce trwa\u0142o\u015b\u0107 nawet w niesprzyjaj\u0105cych warunkach pogodowych. Dost\u0119pna w rozmiarze 90 x 150 cm\/35 x 59 cali dla maksymalnej widoczno\u015bci, nasza flaga spe\u0142nia r\u00f3\u017cne potrzeby, niezale\u017cnie od tego, czy chcesz j\u0105 wyeksponowa\u0107 na maszcie, czy na \u015bcianie.<\/p>\n<h3>Symbol narodowy przesi\u0105kni\u0119ty histori\u0105<\/h3>\n<p>Flaga Kuby, oficjalnie przyj\u0119ta w 1902 r., ale zaprojektowana ju\u017c w 1849 r., sk\u0142ada si\u0119 z pi\u0119ciu naprzemiennych poziomych pas\u00f3w w kolorze niebieskim i bia\u0142ym, z czerwonym tr\u00f3jk\u0105tem r\u00f3wnobocznym na biegunie zawieraj\u0105cym bia\u0142\u0105 pi\u0119cioramienn\u0105 gwiazd\u0119. Trzy niebieskie pasy reprezentuj\u0105 departamenty, na kt\u00f3re Kuba by\u0142a podzielona w tamtym czasie, podczas gdy bia\u0142e pasy symbolizuj\u0105 czysto\u015b\u0107 idea\u0142u niepodleg\u0142o\u015bci. Czerwony tr\u00f3jk\u0105t symbolizuje krew przelan\u0105 za wolno\u015b\u0107, a gwiazda, zwana \u201cLa Estrella Solitaria\u201d (Samotna Gwiazda), reprezentuje niezale\u017cno\u015b\u0107 i wolno\u015b\u0107.<\/p>\n<h3>Wszechstronno\u015b\u0107 zastosowania<\/h3>\n<p>Niezale\u017cnie od tego, czy chodzi o uroczysto\u015bci narodowe, wydarzenia sportowe, wydarzenia kulturalne czy cele edukacyjne, kuba\u0144ska flaga jest odpowiednia na ka\u017cd\u0105 okazj\u0119. Solidna konstrukcja i odporne na blakni\u0119cie kolory sprawiaj\u0105, \u017ce flaga zachowuje swoje znaczenie i efekt wizualny przez d\u0142ugi czas.<\/p>","protected":false},"excerpt":{"rendered":"<p>Flaga o wymiarach 150 x 90 cm z 2 solidnymi metalowymi przelotkami do bezpiecznego zawieszenia.<\/p>","protected":false},"featured_media":1063,"comment_status":"open","ping_status":"closed","template":"","meta":{"_gspb_post_css":"","iawp_total_views":31},"product_brand":[],"product_cat":[62,58],"product_tag":[],"class_list":{"0":"post-2333","1":"product","2":"type-product","3":"status-publish","4":"has-post-thumbnail","6":"product_cat-north-america-flags","7":"product_cat-country-flags","9":"first","10":"instock","11":"sale","12":"shipping-taxable","13":"purchasable","14":"product-type-simple"},"_links":{"self":[{"href":"https:\/\/cosmoflag.com\/pl\/wp-json\/wp\/v2\/product\/2333","targetHints":{"allow":["GET"]}}],"collection":[{"href":"https:\/\/cosmoflag.com\/pl\/wp-json\/wp\/v2\/product"}],"about":[{"href":"https:\/\/cosmoflag.com\/pl\/wp-json\/wp\/v2\/types\/product"}],"replies":[{"embeddable":true,"href":"https:\/\/cosmoflag.com\/pl\/wp-json\/wp\/v2\/comments?post=2333"}],"wp:featuredmedia":[{"embeddable":true,"href":"https:\/\/cosmoflag.com\/pl\/wp-json\/wp\/v2\/media\/1063"}],"wp:attachment":[{"href":"https:\/\/cosmoflag.com\/pl\/wp-json\/wp\/v2\/media?parent=2333"}],"wp:term":[{"taxonomy":"product_brand","embeddable":true,"href":"https:\/\/cosmoflag.com\/pl\/wp-json\/wp\/v2\/product_brand?post=2333"},{"taxonomy":"product_cat","embeddable":true,"href":"https:\/\/cosmoflag.com\/pl\/wp-json\/wp\/v2\/product_cat?post=2333"},{"taxonomy":"product_tag","embeddable":true,"href":"https:\/\/cosmoflag.com\/pl\/wp-json\/wp\/v2\/product_tag?post=2333"}],"curies":[{"name":"wp","href":"https:\/\/api.w.org\/{rel}","templated":true}]}}