{"id":2332,"date":"2024-12-12T23:18:00","date_gmt":"2024-12-12T21:18:00","guid":{"rendered":"https:\/\/cosmoflag.com\/?post_type=product&#038;p=2332"},"modified":"2025-08-12T21:23:41","modified_gmt":"2025-08-12T19:23:41","slug":"feministyczna-flaga-lesbijska","status":"publish","type":"product","link":"https:\/\/cosmoflag.com\/pl\/produkt\/feministyczna-flaga-lesbijska\/","title":{"rendered":"Feministyczna flaga lesbijek"},"content":{"rendered":"<h3><strong>Cechy feministycznej flagi lesbijskiej<\/strong><\/h3>\n<p>Nasza flaga lesbijek jest wykonana z wysokiej jako\u015bci poliestru, dzi\u0119ki czemu idealnie nadaje si\u0119 do trwa\u0142ego u\u017cytku zar\u00f3wno wewn\u0105trz, jak i na zewn\u0105trz. Jest wyposa\u017cona w metalowe przelotki, kt\u00f3re u\u0142atwiaj\u0105 monta\u017c i zapewniaj\u0105 jej bezpiecze\u0144stwo nawet w trudnych warunkach pogodowych. Dost\u0119pna w rozmiarach 90 x 150 cm\/35 x 59 cali dla maksymalnej widoczno\u015bci, nasza flaga spe\u0142nia r\u00f3\u017cne potrzeby, niezale\u017cnie od tego, czy chcesz j\u0105 umie\u015bci\u0107 na maszcie, czy na \u015bcianie.<\/p>\n<h3><strong>Symbol narodowy bogaty w histori\u0119<\/strong><\/h3>\n<p>G\u0142\u00f3wnym symbolem flagi jest czarny labrys na fioletowym tle. Labrys jest historycznym symbolem spo\u0142eczno\u015bci feministycznej i lesbijskiej, przywo\u0142uj\u0105cym na my\u015bl si\u0142\u0119, niezale\u017cno\u015b\u0107 i solidarno\u015b\u0107. Fioletowe t\u0142o nawi\u0105zuje do kolor\u00f3w ruchu feministycznego, wzmacniaj\u0105c to\u017csamo\u015b\u0107 i jedno\u015b\u0107 spo\u0142eczno\u015bci.<\/p>\n<h3><strong>Wszechstronne zastosowanie<\/strong><\/h3>\n<p>Niezale\u017cnie od tego, czy chodzi o obchody dumy, spotkania feministyczne, wydarzenia kulturalne czy cele edukacyjne, feministyczna flaga lesbijska Labrys dostosowuje si\u0119 do wszystkich okazji. Solidna konstrukcja i odporne na blakni\u0119cie kolory zapewniaj\u0105, \u017ce flaga zachowa swoje znaczenie i efekt wizualny przez d\u0142ugi czas.<\/p>","protected":false},"excerpt":{"rendered":"<p>Flaga o wymiarach 150 x 90 cm z 2 solidnymi metalowymi przelotkami do bezpiecznego zawieszenia.<\/p>","protected":false},"featured_media":1200,"comment_status":"open","ping_status":"closed","template":"","meta":{"_gspb_post_css":"","iawp_total_views":15},"product_brand":[],"product_cat":[57],"product_tag":[],"class_list":{"0":"post-2332","1":"product","2":"type-product","3":"status-publish","4":"has-post-thumbnail","6":"product_cat-lgbt-flags","8":"first","9":"instock","10":"sale","11":"shipping-taxable","12":"purchasable","13":"product-type-simple"},"_links":{"self":[{"href":"https:\/\/cosmoflag.com\/pl\/wp-json\/wp\/v2\/product\/2332","targetHints":{"allow":["GET"]}}],"collection":[{"href":"https:\/\/cosmoflag.com\/pl\/wp-json\/wp\/v2\/product"}],"about":[{"href":"https:\/\/cosmoflag.com\/pl\/wp-json\/wp\/v2\/types\/product"}],"replies":[{"embeddable":true,"href":"https:\/\/cosmoflag.com\/pl\/wp-json\/wp\/v2\/comments?post=2332"}],"wp:featuredmedia":[{"embeddable":true,"href":"https:\/\/cosmoflag.com\/pl\/wp-json\/wp\/v2\/media\/1200"}],"wp:attachment":[{"href":"https:\/\/cosmoflag.com\/pl\/wp-json\/wp\/v2\/media?parent=2332"}],"wp:term":[{"taxonomy":"product_brand","embeddable":true,"href":"https:\/\/cosmoflag.com\/pl\/wp-json\/wp\/v2\/product_brand?post=2332"},{"taxonomy":"product_cat","embeddable":true,"href":"https:\/\/cosmoflag.com\/pl\/wp-json\/wp\/v2\/product_cat?post=2332"},{"taxonomy":"product_tag","embeddable":true,"href":"https:\/\/cosmoflag.com\/pl\/wp-json\/wp\/v2\/product_tag?post=2332"}],"curies":[{"name":"wp","href":"https:\/\/api.w.org\/{rel}","templated":true}]}}