{"id":2330,"date":"2024-12-12T23:02:00","date_gmt":"2024-12-12T21:02:00","guid":{"rendered":"https:\/\/cosmoflag.com\/?post_type=product&#038;p=2330"},"modified":"2025-08-12T21:23:42","modified_gmt":"2025-08-12T19:23:42","slug":"flaga-poliamorii","status":"publish","type":"product","link":"https:\/\/cosmoflag.com\/pl\/produkt\/flaga-poliamorii\/","title":{"rendered":"Flaga poliamorii"},"content":{"rendered":"<h3>Cechy flagi poliamorii<\/h3>\n<p>Nasza flaga z poliamorii jest wykonana z wysokiej jako\u015bci poliestru, dzi\u0119ki czemu idealnie nadaje si\u0119 do d\u0142ugotrwa\u0142ego u\u017cytkowania, zar\u00f3wno w pomieszczeniach, jak i na zewn\u0105trz. Posiada metalowe przelotki u\u0142atwiaj\u0105ce monta\u017c i gwarantuj\u0105ce trwa\u0142o\u015b\u0107 nawet w niesprzyjaj\u0105cych warunkach pogodowych. Dost\u0119pna w rozmiarze 90 x 150 cm\/35 59 cali dla maksymalnej widoczno\u015bci, nasza flaga spe\u0142nia r\u00f3\u017cne potrzeby, niezale\u017cnie od tego, czy chcesz j\u0105 wyeksponowa\u0107 na maszcie, czy na \u015bcianie.<\/p>\n<h3>Symbol narodowy przesi\u0105kni\u0119ty histori\u0105<\/h3>\n<p>Flaga ta sk\u0142ada si\u0119 z trzech poziomych pas\u00f3w w kolorach niebieskim, czerwonym i czarnym, z \u017c\u00f3\u0142tym symbolem \u03c0 po\u015brodku czerwonego paska. Niebieski symbolizuje otwarto\u015b\u0107 i szczero\u015b\u0107 w dynamice poliamorycznych zwi\u0105zk\u00f3w, czerwony symbolizuje mi\u0142o\u015b\u0107 i pasj\u0119, a czarny solidarno\u015b\u0107 z tymi, kt\u00f3rzy musz\u0105 ukrywa\u0107 swoje poliamoryczne zwi\u0105zki z powodu presji spo\u0142ecznej. Symbol \u03c0 jest pierwsz\u0105 liter\u0105 s\u0142owa \"poliamoria\" i reprezentuje niesko\u0144czone mo\u017cliwo\u015bci w zwi\u0105zkach mi\u0142osnych.<\/p>\n<h3>Wszechstronno\u015b\u0107 zastosowania<\/h3>\n<p>Niezale\u017cnie od tego, czy chodzi o obchody dumy, spotkania spo\u0142eczno\u015bci, konferencje na temat niemonogamii, czy te\u017c jako narz\u0119dzie edukacyjne w zakresie poliamorii, ta flaga jest idealnie dopasowana. Dzi\u0119ki solidnej konstrukcji i odpornym na blakni\u0119cie kolorom z dum\u0105 reprezentuje ruch poliamoryczny.<\/p>","protected":false},"excerpt":{"rendered":"<p>Flaga o wymiarach 150 x 90 cm z 2 solidnymi metalowymi przelotkami do bezpiecznego zawieszenia.<\/p>","protected":false},"featured_media":1328,"comment_status":"open","ping_status":"closed","template":"","meta":{"_gspb_post_css":"","iawp_total_views":25},"product_brand":[],"product_cat":[57],"product_tag":[],"class_list":{"0":"post-2330","1":"product","2":"type-product","3":"status-publish","4":"has-post-thumbnail","6":"product_cat-lgbt-flags","8":"first","9":"instock","10":"sale","11":"shipping-taxable","12":"purchasable","13":"product-type-simple"},"_links":{"self":[{"href":"https:\/\/cosmoflag.com\/pl\/wp-json\/wp\/v2\/product\/2330","targetHints":{"allow":["GET"]}}],"collection":[{"href":"https:\/\/cosmoflag.com\/pl\/wp-json\/wp\/v2\/product"}],"about":[{"href":"https:\/\/cosmoflag.com\/pl\/wp-json\/wp\/v2\/types\/product"}],"replies":[{"embeddable":true,"href":"https:\/\/cosmoflag.com\/pl\/wp-json\/wp\/v2\/comments?post=2330"}],"wp:featuredmedia":[{"embeddable":true,"href":"https:\/\/cosmoflag.com\/pl\/wp-json\/wp\/v2\/media\/1328"}],"wp:attachment":[{"href":"https:\/\/cosmoflag.com\/pl\/wp-json\/wp\/v2\/media?parent=2330"}],"wp:term":[{"taxonomy":"product_brand","embeddable":true,"href":"https:\/\/cosmoflag.com\/pl\/wp-json\/wp\/v2\/product_brand?post=2330"},{"taxonomy":"product_cat","embeddable":true,"href":"https:\/\/cosmoflag.com\/pl\/wp-json\/wp\/v2\/product_cat?post=2330"},{"taxonomy":"product_tag","embeddable":true,"href":"https:\/\/cosmoflag.com\/pl\/wp-json\/wp\/v2\/product_tag?post=2330"}],"curies":[{"name":"wp","href":"https:\/\/api.w.org\/{rel}","templated":true}]}}