{"id":2327,"date":"2024-12-12T22:50:00","date_gmt":"2024-12-12T20:50:00","guid":{"rendered":"https:\/\/cosmoflag.com\/?post_type=product&#038;p=2327"},"modified":"2025-08-12T21:23:42","modified_gmt":"2025-08-12T19:23:42","slug":"gejowska-flaga-kanady","status":"publish","type":"product","link":"https:\/\/cosmoflag.com\/pl\/produkt\/gejowska-flaga-kanady\/","title":{"rendered":"Flaga gejowskiej Kanady"},"content":{"rendered":"<h3>Cechy flagi gejowskiej Kanady<\/h3>\n<p>Nasza kanadyjska flaga dumy gejowskiej jest wykonana z wysokiej jako\u015bci poliestru, dzi\u0119ki czemu idealnie nadaje si\u0119 do d\u0142ugotrwa\u0142ego u\u017cytkowania, zar\u00f3wno wewn\u0105trz, jak i na zewn\u0105trz. Posiada metalowe przelotki u\u0142atwiaj\u0105ce monta\u017c i gwarantuj\u0105ce trwa\u0142o\u015b\u0107 nawet w niesprzyjaj\u0105cych warunkach pogodowych. Dost\u0119pna w rozmiarze 90 x 150 cm\/35 x 59 cali dla maksymalnej widoczno\u015bci, nasza flaga spe\u0142nia r\u00f3\u017cne potrzeby, niezale\u017cnie od tego, czy chcesz j\u0105 wyeksponowa\u0107 na s\u0142upie, czy na \u015bcianie.<\/p>\n<h3>Symbol przesi\u0105kni\u0119ty histori\u0105<\/h3>\n<p>Flaga \u0142\u0105czy w sobie elementy dumy gejowskiej z kultowymi kanadyjskimi symbolami. Zawiera kolory t\u0119czy, uniwersalny symbol spo\u0142eczno\u015bci LGBTQ+, z kanadyjskim czerwonym li\u015bciem klonu po\u015brodku, aby uczci\u0107 integracj\u0119 i r\u00f3\u017cnorodno\u015b\u0107 w kulturze kanadyjskiej.<\/p>\n<h3>Wszechstronne zastosowanie<\/h3>\n<p>Flaga Canadian Gay Pride, idealna na festiwale Pride, parady, spotkania spo\u0142eczno\u015bci lub jako element wspieraj\u0105cy, jest niezb\u0119dna dla ka\u017cdego, kto \u015bwi\u0119tuje r\u00f3\u017cnorodno\u015b\u0107 seksualn\u0105 i wolno\u015b\u0107 s\u0142owa w Kanadzie. Dzi\u0119ki trwa\u0142ej konstrukcji i \u017cywym kolorom flaga zosta\u0142a zaprojektowana z my\u015bl\u0105 o silnym, ci\u0105g\u0142ym wp\u0142ywie wizualnym.<\/p>","protected":false},"excerpt":{"rendered":"<p>Flaga o wymiarach 150 x 90 cm z 2 solidnymi metalowymi przelotkami do bezpiecznego zawieszenia.<\/p>","protected":false},"featured_media":1117,"comment_status":"open","ping_status":"closed","template":"","meta":{"_gspb_post_css":"","iawp_total_views":2},"product_brand":[],"product_cat":[57],"product_tag":[],"class_list":{"0":"post-2327","1":"product","2":"type-product","3":"status-publish","4":"has-post-thumbnail","6":"product_cat-lgbt-flags","8":"first","9":"instock","10":"sale","11":"shipping-taxable","12":"purchasable","13":"product-type-simple"},"_links":{"self":[{"href":"https:\/\/cosmoflag.com\/pl\/wp-json\/wp\/v2\/product\/2327","targetHints":{"allow":["GET"]}}],"collection":[{"href":"https:\/\/cosmoflag.com\/pl\/wp-json\/wp\/v2\/product"}],"about":[{"href":"https:\/\/cosmoflag.com\/pl\/wp-json\/wp\/v2\/types\/product"}],"replies":[{"embeddable":true,"href":"https:\/\/cosmoflag.com\/pl\/wp-json\/wp\/v2\/comments?post=2327"}],"wp:featuredmedia":[{"embeddable":true,"href":"https:\/\/cosmoflag.com\/pl\/wp-json\/wp\/v2\/media\/1117"}],"wp:attachment":[{"href":"https:\/\/cosmoflag.com\/pl\/wp-json\/wp\/v2\/media?parent=2327"}],"wp:term":[{"taxonomy":"product_brand","embeddable":true,"href":"https:\/\/cosmoflag.com\/pl\/wp-json\/wp\/v2\/product_brand?post=2327"},{"taxonomy":"product_cat","embeddable":true,"href":"https:\/\/cosmoflag.com\/pl\/wp-json\/wp\/v2\/product_cat?post=2327"},{"taxonomy":"product_tag","embeddable":true,"href":"https:\/\/cosmoflag.com\/pl\/wp-json\/wp\/v2\/product_tag?post=2327"}],"curies":[{"name":"wp","href":"https:\/\/api.w.org\/{rel}","templated":true}]}}