{"id":2322,"date":"2024-12-12T14:27:00","date_gmt":"2024-12-12T12:27:00","guid":{"rendered":"https:\/\/cosmoflag.com\/?post_type=product&#038;p=2322"},"modified":"2025-09-04T10:22:20","modified_gmt":"2025-09-04T08:22:20","slug":"flaga-lesbijska","status":"publish","type":"product","link":"https:\/\/cosmoflag.com\/pl\/produkt\/flaga-lesbijska\/","title":{"rendered":"Lesbijska flaga"},"content":{"rendered":"<h3>Cechy flagi lesbijskiej<\/h3>\n<p>Nasza flaga lesbijska jest wykonana z wysokiej jako\u015bci poliestru, dzi\u0119ki czemu idealnie nadaje si\u0119 do d\u0142ugotrwa\u0142ego u\u017cytkowania, zar\u00f3wno w pomieszczeniach, jak i na zewn\u0105trz. Posiada metalowe przelotki u\u0142atwiaj\u0105ce monta\u017c i gwarantuj\u0105ce trwa\u0142o\u015b\u0107 nawet w niesprzyjaj\u0105cych warunkach pogodowych. Dost\u0119pna w rozmiarze 90\u00d7150 cm\/35\u00d759 cali dla maksymalnej widoczno\u015bci, nasza flaga spe\u0142nia r\u00f3\u017cnorodne potrzeby, niezale\u017cnie od tego, czy chcesz j\u0105 umie\u015bci\u0107 na s\u0142upie, czy na \u015bcianie.<\/p>\n<h3>Symbol narodowy przesi\u0105kni\u0119ty histori\u0105<\/h3>\n<p>Flaga lesbijek ma paski w kolorach od pomara\u0144czowego do fioletowego, reprezentuj\u0105ce r\u00f3\u017cnorodno\u015b\u0107 i jedno\u015b\u0107 spo\u0142eczno\u015bci lesbijek. Ka\u017cdy kolor ma znaczenie, kt\u00f3re celebruje to\u017csamo\u015b\u0107 i solidarno\u015b\u0107 spo\u0142eczno\u015bci, odzwierciedlaj\u0105c bogactwo lesbijskiej r\u00f3\u017cnorodno\u015bci.<\/p>\n<h3>Wszechstronne zastosowanie<\/h3>\n<p>Idealna na obchody lesbijskiej dumy, wydarzenia spo\u0142eczno\u015bciowe, wydarzenia kulturalne lub jako narz\u0119dzie edukacyjne, ta flaga jest idealnie dopasowana. Jej trwa\u0142a konstrukcja i odporne na blakni\u0119cie kolory zapewniaj\u0105 dumn\u0105 i \u017cyw\u0105 reprezentacj\u0119 spo\u0142eczno\u015bci lesbijek.<\/p>","protected":false},"excerpt":{"rendered":"<p>Flaga o wymiarach 150 x 90 cm z 2 solidnymi metalowymi przelotkami do bezpiecznego zawieszenia.<\/p>","protected":false},"featured_media":1204,"comment_status":"open","ping_status":"closed","template":"","meta":{"_gspb_post_css":"","iawp_total_views":29},"product_brand":[],"product_cat":[57],"product_tag":[],"class_list":{"0":"post-2322","1":"product","2":"type-product","3":"status-publish","4":"has-post-thumbnail","6":"product_cat-lgbt-flags","8":"first","9":"instock","10":"sale","11":"shipping-taxable","12":"purchasable","13":"product-type-simple"},"_links":{"self":[{"href":"https:\/\/cosmoflag.com\/pl\/wp-json\/wp\/v2\/product\/2322","targetHints":{"allow":["GET"]}}],"collection":[{"href":"https:\/\/cosmoflag.com\/pl\/wp-json\/wp\/v2\/product"}],"about":[{"href":"https:\/\/cosmoflag.com\/pl\/wp-json\/wp\/v2\/types\/product"}],"replies":[{"embeddable":true,"href":"https:\/\/cosmoflag.com\/pl\/wp-json\/wp\/v2\/comments?post=2322"}],"wp:featuredmedia":[{"embeddable":true,"href":"https:\/\/cosmoflag.com\/pl\/wp-json\/wp\/v2\/media\/1204"}],"wp:attachment":[{"href":"https:\/\/cosmoflag.com\/pl\/wp-json\/wp\/v2\/media?parent=2322"}],"wp:term":[{"taxonomy":"product_brand","embeddable":true,"href":"https:\/\/cosmoflag.com\/pl\/wp-json\/wp\/v2\/product_brand?post=2322"},{"taxonomy":"product_cat","embeddable":true,"href":"https:\/\/cosmoflag.com\/pl\/wp-json\/wp\/v2\/product_cat?post=2322"},{"taxonomy":"product_tag","embeddable":true,"href":"https:\/\/cosmoflag.com\/pl\/wp-json\/wp\/v2\/product_tag?post=2322"}],"curies":[{"name":"wp","href":"https:\/\/api.w.org\/{rel}","templated":true}]}}