{"id":2318,"date":"2024-12-12T14:12:00","date_gmt":"2024-12-12T12:12:00","guid":{"rendered":"https:\/\/cosmoflag.com\/?post_type=product&#038;p=2318"},"modified":"2025-08-12T21:23:45","modified_gmt":"2025-08-12T19:23:45","slug":"flaga-dumy-filadelfii-lgbt","status":"publish","type":"product","link":"https:\/\/cosmoflag.com\/pl\/produkt\/flaga-dumy-filadelfii-lgbt\/","title":{"rendered":"Flaga LGBT Philadelphia Pride"},"content":{"rendered":"<h3>Cechy flagi LGBT Philadelphia Pride<\/h3>\n<p>Nasza flaga LGBT Philadelphia Pride jest wykonana z wysokiej jako\u015bci poliestru, dzi\u0119ki czemu idealnie nadaje si\u0119 do d\u0142ugotrwa\u0142ego u\u017cytkowania, zar\u00f3wno wewn\u0105trz, jak i na zewn\u0105trz. Posiada metalowe przelotki u\u0142atwiaj\u0105ce monta\u017c i gwarantuj\u0105ce trwa\u0142o\u015b\u0107 nawet w niesprzyjaj\u0105cych warunkach pogodowych. Dost\u0119pna w rozmiarze 90\u00d7150 cm\/35\u00d759 cali dla maksymalnej widoczno\u015bci, nasza flaga spe\u0142nia r\u00f3\u017cnorodne potrzeby, niezale\u017cnie od tego, czy chcesz j\u0105 umie\u015bci\u0107 na s\u0142upie, czy na \u015bcianie.<\/p>\n<p><strong>Symbol narodowy przesi\u0105kni\u0119ty histori\u0105<\/strong><\/p>\n<p>Flaga LGBT Philadelphia Pride dodaje dwa paski, jeden czarny i jeden br\u0105zowy, ponad tradycyjnymi sze\u015bcioma kolorami t\u0119czy flagi LGBTQ+ Pride. Dodatki te zosta\u0142y wprowadzone w celu podkre\u015blenia r\u00f3\u017cnorodno\u015bci i integracji, w szczeg\u00f3lno\u015bci w odniesieniu do os\u00f3b kolorowych w spo\u0142eczno\u015bci LGBTQ+. Ta wersja flagi zosta\u0142a wprowadzona w 2017 roku, aby wzmocni\u0107 widoczno\u015b\u0107 czarnych i br\u0105zowych os\u00f3b LGBTQ +, potwierdzaj\u0105c zaanga\u017cowanie wszystkich g\u0142os\u00f3w w spo\u0142eczno\u015bci.<\/p>\n<p><strong>Wszechstronno\u015b\u0107 zastosowania<\/strong><\/p>\n<p>Idealna na parady dumy, demonstracje, wydarzenia kulturalne lub jako narz\u0119dzie edukacyjne, flaga Philadelphia Pride jest pot\u0119\u017cnym symbolem integracji. Wytrzyma\u0142a konstrukcja i odporne na blakni\u0119cie kolory zapewniaj\u0105, \u017ce flaga zachowa sw\u00f3j efekt wizualny i znaczenie przez d\u0142ugi czas.<\/p>","protected":false},"excerpt":{"rendered":"<p>Flaga o wymiarach 150 x 90 cm z 2 solidnymi metalowymi przelotkami do bezpiecznego zawieszenia.<\/p>","protected":false},"featured_media":1206,"comment_status":"open","ping_status":"closed","template":"","meta":{"_gspb_post_css":"","iawp_total_views":12},"product_brand":[],"product_cat":[57],"product_tag":[],"class_list":{"0":"post-2318","1":"product","2":"type-product","3":"status-publish","4":"has-post-thumbnail","6":"product_cat-lgbt-flags","8":"first","9":"instock","10":"sale","11":"shipping-taxable","12":"purchasable","13":"product-type-simple"},"_links":{"self":[{"href":"https:\/\/cosmoflag.com\/pl\/wp-json\/wp\/v2\/product\/2318","targetHints":{"allow":["GET"]}}],"collection":[{"href":"https:\/\/cosmoflag.com\/pl\/wp-json\/wp\/v2\/product"}],"about":[{"href":"https:\/\/cosmoflag.com\/pl\/wp-json\/wp\/v2\/types\/product"}],"replies":[{"embeddable":true,"href":"https:\/\/cosmoflag.com\/pl\/wp-json\/wp\/v2\/comments?post=2318"}],"wp:featuredmedia":[{"embeddable":true,"href":"https:\/\/cosmoflag.com\/pl\/wp-json\/wp\/v2\/media\/1206"}],"wp:attachment":[{"href":"https:\/\/cosmoflag.com\/pl\/wp-json\/wp\/v2\/media?parent=2318"}],"wp:term":[{"taxonomy":"product_brand","embeddable":true,"href":"https:\/\/cosmoflag.com\/pl\/wp-json\/wp\/v2\/product_brand?post=2318"},{"taxonomy":"product_cat","embeddable":true,"href":"https:\/\/cosmoflag.com\/pl\/wp-json\/wp\/v2\/product_cat?post=2318"},{"taxonomy":"product_tag","embeddable":true,"href":"https:\/\/cosmoflag.com\/pl\/wp-json\/wp\/v2\/product_tag?post=2318"}],"curies":[{"name":"wp","href":"https:\/\/api.w.org\/{rel}","templated":true}]}}