{"id":2317,"date":"2024-12-12T14:05:00","date_gmt":"2024-12-12T12:05:00","guid":{"rendered":"https:\/\/cosmoflag.com\/?post_type=product&#038;p=2317"},"modified":"2025-08-12T21:23:45","modified_gmt":"2025-08-12T19:23:45","slug":"bezplciowa-flaga","status":"publish","type":"product","link":"https:\/\/cosmoflag.com\/pl\/produkt\/bezplciowa-flaga\/","title":{"rendered":"Bezp\u0142ciowa flaga"},"content":{"rendered":"<h3>Cechy flagi bezp\u0142ciowej<\/h3>\n<p>Nasza bezp\u0142ciowa flaga jest wykonana z wysokiej jako\u015bci poliestru, dzi\u0119ki czemu idealnie nadaje si\u0119 do d\u0142ugotrwa\u0142ego u\u017cytkowania, zar\u00f3wno w pomieszczeniach, jak i na zewn\u0105trz. Posiada metalowe przelotki u\u0142atwiaj\u0105ce monta\u017c i gwarantuj\u0105ce trwa\u0142o\u015b\u0107 nawet w niesprzyjaj\u0105cych warunkach pogodowych. Dost\u0119pna w rozmiarze 90\u00d7150 cm\/35\u00d759 cali dla maksymalnej widoczno\u015bci, nasza flaga spe\u0142nia r\u00f3\u017cnorodne potrzeby, niezale\u017cnie od tego, czy chcesz j\u0105 umie\u015bci\u0107 na maszcie, czy na \u015bcianie.<\/p>\n<h3>Symbol narodowy przesi\u0105kni\u0119ty histori\u0105<\/h3>\n<p>Aseksualna flaga sk\u0142ada si\u0119 z czterech poziomych pas\u00f3w: czarnego na g\u00f3rze, reprezentuj\u0105cego aseksualno\u015b\u0107; szarego poni\u017cej, symbolizuj\u0105cego szar\u0105 stref\u0119 mi\u0119dzy aseksualno\u015bci\u0105 a seksualno\u015bci\u0105; bia\u0142ego, reprezentuj\u0105cego seksualno\u015b\u0107; i fioletowego na dole, symbolizuj\u0105cego spo\u0142eczno\u015b\u0107. Flaga ta zosta\u0142a stworzona, aby zapewni\u0107 wi\u0119ksz\u0105 widoczno\u015b\u0107 spo\u0142eczno\u015bci aseksualnej oraz symbolizowa\u0107 integracj\u0119 i r\u00f3\u017cnorodno\u015b\u0107 w ramach tej spo\u0142eczno\u015bci.<\/p>\n<h3>Wszechstronno\u015b\u0107 zastosowania<\/h3>\n<p>Niezale\u017cnie od tego, czy chodzi o parady dumy, spotkania spo\u0142eczno\u015bci, wydarzenia kulturalne czy narz\u0119dzie edukacyjne, flaga aseksualna doskonale nadaje si\u0119 na wszystkie te okazje. Solidna konstrukcja i odporne na blakni\u0119cie kolory zapewniaj\u0105, \u017ce flaga z czasem zachowa swoje znaczenie i efekt wizualny.<\/p>","protected":false},"excerpt":{"rendered":"<p>Flaga o wymiarach 150 x 90 cm z 2 solidnymi metalowymi przelotkami do bezpiecznego zawieszenia.<\/p>","protected":false},"featured_media":978,"comment_status":"open","ping_status":"closed","template":"","meta":{"_gspb_post_css":"","iawp_total_views":11},"product_brand":[],"product_cat":[57],"product_tag":[],"class_list":{"0":"post-2317","1":"product","2":"type-product","3":"status-publish","4":"has-post-thumbnail","6":"product_cat-lgbt-flags","8":"first","9":"instock","10":"sale","11":"shipping-taxable","12":"purchasable","13":"product-type-simple"},"_links":{"self":[{"href":"https:\/\/cosmoflag.com\/pl\/wp-json\/wp\/v2\/product\/2317","targetHints":{"allow":["GET"]}}],"collection":[{"href":"https:\/\/cosmoflag.com\/pl\/wp-json\/wp\/v2\/product"}],"about":[{"href":"https:\/\/cosmoflag.com\/pl\/wp-json\/wp\/v2\/types\/product"}],"replies":[{"embeddable":true,"href":"https:\/\/cosmoflag.com\/pl\/wp-json\/wp\/v2\/comments?post=2317"}],"wp:featuredmedia":[{"embeddable":true,"href":"https:\/\/cosmoflag.com\/pl\/wp-json\/wp\/v2\/media\/978"}],"wp:attachment":[{"href":"https:\/\/cosmoflag.com\/pl\/wp-json\/wp\/v2\/media?parent=2317"}],"wp:term":[{"taxonomy":"product_brand","embeddable":true,"href":"https:\/\/cosmoflag.com\/pl\/wp-json\/wp\/v2\/product_brand?post=2317"},{"taxonomy":"product_cat","embeddable":true,"href":"https:\/\/cosmoflag.com\/pl\/wp-json\/wp\/v2\/product_cat?post=2317"},{"taxonomy":"product_tag","embeddable":true,"href":"https:\/\/cosmoflag.com\/pl\/wp-json\/wp\/v2\/product_tag?post=2317"}],"curies":[{"name":"wp","href":"https:\/\/api.w.org\/{rel}","templated":true}]}}