{"id":2315,"date":"2024-12-12T13:56:00","date_gmt":"2024-12-12T11:56:00","guid":{"rendered":"https:\/\/cosmoflag.com\/?post_type=product&#038;p=2315"},"modified":"2025-08-12T21:23:46","modified_gmt":"2025-08-12T19:23:46","slug":"flaga-biseksualna","status":"publish","type":"product","link":"https:\/\/cosmoflag.com\/pl\/produkt\/flaga-biseksualna\/","title":{"rendered":"Flaga biseksualna"},"content":{"rendered":"<h3>Cechy flagi biseksualnej<\/h3>\n<p>Nasza flaga biseksualna jest wykonana z wysokiej jako\u015bci poliestru, dzi\u0119ki czemu idealnie nadaje si\u0119 do d\u0142ugotrwa\u0142ego u\u017cytkowania, zar\u00f3wno w pomieszczeniach, jak i na zewn\u0105trz. Posiada metalowe przelotki u\u0142atwiaj\u0105ce monta\u017c i gwarantuj\u0105ce trwa\u0142o\u015b\u0107 nawet w niesprzyjaj\u0105cych warunkach pogodowych. Dost\u0119pna w rozmiarze 90\u00d7150 cm\/35\u00d759 cali dla maksymalnej widoczno\u015bci, nasza flaga spe\u0142nia r\u00f3\u017cnorodne potrzeby, niezale\u017cnie od tego, czy chcesz j\u0105 umie\u015bci\u0107 na s\u0142upie, czy na \u015bcianie.<\/p>\n<h3>Symbol narodowy przesi\u0105kni\u0119ty histori\u0105<\/h3>\n<p>Flaga biseksualna sk\u0142ada si\u0119 z trzech poziomych pask\u00f3w: r\u00f3\u017cowego paska u g\u00f3ry oznaczaj\u0105cego poci\u0105g homoseksualny, niebieskiego paska u do\u0142u oznaczaj\u0105cego poci\u0105g heteroseksualny oraz fioletowego paska po\u015brodku reprezentuj\u0105cego poci\u0105g do obu p\u0142ci. Flaga ta zosta\u0142a stworzona w celu zwi\u0119kszenia widoczno\u015bci os\u00f3b biseksualnych w spo\u0142eczno\u015bci LGBTQ+ i poza ni\u0105, podkre\u015blaj\u0105c r\u00f3\u017cnorodno\u015b\u0107 atrakcji seksualnych.<\/p>\n<h3>Wszechstronne zastosowanie<\/h3>\n<p>Idealna na wydarzenia zwi\u0105zane z dum\u0105, spotkania spo\u0142eczno\u015bci, wydarzenia kulturalne lub jako narz\u0119dzie edukacyjne na temat biseksualno\u015bci, flaga biseksualna doskonale nadaje si\u0119 na wszystkie te okazje. Jej trwa\u0142a konstrukcja i odporne na blakni\u0119cie kolory zapewniaj\u0105, \u017ce flaga zachowa swoje pi\u0119kno i znaczenie.<\/p>","protected":false},"excerpt":{"rendered":"<p>Flaga o wymiarach 150 x 90 cm z 2 solidnymi metalowymi przelotkami do bezpiecznego zawieszenia.<\/p>","protected":false},"featured_media":1010,"comment_status":"open","ping_status":"closed","template":"","meta":{"_gspb_post_css":"","iawp_total_views":26},"product_brand":[],"product_cat":[57],"product_tag":[],"class_list":{"0":"post-2315","1":"product","2":"type-product","3":"status-publish","4":"has-post-thumbnail","6":"product_cat-lgbt-flags","8":"first","9":"instock","10":"sale","11":"shipping-taxable","12":"purchasable","13":"product-type-simple"},"_links":{"self":[{"href":"https:\/\/cosmoflag.com\/pl\/wp-json\/wp\/v2\/product\/2315","targetHints":{"allow":["GET"]}}],"collection":[{"href":"https:\/\/cosmoflag.com\/pl\/wp-json\/wp\/v2\/product"}],"about":[{"href":"https:\/\/cosmoflag.com\/pl\/wp-json\/wp\/v2\/types\/product"}],"replies":[{"embeddable":true,"href":"https:\/\/cosmoflag.com\/pl\/wp-json\/wp\/v2\/comments?post=2315"}],"wp:featuredmedia":[{"embeddable":true,"href":"https:\/\/cosmoflag.com\/pl\/wp-json\/wp\/v2\/media\/1010"}],"wp:attachment":[{"href":"https:\/\/cosmoflag.com\/pl\/wp-json\/wp\/v2\/media?parent=2315"}],"wp:term":[{"taxonomy":"product_brand","embeddable":true,"href":"https:\/\/cosmoflag.com\/pl\/wp-json\/wp\/v2\/product_brand?post=2315"},{"taxonomy":"product_cat","embeddable":true,"href":"https:\/\/cosmoflag.com\/pl\/wp-json\/wp\/v2\/product_cat?post=2315"},{"taxonomy":"product_tag","embeddable":true,"href":"https:\/\/cosmoflag.com\/pl\/wp-json\/wp\/v2\/product_tag?post=2315"}],"curies":[{"name":"wp","href":"https:\/\/api.w.org\/{rel}","templated":true}]}}