{"id":2313,"date":"2024-12-12T13:49:00","date_gmt":"2024-12-12T11:49:00","guid":{"rendered":"https:\/\/cosmoflag.com\/?post_type=product&#038;p=2313"},"modified":"2026-01-12T00:18:30","modified_gmt":"2026-01-11T22:18:30","slug":"flaga-transplciowa","status":"publish","type":"product","link":"https:\/\/cosmoflag.com\/pl\/produkt\/flaga-transplciowa\/","title":{"rendered":"Flaga transp\u0142ciowa"},"content":{"rendered":"<h3>Cechy flagi transp\u0142ciowej<\/h3>\n<p>Nasza flaga transgenderowa jest wykonana z wysokiej jako\u015bci poliestru, dzi\u0119ki czemu idealnie nadaje si\u0119 do d\u0142ugotrwa\u0142ego u\u017cytkowania, zar\u00f3wno wewn\u0105trz, jak i na zewn\u0105trz. Posiada metalowe przelotki u\u0142atwiaj\u0105ce monta\u017c i gwarantuj\u0105ce trwa\u0142o\u015b\u0107 nawet w niesprzyjaj\u0105cych warunkach pogodowych. Dost\u0119pna w rozmiarze 90\u00d7150 cm\/35\u00d759 cali, dla maksymalnej widoczno\u015bci, nasza flaga spe\u0142nia r\u00f3\u017cnorodne potrzeby, niezale\u017cnie od tego, czy chcesz j\u0105 umie\u015bci\u0107 na s\u0142upie, czy na \u015bcianie.<\/p>\n<h3>Symbol narodowy przesi\u0105kni\u0119ty histori\u0105<\/h3>\n<p>Flaga transp\u0142ciowa, zaprojektowana przez Monik\u0119 Helms w 1999 roku, sk\u0142ada si\u0119 z pi\u0119ciu poziomych pas\u00f3w: dw\u00f3ch niebieskich, dw\u00f3ch r\u00f3\u017cowych i jednego bia\u0142ego po\u015brodku. Kolory niebieski i r\u00f3\u017cowy tradycyjnie reprezentuj\u0105 ch\u0142opc\u00f3w i dziewczynki, podczas gdy bia\u0142y symbolizuje osoby niebinarne, odzwierciedlaj\u0105c r\u00f3\u017cnorodno\u015b\u0107 to\u017csamo\u015bci transp\u0142ciowych.<\/p>\n<h3>Wszechstronno\u015b\u0107 zastosowania<\/h3>\n<p>Niezale\u017cnie od tego, czy chodzi o parady dumy, wydarzenia spo\u0142eczne, wydarzenia kulturalne czy narz\u0119dzie edukacyjne, flaga transp\u0142ciowa jest pot\u0119\u017cnym symbolem widoczno\u015bci i dumy. Solidna konstrukcja i odporne na blakni\u0119cie kolory zapewniaj\u0105, \u017ce flaga z czasem zachowa swoje znaczenie i efekt wizualny.<\/p>","protected":false},"excerpt":{"rendered":"<p>Flaga o wymiarach 150 x 90 cm z 2 solidnymi metalowymi przelotkami do bezpiecznego zawieszenia.<\/p>","protected":false},"featured_media":1430,"comment_status":"open","ping_status":"closed","template":"","meta":{"_gspb_post_css":"","iawp_total_views":41},"product_brand":[],"product_cat":[57],"product_tag":[],"class_list":{"0":"post-2313","1":"product","2":"type-product","3":"status-publish","4":"has-post-thumbnail","6":"product_cat-lgbt-flags","8":"first","9":"instock","10":"sale","11":"shipping-taxable","12":"purchasable","13":"product-type-simple"},"_links":{"self":[{"href":"https:\/\/cosmoflag.com\/pl\/wp-json\/wp\/v2\/product\/2313","targetHints":{"allow":["GET"]}}],"collection":[{"href":"https:\/\/cosmoflag.com\/pl\/wp-json\/wp\/v2\/product"}],"about":[{"href":"https:\/\/cosmoflag.com\/pl\/wp-json\/wp\/v2\/types\/product"}],"replies":[{"embeddable":true,"href":"https:\/\/cosmoflag.com\/pl\/wp-json\/wp\/v2\/comments?post=2313"}],"wp:featuredmedia":[{"embeddable":true,"href":"https:\/\/cosmoflag.com\/pl\/wp-json\/wp\/v2\/media\/1430"}],"wp:attachment":[{"href":"https:\/\/cosmoflag.com\/pl\/wp-json\/wp\/v2\/media?parent=2313"}],"wp:term":[{"taxonomy":"product_brand","embeddable":true,"href":"https:\/\/cosmoflag.com\/pl\/wp-json\/wp\/v2\/product_brand?post=2313"},{"taxonomy":"product_cat","embeddable":true,"href":"https:\/\/cosmoflag.com\/pl\/wp-json\/wp\/v2\/product_cat?post=2313"},{"taxonomy":"product_tag","embeddable":true,"href":"https:\/\/cosmoflag.com\/pl\/wp-json\/wp\/v2\/product_tag?post=2313"}],"curies":[{"name":"wp","href":"https:\/\/api.w.org\/{rel}","templated":true}]}}