{"id":2312,"date":"2024-12-12T13:43:00","date_gmt":"2024-12-12T11:43:00","guid":{"rendered":"https:\/\/cosmoflag.com\/?post_type=product&#038;p=2312"},"modified":"2026-04-04T13:27:14","modified_gmt":"2026-04-04T11:27:14","slug":"interplciowy-postep-flaga-dumy","status":"publish","type":"product","link":"https:\/\/cosmoflag.com\/pl\/produkt\/interplciowy-postep-flaga-dumy\/","title":{"rendered":"Interp\u0142ciowy Progress Pride Flag"},"content":{"rendered":"<h3>Cechy interp\u0142ciowej flagi Progress Pride<\/h3>\n<p>Nasza flaga Intersex Progress Pride jest wykonana z wysokiej jako\u015bci poliestru, dzi\u0119ki czemu idealnie nadaje si\u0119 do d\u0142ugotrwa\u0142ego u\u017cytkowania, zar\u00f3wno w pomieszczeniach, jak i na zewn\u0105trz. Posiada metalowe przelotki u\u0142atwiaj\u0105ce monta\u017c i gwarantuj\u0105ce trwa\u0142o\u015b\u0107 nawet w niesprzyjaj\u0105cych warunkach pogodowych. Dost\u0119pna w rozmiarze 90 x 150 cm dla maksymalnej widoczno\u015bci, nasza flaga spe\u0142nia r\u00f3\u017cnorodne potrzeby, niezale\u017cnie od tego, czy chcesz j\u0105 umie\u015bci\u0107 na maszcie, czy na \u015bcianie.<\/p>\n<h3>Symbol narodowy przesi\u0105kni\u0119ty histori\u0105<\/h3>\n<p>Flaga Intersex Progress Pride zawiera projekt tradycyjnej flagi Progress Pride z dodatkiem fioletowego ko\u0142a na \u017c\u00f3\u0142tym tle w prawym pasie strza\u0142ki, symbolizuj\u0105cym spo\u0142eczno\u015b\u0107 interp\u0142ciow\u0105. Ten innowacyjny projekt podkre\u015bla znaczenie integracji i widoczno\u015bci os\u00f3b interp\u0142ciowych w spo\u0142eczno\u015bci LGBTQ+. Flaga celebruje r\u00f3wnie\u017c wk\u0142ad i odporno\u015b\u0107 os\u00f3b transp\u0142ciowych, kolorowych i interp\u0142ciowych.<\/p>\n<h3>Wszechstronno\u015b\u0107 zastosowania<\/h3>\n<p>Idealna na parady dumy, wydarzenia spo\u0142eczne, demonstracje kulturowe lub jako narz\u0119dzie edukacyjne, flaga ta jest pot\u0119\u017cnym symbolem integracji. Wytrzyma\u0142a konstrukcja i odporne na blakni\u0119cie kolory zapewniaj\u0105, \u017ce flaga zachowa sw\u00f3j efekt wizualny i znaczenie przez d\u0142ugi czas.<\/p>","protected":false},"excerpt":{"rendered":"<p>Flaga o wymiarach 150 x 90 cm z 2 solidnymi metalowymi przelotkami do bezpiecznego zawieszenia.<\/p>","protected":false},"featured_media":1151,"comment_status":"open","ping_status":"closed","template":"","meta":{"_gspb_post_css":"","iawp_total_views":42},"product_brand":[],"product_cat":[57],"product_tag":[],"class_list":{"0":"post-2312","1":"product","2":"type-product","3":"status-publish","4":"has-post-thumbnail","6":"product_cat-lgbt-flags","8":"first","9":"instock","10":"sale","11":"shipping-taxable","12":"purchasable","13":"product-type-simple"},"_links":{"self":[{"href":"https:\/\/cosmoflag.com\/pl\/wp-json\/wp\/v2\/product\/2312","targetHints":{"allow":["GET"]}}],"collection":[{"href":"https:\/\/cosmoflag.com\/pl\/wp-json\/wp\/v2\/product"}],"about":[{"href":"https:\/\/cosmoflag.com\/pl\/wp-json\/wp\/v2\/types\/product"}],"replies":[{"embeddable":true,"href":"https:\/\/cosmoflag.com\/pl\/wp-json\/wp\/v2\/comments?post=2312"}],"wp:featuredmedia":[{"embeddable":true,"href":"https:\/\/cosmoflag.com\/pl\/wp-json\/wp\/v2\/media\/1151"}],"wp:attachment":[{"href":"https:\/\/cosmoflag.com\/pl\/wp-json\/wp\/v2\/media?parent=2312"}],"wp:term":[{"taxonomy":"product_brand","embeddable":true,"href":"https:\/\/cosmoflag.com\/pl\/wp-json\/wp\/v2\/product_brand?post=2312"},{"taxonomy":"product_cat","embeddable":true,"href":"https:\/\/cosmoflag.com\/pl\/wp-json\/wp\/v2\/product_cat?post=2312"},{"taxonomy":"product_tag","embeddable":true,"href":"https:\/\/cosmoflag.com\/pl\/wp-json\/wp\/v2\/product_tag?post=2312"}],"curies":[{"name":"wp","href":"https:\/\/api.w.org\/{rel}","templated":true}]}}