{"id":2561,"date":"2025-01-01T18:47:53","date_gmt":"2025-01-01T18:47:53","guid":{"rendered":"https:\/\/cosmoflag.com\/?page_id=2561"},"modified":"2025-01-01T18:47:54","modified_gmt":"2025-01-01T18:47:54","slug":"polityka-zwrotow-i-refundacji","status":"publish","type":"page","link":"https:\/\/cosmoflag.com\/pl\/polityka-zwrotow-i-refundacji\/","title":{"rendered":"Polityka zwrot\u00f3w i refundacji"},"content":{"rendered":"<p><strong>Polityka zwrot\u00f3w<\/strong><br>Klienci <strong>Cosmoflag<\/strong> maj\u0105 14 dni od daty otrzymania zam\u00f3wienia na zainicjowanie zwrotu. Aby rozpocz\u0105\u0107 proces zwrotu, nale\u017cy przes\u0142a\u0107 pro\u015bb\u0119 za po\u015brednictwem formularza kontaktowego na naszej stronie internetowej lub wys\u0142a\u0107 do nas wiadomo\u015b\u0107 e-mail bezpo\u015brednio na adres <strong><a>info@cosmoflag.com<\/a><\/strong>, w tym numer zam\u00f3wienia.<\/p>\n\n\n\n<hr class=\"wp-block-separator has-alpha-channel-opacity\"\/>\n\n\n\n<h3 class=\"wp-block-heading has-medium-font-size\" id=\"condition-of-returned-items\"><strong>STAN ZWRACANYCH PRZEDMIOT\u00d3W<\/strong><\/h3>\n\n\n\n<p>Produkty musz\u0105 by\u0107 zwr\u00f3cone w oryginalnym stanie i zawiera\u0107 wszystkie elementy (opakowanie, akcesoria i instrukcje obs\u0142ugi). Klient mo\u017ce zosta\u0107 poci\u0105gni\u0119ty do odpowiedzialno\u015bci za wszelkie uszkodzenia produktu podczas procesu zwrotu, co mo\u017ce uniewa\u017cni\u0107 prawo do zwrotu lub wymiany.<\/p>\n\n\n\n<hr class=\"wp-block-separator has-alpha-channel-opacity\"\/>\n\n\n\n<h3 class=\"wp-block-heading has-medium-font-size\" id=\"return-shipping-costs\"><strong>KOSZTY WYSY\u0141KI ZWROTNEJ<\/strong><\/h3>\n\n\n\n<p>Koszty przesy\u0142ki zwrotnej ponosi klient. Zalecamy skorzystanie ze \u015bledzonej us\u0142ugi zwrotu, aby unikn\u0105\u0107 spor\u00f3w dotycz\u0105cych odbioru zwracanego przedmiotu.<\/p>\n\n\n\n<hr class=\"wp-block-separator has-alpha-channel-opacity\"\/>\n\n\n\n<h3 class=\"wp-block-heading has-medium-font-size\" id=\"defective-or-incorrect-items\"><strong>WADLIWE LUB NIEPRAWID\u0141OWE ELEMENTY<\/strong><\/h3>\n\n\n\n<p>Je\u015bli otrzymasz wadliwy lub nieprawid\u0142owy produkt, skontaktuj si\u0119 z naszym dzia\u0142em obs\u0142ugi klienta w ci\u0105gu <strong>48 godzin<\/strong> od otrzymania zam\u00f3wienia. Nale\u017cy do\u0142\u0105czy\u0107 szczeg\u00f3\u0142owy opis i zdj\u0119cia wad oraz wys\u0142a\u0107 je na adres <strong><a>info@cosmoflag.com<\/a><\/strong>. Reklamacje z\u0142o\u017cone po up\u0142ywie 48 godzin mog\u0105 zosta\u0107 odrzucone.<\/p>\n\n\n\n<hr class=\"wp-block-separator has-alpha-channel-opacity\"\/>\n\n\n\n<h3 class=\"wp-block-heading has-medium-font-size\" id=\"exclusions\"><strong>WY\u0141\u0104CZENIA<\/strong><\/h3>\n\n\n\n<ul class=\"wp-block-list\">\n<li>Do zwrotu kwalifikuj\u0105 si\u0119 wy\u0142\u0105cznie produkty w regularnej cenie.<\/li>\n\n\n\n<li>Przedmioty wyprzeda\u017cy nie podlegaj\u0105 zwrotowi.<\/li>\n\n\n\n<li>Je\u015bli zam\u00f3wienie zawiera\u0142o darmowy przedmiot (np. z powodu specjalnej promocji lub b\u0142\u0119du w dostawie) i zwracasz przedmioty, za kt\u00f3re otrzyma\u0142e\u015b prezent, darmowy przedmiot r\u00f3wnie\u017c musi zosta\u0107 zwr\u00f3cony.<\/li>\n<\/ul>\n\n\n\n<hr class=\"wp-block-separator has-alpha-channel-opacity\"\/>\n\n\n\n<h3 class=\"wp-block-heading has-medium-font-size\" id=\"refund-procedure\"><strong>PROCEDURA ZWROTU<\/strong><\/h3>\n\n\n\n<p>Je\u015bli zwrot zostanie zatwierdzony, zostanie on przetworzony, a kredyt zostanie automatycznie zastosowany do karty kredytowej lub oryginalnej metody p\u0142atno\u015bci w ci\u0105gu kilku dni. <strong>10 dni roboczych<\/strong> od otrzymania zwr\u00f3conego przedmiotu.<\/p>\n\n\n\n<hr class=\"wp-block-separator has-alpha-channel-opacity\"\/>\n\n\n\n<h3 class=\"wp-block-heading has-medium-font-size\" id=\"shipping-cost-refunds\"><strong>ZWROTY KOSZT\u00d3W WYSY\u0141KI<\/strong><\/h3>\n\n\n\n<ul class=\"wp-block-list\">\n<li>Pocz\u0105tkowe koszty wysy\u0142ki nie podlegaj\u0105 zwrotowi.<\/li>\n\n\n\n<li>W przypadku otrzymania zwrotu koszt\u00f3w, op\u0142aty za przesy\u0142k\u0119 zwrotn\u0105 nie zostan\u0105 uwzgl\u0119dnione w zwracanej kwocie.<\/li>\n\n\n\n<li>Klienci s\u0105 odpowiedzialni za koszty wysy\u0142ki zwrotnej i zalecamy skorzystanie ze \u015bledzonej us\u0142ugi dostawy, aby upewni\u0107 si\u0119, \u017ce zwrot zostanie odebrany.<\/li>\n<\/ul>\n\n\n\n<hr class=\"wp-block-separator has-alpha-channel-opacity\"\/>\n\n\n\n<h3 class=\"wp-block-heading has-medium-font-size\" id=\"fair-return-policy\"><strong>UCZCIWA POLITYKA ZWROT\u00d3W<\/strong><\/h3>\n\n\n\n<p>Niniejsza polityka zwrot\u00f3w i refundacji zosta\u0142a opracowana tak, aby by\u0142a sprawiedliwa dla wszystkich stron, chroni\u0105c zar\u00f3wno interesy naszych klient\u00f3w, jak i interesy <strong>Cosmoflag<\/strong>. D\u0105\u017cymy do sprawnego i uczciwego rozwi\u0105zywania problem\u00f3w i zach\u0119camy klient\u00f3w do kontaktowania si\u0119 z nami w razie ich wyst\u0105pienia.<\/p>\n\n\n\n<hr class=\"wp-block-separator has-alpha-channel-opacity\"\/>\n\n\n\n<h3 class=\"wp-block-heading has-medium-font-size\" id=\"contact-us\"><strong>Kontakt<\/strong><\/h3>\n\n\n\n<p>W przypadku dalszych pyta\u0144 lub wyja\u015bnie\u0144 prosimy o kontakt z naszym zespo\u0142em obs\u0142ugi klienta pod podanym adresem e-mail. Jeste\u015bmy tutaj, aby pom\u00f3c Ci przej\u015b\u0107 przez proces zwrotu i zapewni\u0107 Ci satysfakcj\u0119.<\/p>","protected":false},"excerpt":{"rendered":"<p>Return PolicyCustomers of Cosmoflag have 14 days from the date of receiving their order to initiate a return. To start the return process, please submit a request via the contact form on our website or email us directly at info@cosmoflag.com, including your order number. CONDITION OF RETURNED ITEMS Items must be returned in their original [&hellip;]<\/p>\n","protected":false},"author":1,"featured_media":0,"parent":0,"menu_order":0,"comment_status":"closed","ping_status":"closed","template":"","meta":{"_gspb_post_css":"","iawp_total_views":4,"footnotes":""},"class_list":["post-2561","page","type-page","status-publish","hentry"],"blocksy_meta":[],"_links":{"self":[{"href":"https:\/\/cosmoflag.com\/pl\/wp-json\/wp\/v2\/pages\/2561","targetHints":{"allow":["GET"]}}],"collection":[{"href":"https:\/\/cosmoflag.com\/pl\/wp-json\/wp\/v2\/pages"}],"about":[{"href":"https:\/\/cosmoflag.com\/pl\/wp-json\/wp\/v2\/types\/page"}],"author":[{"embeddable":true,"href":"https:\/\/cosmoflag.com\/pl\/wp-json\/wp\/v2\/users\/1"}],"replies":[{"embeddable":true,"href":"https:\/\/cosmoflag.com\/pl\/wp-json\/wp\/v2\/comments?post=2561"}],"version-history":[{"count":0,"href":"https:\/\/cosmoflag.com\/pl\/wp-json\/wp\/v2\/pages\/2561\/revisions"}],"wp:attachment":[{"href":"https:\/\/cosmoflag.com\/pl\/wp-json\/wp\/v2\/media?parent=2561"}],"curies":[{"name":"wp","href":"https:\/\/api.w.org\/{rel}","templated":true}]}}