{"id":2557,"date":"2025-01-01T18:37:03","date_gmt":"2025-01-01T18:37:03","guid":{"rendered":"https:\/\/cosmoflag.com\/?page_id=2557"},"modified":"2025-01-01T20:53:53","modified_gmt":"2025-01-01T20:53:53","slug":"nota-prawna","status":"publish","type":"page","link":"https:\/\/cosmoflag.com\/pl\/nota-prawna\/","title":{"rendered":"Nota prawna"},"content":{"rendered":"<h3 class=\"wp-block-heading\" id=\"identification\">Identyfikacja<\/h3>\n\n\n\n<p>Ta strona jest obs\u0142ugiwana przez <strong>Cosmoflag<\/strong>.<\/p>\n\n\n\n<p><strong>Adres<\/strong>:<br>2 rue des Jardins de Cl\u00e9op\u00e2tre, 34170 Castelnau-le-Lez, Francja.<\/p>\n\n\n\n<p><strong>Kierownik ds. publikacji<\/strong>:<br>Pan Koessler, Cosmoflag.<\/p>\n\n\n\n<p>W przypadku jakichkolwiek pyta\u0144 dotycz\u0105cych dzia\u0142ania witryny prosimy o kontakt: <strong><a>info@cosmoflag.com<\/a><\/strong>.<\/p>\n\n\n\n<hr class=\"wp-block-separator has-alpha-channel-opacity\"\/>\n\n\n\n<h3 class=\"wp-block-heading\" id=\"terms-of-use\">Warunki u\u017cytkowania<\/h3>\n\n\n\n<p>Korzystaj\u0105c z tej strony, u\u017cytkownik potwierdza, \u017ce mia\u0142 mo\u017cliwo\u015b\u0107 zapoznania si\u0119 z niniejszymi Warunkami U\u017cytkowania, jak r\u00f3wnie\u017c z Og\u00f3lnymi Warunkami Sprzeda\u017cy (OWS). Cosmoflag dok\u0142ada wszelkich stara\u0144, aby zapewni\u0107 dok\u0142adno\u015b\u0107 i terminowe aktualizacje informacji zawartych na tej stronie i zastrzega sobie prawo do zmiany jej zawarto\u015bci w dowolnym momencie bez wcze\u015bniejszego powiadomienia. Cosmoflag nie mo\u017ce jednak zagwarantowa\u0107 dok\u0142adno\u015bci, precyzji ani kompletno\u015bci informacji dost\u0119pnych na tej stronie.<\/p>\n\n\n\n<p>W zwi\u0105zku z tym Cosmoflag zrzeka si\u0119 wszelkiej odpowiedzialno\u015bci za:<\/p>\n\n\n\n<ul class=\"wp-block-list\">\n<li>Wszelkie przerwy w dzia\u0142aniu strony lub wyst\u0105pienie b\u0142\u0119d\u00f3w;<\/li>\n\n\n\n<li>Wszelkie nie\u015bcis\u0142o\u015bci lub pomini\u0119cia w informacjach dost\u0119pnych na stronie;<\/li>\n\n\n\n<li>Wszelkie szkody wynikaj\u0105ce z nieautoryzowanej ingerencji strony trzeciej prowadz\u0105cej do zmian w informacjach podanych na stronie;<\/li>\n\n\n\n<li>A bardziej og\u00f3lnie, wszelkie bezpo\u015brednie lub po\u015brednie szkody, niezale\u017cnie od ich przyczyny, pochodzenia, charakteru lub konsekwencji.<\/li>\n<\/ul>\n\n\n\n<hr class=\"wp-block-separator has-alpha-channel-opacity\"\/>\n\n\n\n<h3 class=\"wp-block-heading\" id=\"links\">Linki<\/h3>\n\n\n\n<p>Strona mo\u017ce zawiera\u0107 linki do innych stron internetowych lub zewn\u0119trznych \u017ar\u00f3de\u0142 internetowych. Poniewa\u017c Cosmoflag nie mo\u017ce kontrolowa\u0107 tych zewn\u0119trznych stron i \u017ar\u00f3de\u0142, Cosmoflag nie mo\u017ce by\u0107 poci\u0105gni\u0119ty do odpowiedzialno\u015bci za dost\u0119pno\u015b\u0107 takich zewn\u0119trznych stron i \u017ar\u00f3de\u0142 i nie ponosi \u017cadnej odpowiedzialno\u015bci za tre\u015bci, reklamy, produkty, us\u0142ugi lub inne materia\u0142y dost\u0119pne na lub z tych zewn\u0119trznych stron lub \u017ar\u00f3de\u0142.<\/p>\n\n\n\n<hr class=\"wp-block-separator has-alpha-channel-opacity\"\/>\n\n\n\n<h3 class=\"wp-block-heading\" id=\"intellectual-property\">W\u0142asno\u015b\u0107 intelektualna<\/h3>\n\n\n\n<p>Strona i wszelkie oprogramowanie u\u017cywane w zwi\u0105zku z ni\u0105 mog\u0105 zawiera\u0107 poufne informacje chronione prawami w\u0142asno\u015bci intelektualnej lub innymi przepisami. O ile nie okre\u015blono inaczej, prawa w\u0142asno\u015bci intelektualnej do dokument\u00f3w zawartych na stronie i ka\u017cdego z element\u00f3w stworzonych dla tej strony s\u0105 wy\u0142\u0105czn\u0105 w\u0142asno\u015bci\u0105 Cosmoflag. Nie s\u0105 udzielane \u017cadne licencje ani prawa inne ni\u017c do przegl\u0105dania strony.<\/p>\n\n\n\n<hr class=\"wp-block-separator has-alpha-channel-opacity\"\/>\n\n\n\n<h3 class=\"wp-block-heading\" id=\"photo-credits-and-sources\">Kredyty i \u017ar\u00f3d\u0142a zdj\u0119\u0107<\/h3>\n\n\n\n<p>Aktualizacje tej strony nie s\u0105 zautomatyzowane wraz z aktualizacjami zdj\u0119\u0107 wy\u015bwietlanych na stronie. Strona mo\u017ce prezentowa\u0107 zdj\u0119cia r\u00f3\u017cnych fotograf\u00f3w w zale\u017cno\u015bci od pory roku.<\/p>\n\n\n\n<hr class=\"wp-block-separator has-alpha-channel-opacity\"\/>\n\n\n\n<h3 class=\"wp-block-heading\" id=\"data-privacy\">Prywatno\u015b\u0107 danych<\/h3>\n\n\n\n<p>Wszelkie dane osobowe, kt\u00f3re u\u017cytkownik mo\u017ce przekaza\u0107 Cosmoflag w celu \u015bwiadczenia okre\u015blonych us\u0142ug, podlegaj\u0105 postanowieniom francuskiej ustawy o ochronie danych osobowych. <strong>Ustawa nr 78-17 o technologiach informatycznych, plikach danych i wolno\u015bciach obywatelskich<\/strong> z dnia 6 stycznia 1978 roku.<\/p>\n\n\n\n<p>W zwi\u0105zku z tym u\u017cytkownicy maj\u0105 prawo dost\u0119pu do dotycz\u0105cych ich danych osobowych, ich poprawiania i usuwania. Mo\u017cna z niego skorzysta\u0107 w dowolnym momencie, wysy\u0142aj\u0105c wiadomo\u015b\u0107 e-mail na adres: <strong><a>info@cosmoflag.com<\/a><\/strong>.<\/p>\n\n\n\n<hr class=\"wp-block-separator has-alpha-channel-opacity\"\/>\n\n\n\n<h3 class=\"wp-block-heading\" id=\"cookies\">Pliki cookie<\/h3>\n\n\n\n<p>Cosmoflag wykorzystuje pliki cookie w celu ulepszenia spersonalizowanych us\u0142ug oferowanych klientom i pomiaru ruchu na stronie. Przy pierwszej wizycie u\u017cytkownicy s\u0105 informowani o korzystaniu z tych modu\u0142\u00f3w \u015bledz\u0105cych, a dalsze przegl\u0105danie oznacza akceptacj\u0119 ich u\u017cycia. Ustawienia urz\u0105dzenia pozwalaj\u0105 u\u017cytkownikom odm\u00f3wi\u0107 ich u\u017cycia.<\/p>\n\n\n\n<hr class=\"wp-block-separator has-alpha-channel-opacity\"\/>\n\n\n\n<h3 class=\"wp-block-heading\" id=\"newsletters\">Biuletyny informacyjne<\/h3>\n\n\n\n<p>Nasze biuletyny s\u0105 wysy\u0142ane poczt\u0105 elektroniczn\u0105 do u\u017cytkownik\u00f3w, kt\u00f3rzy wyrazili zgod\u0119 na ich otrzymywanie. U\u017cytkownik mo\u017ce zrezygnowa\u0107 z subskrypcji w dowolnym momencie, klikaj\u0105c \u0142\u0105cze znajduj\u0105ce si\u0119 na dole ka\u017cdego biuletynu.<\/p>\n\n\n\n<hr class=\"wp-block-separator has-alpha-channel-opacity\"\/>\n\n\n\n<h3 class=\"wp-block-heading\" id=\"for-further-assistance\">Dalsza pomoc<\/h3>\n\n\n\n<p>W przypadku jakichkolwiek innych pyta\u0144 lub dodatkowych informacji, prosimy o kontakt za pomoc\u0105 metod podanych na naszej stronie.<\/p>","protected":false},"excerpt":{"rendered":"<p>Identification This site is operated by Cosmoflag. Address:2 rue des Jardins de Cl\u00e9op\u00e2tre, 34170 Castelnau-le-Lez, France. Publishing Manager:Mr. Koessler, Cosmoflag. For any inquiries regarding the site&#8217;s operation, please contact: info@cosmoflag.com. Terms of Use By using this site, the visitor acknowledges that they have had the opportunity to review these Terms of Use as well as [&hellip;]<\/p>\n","protected":false},"author":1,"featured_media":0,"parent":0,"menu_order":0,"comment_status":"closed","ping_status":"closed","template":"","meta":{"_gspb_post_css":"","iawp_total_views":1,"footnotes":""},"class_list":["post-2557","page","type-page","status-publish","hentry"],"blocksy_meta":[],"_links":{"self":[{"href":"https:\/\/cosmoflag.com\/pl\/wp-json\/wp\/v2\/pages\/2557","targetHints":{"allow":["GET"]}}],"collection":[{"href":"https:\/\/cosmoflag.com\/pl\/wp-json\/wp\/v2\/pages"}],"about":[{"href":"https:\/\/cosmoflag.com\/pl\/wp-json\/wp\/v2\/types\/page"}],"author":[{"embeddable":true,"href":"https:\/\/cosmoflag.com\/pl\/wp-json\/wp\/v2\/users\/1"}],"replies":[{"embeddable":true,"href":"https:\/\/cosmoflag.com\/pl\/wp-json\/wp\/v2\/comments?post=2557"}],"version-history":[{"count":0,"href":"https:\/\/cosmoflag.com\/pl\/wp-json\/wp\/v2\/pages\/2557\/revisions"}],"wp:attachment":[{"href":"https:\/\/cosmoflag.com\/pl\/wp-json\/wp\/v2\/media?parent=2557"}],"curies":[{"name":"wp","href":"https:\/\/api.w.org\/{rel}","templated":true}]}}