{"id":16,"date":"2024-05-22T13:40:16","date_gmt":"2024-05-22T13:40:16","guid":{"rendered":"https:\/\/startersites.io\/blocksy\/furniture\/?page_id=16"},"modified":"2025-01-26T20:23:02","modified_gmt":"2025-01-26T20:23:02","slug":"o-nas","status":"publish","type":"page","link":"https:\/\/cosmoflag.com\/pl\/o-nas\/","title":{"rendered":"O nas"},"content":{"rendered":"<div class=\"wp-block-greenshift-blocks-row gspb_row gspb_row-id-gsbp-63ba5b3\" id=\"gspb_row-id-gsbp-63ba5b3\"><div class=\"gspb_row__content\"> \n<div class=\"wp-block-greenshift-blocks-row-column gspb_row__col--12 gspb_col-id-gsbp-184e5ba\" id=\"gspb_col-id-gsbp-184e5ba\">\n<div id=\"gspb_text-id-gsbp-d4d1a69\" class=\"gspb_text gspb_text-id-gsbp-d4d1a69\">Zlokalizowany w samym sercu Montpellier, na po\u0142udniu Francji, nasz sklep internetowy od ponad trzech lat podsyca pasj\u0119 do flag narodowych, regionalnych, historycznych i dekoracyjnych. Z naszej siedziby przy 45 rue de la Libert\u00e9, 34000 Montpellier, celebrujemy bogaty gobelin globalnego dziedzictwa i dumy.<br><br>W Cosmoflag kierujemy si\u0119 prost\u0105, ale g\u0142\u0119bok\u0105 misj\u0105: \u0142\u0105czeniem kultur poprzez uniwersalny symbol flagi. Wierzymy, \u017ce ka\u017cda flaga niesie ze sob\u0105 narracj\u0119 to\u017csamo\u015bci, historii i warto\u015bci, dlatego skrupulatnie wybieramy produkty, kt\u00f3re reprezentuj\u0105 istot\u0119 narod\u00f3w i ich ludzi.<br>Nasz sklep internetowy oferuje szerok\u0105 kolekcj\u0119 wysokiej jako\u015bci flag zaprojektowanych z my\u015bl\u0105 o trwa\u0142o\u015bci i odporno\u015bci, zapewniaj\u0105c, \u017ce b\u0119d\u0105 one opowiada\u0107 swoj\u0105 histori\u0119 przez wiele lat.<br><br>Zadowolenie klienta jest podstaw\u0105 wszystkiego, co robimy. Nasz oddany zesp\u00f3\u0142 obs\u0142ugi klienta jest zawsze gotowy, aby pom\u00f3c w przypadku jakichkolwiek pyta\u0144, przeprowadzi\u0107 przez proces zakupu lub rozwia\u0107 wszelkie w\u0105tpliwo\u015bci dotycz\u0105ce zam\u00f3wie\u0144. Zach\u0119camy do kontaktu za po\u015brednictwem naszego formularza online lub poczty elektronicznej pod adresem <a>contact@cosmoflag.com<\/a>. Jeste\u015bmy tu ka\u017cdego dnia, aby upewni\u0107 si\u0119, \u017ce Twoje do\u015bwiadczenie jest tak wzbogacaj\u0105ce, jak flagi, kt\u00f3re dostarczamy.<br><br>Odwied\u017a nasz sklep internetowy i zanurz si\u0119 w kolorach, historiach i tradycjach, kt\u00f3re sprawiaj\u0105, \u017ce ka\u017cda flaga jest wyj\u0105tkowym symbolem to\u017csamo\u015bci narodowej.<br>Dzi\u0119kujemy za bycie cz\u0119\u015bci\u0105 naszej podr\u00f3\u017cy w Cosmoflag.<br><br>Gor\u0105ce pozdrowienia, Zesp\u00f3\u0142 Cosmoflag<\/div>\n<\/div>\n <\/div><\/div>","protected":false},"excerpt":{"rendered":"","protected":false},"author":1,"featured_media":0,"parent":0,"menu_order":0,"comment_status":"closed","ping_status":"closed","template":"","meta":{"_gspb_post_css":"#gspb_row-id-gsbp-63ba5b3{justify-content:space-between;margin-top:0;margin-bottom:0;display:flex;flex-wrap:wrap}#gspb_row-id-gsbp-63ba5b3>.gspb_row__content{display:flex;justify-content:space-between;margin:0 auto;width:100%;flex-wrap:wrap}.gspb_row{position:relative}div[id^=gspb_col-id]{box-sizing:border-box;position:relative;padding:var(--gs-row-column-padding, 15px min(3vw, 20px))}body.gspb-bodyfront #gspb_row-id-gsbp-63ba5b3>.gspb_row__content{width:var(--theme-container-width, 1200px);max-width:var(--theme-normal-container-max-width, 1200px)}#gspb_col-id-gsbp-184e5ba.gspb_row__col--12{width:100%}@media (max-width:575.98px){#gspb_col-id-gsbp-184e5ba.gspb_row__col--12{width:100%}}","iawp_total_views":43,"footnotes":""},"class_list":["post-16","page","type-page","status-publish","hentry"],"blocksy_meta":{"has_hero_section":"default","vertical_spacing_source":"custom","content_area_spacing":"none","styles_descriptor":{"styles":{"desktop":"","tablet":"","mobile":""},"google_fonts":[],"version":6}},"_links":{"self":[{"href":"https:\/\/cosmoflag.com\/pl\/wp-json\/wp\/v2\/pages\/16","targetHints":{"allow":["GET"]}}],"collection":[{"href":"https:\/\/cosmoflag.com\/pl\/wp-json\/wp\/v2\/pages"}],"about":[{"href":"https:\/\/cosmoflag.com\/pl\/wp-json\/wp\/v2\/types\/page"}],"author":[{"embeddable":true,"href":"https:\/\/cosmoflag.com\/pl\/wp-json\/wp\/v2\/users\/1"}],"replies":[{"embeddable":true,"href":"https:\/\/cosmoflag.com\/pl\/wp-json\/wp\/v2\/comments?post=16"}],"version-history":[{"count":0,"href":"https:\/\/cosmoflag.com\/pl\/wp-json\/wp\/v2\/pages\/16\/revisions"}],"wp:attachment":[{"href":"https:\/\/cosmoflag.com\/pl\/wp-json\/wp\/v2\/media?parent=16"}],"curies":[{"name":"wp","href":"https:\/\/api.w.org\/{rel}","templated":true}]}}