{"id":2543,"date":"2024-12-20T14:06:00","date_gmt":"2024-12-20T12:06:00","guid":{"rendered":"https:\/\/cosmoflag.com\/?post_type=product&#038;p=2543"},"modified":"2025-08-12T21:18:42","modified_gmt":"2025-08-12T19:18:42","slug":"gront-flagg","status":"publish","type":"product","link":"https:\/\/cosmoflag.com\/nb\/produkt\/gront-flagg\/","title":{"rendered":"Gr\u00f8nt flagg"},"content":{"rendered":"<h3><strong>Funksjoner med gr\u00f8nt flagg<\/strong><\/h3>\n<p>V\u00e5rt gr\u00f8nne flagg er laget av f\u00f8rsteklasses polyester, noe som sikrer utmerket holdbarhet for langvarig bruk b\u00e5de innend\u00f8rs og utend\u00f8rs. Det inkluderer metallgjennomf\u00f8ringer for enkel montering og sikkert feste, selv under utfordrende v\u00e6rforhold. Med m\u00e5lene 90 x 150 cm er dette flagget godt synlig p\u00e5 stolper, vegger eller under arrangementer og feiringer.<\/p>\n<h3><strong>Et symbol p\u00e5 vekst og trygghet<\/strong><\/h3>\n<p>Det gr\u00f8nne flagget assosieres ofte med vekst, harmoni og fornyelse, noe som gj\u00f8r det til et popul\u00e6rt valg for milj\u00f8bevegelser og b\u00e6rekraftsarrangementer. I visse sammenhenger symboliserer det ogs\u00e5 trygghet, fred og tillatelse. Enten det brukes i forbindelse med arrangementer, signalform\u00e5l eller dekorative utsmykninger, b\u00e6rer det gr\u00f8nne flagget et universelt budskap om positivitet og omsorg.<\/p>\n<h3><strong>Allsidig bruk<\/strong><\/h3>\n<p>Det gr\u00f8nne flagget er perfekt for milj\u00f8kampanjer, kulturelle arrangementer, pedagogiske utstillinger eller personlige samlinger, og det er en meningsfull representasjon av natur og velv\u00e6re. Den blekningsbestandige fargen og den robuste designen s\u00f8rger for at flagget forblir levende og virkningsfullt over tid.<\/p>","protected":false},"excerpt":{"rendered":"<p>150 x 90 cm stort flagg med 2 solide metallgjennomf\u00f8ringer for sikker opphengning.<\/p>","protected":false},"featured_media":1580,"comment_status":"open","ping_status":"closed","template":"","meta":{"_gspb_post_css":"","iawp_total_views":35},"product_brand":[],"product_cat":[59],"product_tag":[],"class_list":{"0":"post-2543","1":"product","2":"type-product","3":"status-publish","4":"has-post-thumbnail","6":"product_cat-color-flags","8":"first","9":"instock","10":"sale","11":"shipping-taxable","12":"purchasable","13":"product-type-simple"},"_links":{"self":[{"href":"https:\/\/cosmoflag.com\/nb\/wp-json\/wp\/v2\/product\/2543","targetHints":{"allow":["GET"]}}],"collection":[{"href":"https:\/\/cosmoflag.com\/nb\/wp-json\/wp\/v2\/product"}],"about":[{"href":"https:\/\/cosmoflag.com\/nb\/wp-json\/wp\/v2\/types\/product"}],"replies":[{"embeddable":true,"href":"https:\/\/cosmoflag.com\/nb\/wp-json\/wp\/v2\/comments?post=2543"}],"wp:featuredmedia":[{"embeddable":true,"href":"https:\/\/cosmoflag.com\/nb\/wp-json\/wp\/v2\/media\/1580"}],"wp:attachment":[{"href":"https:\/\/cosmoflag.com\/nb\/wp-json\/wp\/v2\/media?parent=2543"}],"wp:term":[{"taxonomy":"product_brand","embeddable":true,"href":"https:\/\/cosmoflag.com\/nb\/wp-json\/wp\/v2\/product_brand?post=2543"},{"taxonomy":"product_cat","embeddable":true,"href":"https:\/\/cosmoflag.com\/nb\/wp-json\/wp\/v2\/product_cat?post=2543"},{"taxonomy":"product_tag","embeddable":true,"href":"https:\/\/cosmoflag.com\/nb\/wp-json\/wp\/v2\/product_tag?post=2543"}],"curies":[{"name":"wp","href":"https:\/\/api.w.org\/{rel}","templated":true}]}}