{"id":2541,"date":"2024-12-20T14:00:00","date_gmt":"2024-12-20T12:00:00","guid":{"rendered":"https:\/\/cosmoflag.com\/?post_type=product&#038;p=2541"},"modified":"2025-08-12T21:18:42","modified_gmt":"2025-08-12T19:18:42","slug":"oransje-flagg","status":"publish","type":"product","link":"https:\/\/cosmoflag.com\/nb\/produkt\/oransje-flagg\/","title":{"rendered":"Oransje flagg"},"content":{"rendered":"<h3><strong>Funksjoner for oransje flagg<\/strong><\/h3>\n<p>V\u00e5rt oransje flagg er laget av f\u00f8rsteklasses polyester, noe som sikrer utmerket holdbarhet for langvarig bruk b\u00e5de innend\u00f8rs og utend\u00f8rs. Det har metallgjennomf\u00f8ringer for enkel montering og sikkert feste, selv under utfordrende v\u00e6rforhold. Med m\u00e5lene 90 x 150 cm gir dette flagget utmerket synlighet p\u00e5 stolper, vegger eller under arrangementer og feiringer.<\/p>\n<h3><strong>Et symbol p\u00e5 energi og oppmerksomhet<\/strong><\/h3>\n<p>Det oransje flagget brukes ofte for \u00e5 representere entusiasme, kreativitet og varme. I visse sammenhenger fungerer det som et signal for anleggssoner, advarsler eller spesifikke gruppeidentifikatorer. Den livlige fargen gj\u00f8r det til et sl\u00e5ende valg for b\u00e5de funksjonelle og dekorative form\u00e5l, og gir energi og oppmerksomhet til enhver utstilling.<\/p>\n<h3><strong>Allsidig bruk<\/strong><\/h3>\n<p>Det oransje flagget er perfekt til festivaler, varselsignaler, kulturelle arrangementer eller personlige samlinger, og det er en allsidig representasjon av energi og livlighet. Den blekningsbestandige fargen og den robuste designen s\u00f8rger for at flagget forblir virkningsfullt og p\u00e5litelig over tid.<\/p>","protected":false},"excerpt":{"rendered":"<p>150 x 90 cm stort flagg med 2 solide metallgjennomf\u00f8ringer for sikker opphengning.<\/p>","protected":false},"featured_media":1625,"comment_status":"open","ping_status":"closed","template":"","meta":{"_gspb_post_css":"","iawp_total_views":40},"product_brand":[],"product_cat":[59],"product_tag":[],"class_list":{"0":"post-2541","1":"product","2":"type-product","3":"status-publish","4":"has-post-thumbnail","6":"product_cat-color-flags","8":"first","9":"instock","10":"sale","11":"shipping-taxable","12":"purchasable","13":"product-type-simple"},"_links":{"self":[{"href":"https:\/\/cosmoflag.com\/nb\/wp-json\/wp\/v2\/product\/2541","targetHints":{"allow":["GET"]}}],"collection":[{"href":"https:\/\/cosmoflag.com\/nb\/wp-json\/wp\/v2\/product"}],"about":[{"href":"https:\/\/cosmoflag.com\/nb\/wp-json\/wp\/v2\/types\/product"}],"replies":[{"embeddable":true,"href":"https:\/\/cosmoflag.com\/nb\/wp-json\/wp\/v2\/comments?post=2541"}],"wp:featuredmedia":[{"embeddable":true,"href":"https:\/\/cosmoflag.com\/nb\/wp-json\/wp\/v2\/media\/1625"}],"wp:attachment":[{"href":"https:\/\/cosmoflag.com\/nb\/wp-json\/wp\/v2\/media?parent=2541"}],"wp:term":[{"taxonomy":"product_brand","embeddable":true,"href":"https:\/\/cosmoflag.com\/nb\/wp-json\/wp\/v2\/product_brand?post=2541"},{"taxonomy":"product_cat","embeddable":true,"href":"https:\/\/cosmoflag.com\/nb\/wp-json\/wp\/v2\/product_cat?post=2541"},{"taxonomy":"product_tag","embeddable":true,"href":"https:\/\/cosmoflag.com\/nb\/wp-json\/wp\/v2\/product_tag?post=2541"}],"curies":[{"name":"wp","href":"https:\/\/api.w.org\/{rel}","templated":true}]}}