{"id":2540,"date":"2024-12-20T13:57:00","date_gmt":"2024-12-20T11:57:00","guid":{"rendered":"https:\/\/cosmoflag.com\/?post_type=product&#038;p=2540"},"modified":"2025-08-12T21:18:43","modified_gmt":"2025-08-12T19:18:43","slug":"lilla-flagg","status":"publish","type":"product","link":"https:\/\/cosmoflag.com\/nb\/produkt\/lilla-flagg\/","title":{"rendered":"Lilla flagg"},"content":{"rendered":"<h3><strong>Purple Flag-funksjoner<\/strong><\/h3>\n<p>V\u00e5rt lilla flagg er laget av f\u00f8rsteklasses polyester, noe som sikrer utmerket holdbarhet for langvarig bruk b\u00e5de innend\u00f8rs og utend\u00f8rs. Det inkluderer metallgjennomf\u00f8ringer for enkel montering og sikkert feste, selv under utfordrende v\u00e6rforhold. Med m\u00e5lene 90 x 150 cm er dette flagget godt synlig p\u00e5 stolper, vegger eller under arrangementer og feiringer.<\/p>\n<h3><strong>Et symbol p\u00e5 kongelighet og individualitet<\/strong><\/h3>\n<p>Det lilla flagget forbindes ofte med kongelige, luksus og ambisjoner p\u00e5 grunn av sin historiske betydning som en farge forbeholdt adelen. Det kan ogs\u00e5 symbolisere kreativitet, individualitet og \u00e5ndelighet. Enten det brukes i personlige arrangementer, kunstneriske utstillinger eller dekorative omgivelser, tilf\u00f8rer det lilla flagget et snev av unikhet og eleganse.<\/p>\n<h3><strong>Allsidig bruk<\/strong><\/h3>\n<p>Det lilla flagget er perfekt til kunstneriske arrangementer, kulturelle feiringer, pedagogiske utstillinger eller personlige samlinger, og det er en meningsfull representasjon av kreativitet og kulturarv. Den blekningsbestandige fargen og den robuste designen s\u00f8rger for at flagget forblir levende og effektfullt over tid.<\/p>","protected":false},"excerpt":{"rendered":"<p>150 x 90 cm stort flagg med 2 solide metallgjennomf\u00f8ringer for sikker opphengning.<\/p>","protected":false},"featured_media":1631,"comment_status":"open","ping_status":"closed","template":"","meta":{"_gspb_post_css":"","iawp_total_views":38},"product_brand":[],"product_cat":[59],"product_tag":[],"class_list":{"0":"post-2540","1":"product","2":"type-product","3":"status-publish","4":"has-post-thumbnail","6":"product_cat-color-flags","8":"first","9":"instock","10":"sale","11":"shipping-taxable","12":"purchasable","13":"product-type-simple"},"_links":{"self":[{"href":"https:\/\/cosmoflag.com\/nb\/wp-json\/wp\/v2\/product\/2540","targetHints":{"allow":["GET"]}}],"collection":[{"href":"https:\/\/cosmoflag.com\/nb\/wp-json\/wp\/v2\/product"}],"about":[{"href":"https:\/\/cosmoflag.com\/nb\/wp-json\/wp\/v2\/types\/product"}],"replies":[{"embeddable":true,"href":"https:\/\/cosmoflag.com\/nb\/wp-json\/wp\/v2\/comments?post=2540"}],"wp:featuredmedia":[{"embeddable":true,"href":"https:\/\/cosmoflag.com\/nb\/wp-json\/wp\/v2\/media\/1631"}],"wp:attachment":[{"href":"https:\/\/cosmoflag.com\/nb\/wp-json\/wp\/v2\/media?parent=2540"}],"wp:term":[{"taxonomy":"product_brand","embeddable":true,"href":"https:\/\/cosmoflag.com\/nb\/wp-json\/wp\/v2\/product_brand?post=2540"},{"taxonomy":"product_cat","embeddable":true,"href":"https:\/\/cosmoflag.com\/nb\/wp-json\/wp\/v2\/product_cat?post=2540"},{"taxonomy":"product_tag","embeddable":true,"href":"https:\/\/cosmoflag.com\/nb\/wp-json\/wp\/v2\/product_tag?post=2540"}],"curies":[{"name":"wp","href":"https:\/\/api.w.org\/{rel}","templated":true}]}}