{"id":2538,"date":"2024-12-20T13:54:00","date_gmt":"2024-12-20T11:54:00","guid":{"rendered":"https:\/\/cosmoflag.com\/?post_type=product&#038;p=2538"},"modified":"2025-08-12T21:18:43","modified_gmt":"2025-08-12T19:18:43","slug":"rodt-flagg","status":"publish","type":"product","link":"https:\/\/cosmoflag.com\/nb\/produkt\/rodt-flagg\/","title":{"rendered":"R\u00f8dt flagg"},"content":{"rendered":"<h3><strong>Funksjoner med r\u00f8dt flagg<\/strong><\/h3>\n<p>V\u00e5rt r\u00f8de flagg er laget av f\u00f8rsteklasses polyester, noe som sikrer utmerket holdbarhet for langvarig bruk b\u00e5de innend\u00f8rs og utend\u00f8rs. Det har metallgjennomf\u00f8ringer for enkel montering og sikkert feste, selv under utfordrende v\u00e6rforhold. Med m\u00e5lene 90 x 150 cm er dette flagget godt synlig p\u00e5 stolper, vegger eller under arrangementer og demonstrasjoner.<\/p>\n<h3><strong>Et symbol p\u00e5 mot og advarsel<\/strong><\/h3>\n<p>Det r\u00f8de flagget har en rekke historiske og moderne betydninger. Tradisjonelt brukes det som symbol p\u00e5 revolusjon, oppr\u00f8r eller protest, men det fungerer ogs\u00e5 som et signal om fare, advarsel eller forbud i maritime og andre sammenhenger. Enten det r\u00f8de flagget representerer en dristig erkl\u00e6ring eller fungerer som en funksjonell mark\u00f8r, har det en sterk visuell effekt og betydning.<\/p>\n<h3><strong>Allsidig bruk<\/strong><\/h3>\n<p>Det r\u00f8de flagget er perfekt til protester, revolusjon\u00e6re arrangementer, sportssignaler eller som en del av en kolleksjon, og det er en sl\u00e5ende representasjon av mot, \u00e5rv\u00e5kenhet eller en oppfordring til handling. Den blekningsbestandige fargen og den robuste designen s\u00f8rger for at det forblir levende og effektfullt over tid.<\/p>","protected":false},"excerpt":{"rendered":"<p>150 x 90 cm stort flagg med 2 solide metallgjennomf\u00f8ringer for sikker opphengning.<\/p>","protected":false},"featured_media":1645,"comment_status":"open","ping_status":"closed","template":"","meta":{"_gspb_post_css":"","iawp_total_views":50},"product_brand":[],"product_cat":[59],"product_tag":[],"class_list":{"0":"post-2538","1":"product","2":"type-product","3":"status-publish","4":"has-post-thumbnail","6":"product_cat-color-flags","8":"first","9":"instock","10":"sale","11":"shipping-taxable","12":"purchasable","13":"product-type-simple"},"_links":{"self":[{"href":"https:\/\/cosmoflag.com\/nb\/wp-json\/wp\/v2\/product\/2538","targetHints":{"allow":["GET"]}}],"collection":[{"href":"https:\/\/cosmoflag.com\/nb\/wp-json\/wp\/v2\/product"}],"about":[{"href":"https:\/\/cosmoflag.com\/nb\/wp-json\/wp\/v2\/types\/product"}],"replies":[{"embeddable":true,"href":"https:\/\/cosmoflag.com\/nb\/wp-json\/wp\/v2\/comments?post=2538"}],"wp:featuredmedia":[{"embeddable":true,"href":"https:\/\/cosmoflag.com\/nb\/wp-json\/wp\/v2\/media\/1645"}],"wp:attachment":[{"href":"https:\/\/cosmoflag.com\/nb\/wp-json\/wp\/v2\/media?parent=2538"}],"wp:term":[{"taxonomy":"product_brand","embeddable":true,"href":"https:\/\/cosmoflag.com\/nb\/wp-json\/wp\/v2\/product_brand?post=2538"},{"taxonomy":"product_cat","embeddable":true,"href":"https:\/\/cosmoflag.com\/nb\/wp-json\/wp\/v2\/product_cat?post=2538"},{"taxonomy":"product_tag","embeddable":true,"href":"https:\/\/cosmoflag.com\/nb\/wp-json\/wp\/v2\/product_tag?post=2538"}],"curies":[{"name":"wp","href":"https:\/\/api.w.org\/{rel}","templated":true}]}}