{"id":2537,"date":"2024-12-20T13:52:00","date_gmt":"2024-12-20T11:52:00","guid":{"rendered":"https:\/\/cosmoflag.com\/?post_type=product&#038;p=2537"},"modified":"2026-05-03T15:37:13","modified_gmt":"2026-05-03T13:37:13","slug":"hvitt-flagg","status":"publish","type":"product","link":"https:\/\/cosmoflag.com\/nb\/produkt\/hvitt-flagg\/","title":{"rendered":"Hvitt flagg"},"content":{"rendered":"<h3><strong>Funksjoner med hvitt flagg<\/strong><\/h3>\n<p>V\u00e5rt hvite flagg er laget av f\u00f8rsteklasses polyester, noe som sikrer utmerket holdbarhet for langvarig bruk b\u00e5de innend\u00f8rs og utend\u00f8rs. Det har metallgjennomf\u00f8ringer for enkel montering og sikkert feste, selv under utfordrende v\u00e6rforhold. Med m\u00e5lene 90 x 150 cm er dette flagget godt synlig p\u00e5 stolper, vegger eller under arrangementer og demonstrasjoner.<\/p>\n<h3><strong>Et universelt symbol p\u00e5 fred og overgivelse<\/strong><\/h3>\n<p>Det hvite flagget er anerkjent over hele verden som et symbol p\u00e5 fred, v\u00e5penhvile eller overgivelse. Historisk sett ble det brukt i kamp for \u00e5 signalisere slutten p\u00e5 en konflikt eller en anmodning om forhandlinger, og det er et kraftfullt symbol p\u00e5 ikke-vold og gjensidig forst\u00e5else. I dag er det ogs\u00e5 et symbol p\u00e5 n\u00f8ytralitet eller et \u00f8nske om harmoni i en rekke ulike sammenhenger.<\/p>\n<h3><strong>Allsidig bruk<\/strong><\/h3>\n<p>Det hvite flagget er perfekt til historiske rekonstruksjoner, fredsdemonstrasjoner, pedagogiske utstillinger eller personlige samlinger, og det er en meningsfull representasjon av samhold og forst\u00e5else. Den blekningsbestandige fargen og den robuste designen s\u00f8rger for at det forblir rent og effektfullt over tid.<\/p>","protected":false},"excerpt":{"rendered":"<p>150 x 90 cm stort flagg med 2 solide metallgjennomf\u00f8ringer for sikker opphengning.<\/p>","protected":false},"featured_media":1768,"comment_status":"open","ping_status":"closed","template":"","meta":{"_gspb_post_css":"","iawp_total_views":106},"product_brand":[],"product_cat":[59],"product_tag":[],"class_list":{"0":"post-2537","1":"product","2":"type-product","3":"status-publish","4":"has-post-thumbnail","6":"product_cat-color-flags","8":"first","9":"instock","10":"sale","11":"shipping-taxable","12":"purchasable","13":"product-type-simple"},"_links":{"self":[{"href":"https:\/\/cosmoflag.com\/nb\/wp-json\/wp\/v2\/product\/2537","targetHints":{"allow":["GET"]}}],"collection":[{"href":"https:\/\/cosmoflag.com\/nb\/wp-json\/wp\/v2\/product"}],"about":[{"href":"https:\/\/cosmoflag.com\/nb\/wp-json\/wp\/v2\/types\/product"}],"replies":[{"embeddable":true,"href":"https:\/\/cosmoflag.com\/nb\/wp-json\/wp\/v2\/comments?post=2537"}],"wp:featuredmedia":[{"embeddable":true,"href":"https:\/\/cosmoflag.com\/nb\/wp-json\/wp\/v2\/media\/1768"}],"wp:attachment":[{"href":"https:\/\/cosmoflag.com\/nb\/wp-json\/wp\/v2\/media?parent=2537"}],"wp:term":[{"taxonomy":"product_brand","embeddable":true,"href":"https:\/\/cosmoflag.com\/nb\/wp-json\/wp\/v2\/product_brand?post=2537"},{"taxonomy":"product_cat","embeddable":true,"href":"https:\/\/cosmoflag.com\/nb\/wp-json\/wp\/v2\/product_cat?post=2537"},{"taxonomy":"product_tag","embeddable":true,"href":"https:\/\/cosmoflag.com\/nb\/wp-json\/wp\/v2\/product_tag?post=2537"}],"curies":[{"name":"wp","href":"https:\/\/api.w.org\/{rel}","templated":true}]}}