{"id":2536,"date":"2024-12-20T13:47:00","date_gmt":"2024-12-20T11:47:00","guid":{"rendered":"https:\/\/cosmoflag.com\/?post_type=product&#038;p=2536"},"modified":"2025-08-12T21:18:44","modified_gmt":"2025-08-12T19:18:44","slug":"gult-flagg","status":"publish","type":"product","link":"https:\/\/cosmoflag.com\/nb\/produkt\/gult-flagg\/","title":{"rendered":"Gult flagg"},"content":{"rendered":"<h3><strong>Funksjoner med gult flagg<\/strong><\/h3>\n<p>V\u00e5rt gule flagg er laget av f\u00f8rsteklasses polyester, noe som sikrer utmerket holdbarhet for langvarig bruk b\u00e5de innend\u00f8rs og utend\u00f8rs. Det inkluderer metallgjennomf\u00f8ringer for enkel montering og sikkert feste, selv under utfordrende v\u00e6rforhold. Med m\u00e5lene 90 x 150 cm gir dette flagget utmerket synlighet for en rekke bruksomr\u00e5der.<\/p>\n<h3><strong>Et symbol p\u00e5 positivitet og kommunikasjon<\/strong><\/h3>\n<p>Det gule flagget har flere betydninger avhengig av sammenhengen. Det brukes ofte i maritim kommunikasjon som et signal for \"karantene\" eller for \u00e5 betegne bokstaven \"Q\" i den internasjonale signalkoden. P\u00e5 land kan det symbolisere forsiktighet, advarsel eller til og med positivitet og optimisme i forbindelse med feiringer. Dette allsidige flagget er ideelt for en rekke bruksomr\u00e5der.<\/p>\n<h3><strong>Allsidig bruk<\/strong><\/h3>\n<p>Det gule flagget er perfekt til maritim signalering, sportsarrangementer, feiringer eller som en del av en kolleksjon, og er et praktisk og meningsfylt verkt\u00f8y for kommunikasjon eller dekorasjon. Den blekningsbestandige fargen og det robuste designet s\u00f8rger for at det forblir levende og effektfullt over tid.<\/p>","protected":false},"excerpt":{"rendered":"<p>150 x 90 cm stort flagg med 2 solide metallgjennomf\u00f8ringer for sikker opphengning.<\/p>","protected":false},"featured_media":1775,"comment_status":"open","ping_status":"closed","template":"","meta":{"_gspb_post_css":"","iawp_total_views":8},"product_brand":[],"product_cat":[59],"product_tag":[],"class_list":{"0":"post-2536","1":"product","2":"type-product","3":"status-publish","4":"has-post-thumbnail","6":"product_cat-color-flags","8":"first","9":"instock","10":"sale","11":"shipping-taxable","12":"purchasable","13":"product-type-simple"},"_links":{"self":[{"href":"https:\/\/cosmoflag.com\/nb\/wp-json\/wp\/v2\/product\/2536","targetHints":{"allow":["GET"]}}],"collection":[{"href":"https:\/\/cosmoflag.com\/nb\/wp-json\/wp\/v2\/product"}],"about":[{"href":"https:\/\/cosmoflag.com\/nb\/wp-json\/wp\/v2\/types\/product"}],"replies":[{"embeddable":true,"href":"https:\/\/cosmoflag.com\/nb\/wp-json\/wp\/v2\/comments?post=2536"}],"wp:featuredmedia":[{"embeddable":true,"href":"https:\/\/cosmoflag.com\/nb\/wp-json\/wp\/v2\/media\/1775"}],"wp:attachment":[{"href":"https:\/\/cosmoflag.com\/nb\/wp-json\/wp\/v2\/media?parent=2536"}],"wp:term":[{"taxonomy":"product_brand","embeddable":true,"href":"https:\/\/cosmoflag.com\/nb\/wp-json\/wp\/v2\/product_brand?post=2536"},{"taxonomy":"product_cat","embeddable":true,"href":"https:\/\/cosmoflag.com\/nb\/wp-json\/wp\/v2\/product_cat?post=2536"},{"taxonomy":"product_tag","embeddable":true,"href":"https:\/\/cosmoflag.com\/nb\/wp-json\/wp\/v2\/product_tag?post=2536"}],"curies":[{"name":"wp","href":"https:\/\/api.w.org\/{rel}","templated":true}]}}