{"id":2534,"date":"2024-12-20T13:30:00","date_gmt":"2024-12-20T11:30:00","guid":{"rendered":"https:\/\/cosmoflag.com\/?post_type=product&#038;p=2534"},"modified":"2025-08-12T21:18:44","modified_gmt":"2025-08-12T19:18:44","slug":"buddhistisk-flagg","status":"publish","type":"product","link":"https:\/\/cosmoflag.com\/nb\/produkt\/buddhistisk-flagg\/","title":{"rendered":"Buddhistisk flagg"},"content":{"rendered":"<h3><strong>Buddhistiske flaggfunksjoner<\/strong><\/h3>\n<p>Buddhistflagget v\u00e5rt er laget av f\u00f8rsteklasses polyester, noe som sikrer utmerket holdbarhet for langvarig bruk b\u00e5de innend\u00f8rs og utend\u00f8rs. Det har metallgjennomf\u00f8ringer for enkel montering og sikkert hold, selv under utfordrende v\u00e6rforhold. Med m\u00e5lene 90 x 150 cm er dette flagget godt synlig p\u00e5 stolper, vegger eller under \u00e5ndelige arrangementer og feiringer.<\/p>\n<h3><strong>Et symbol p\u00e5 fred og \u00e5ndelighet<\/strong><\/h3>\n<p>Det buddhistiske flagget, som f\u00f8rst ble introdusert i 1885 og er mye brukt som et universelt symbol p\u00e5 buddhismen, har seks vertikale striper: bl\u00e5tt for fred, gult for visdom, r\u00f8dt for velsignelse, hvitt for renhet og oransje for opplysning. Den siste stripen kombinerer alle fargene og symboliserer Dharmas universalitet. Dette flagget er en dyp representasjon av harmoni, toleranse og \u00e5ndelig vekst.<\/p>\n<h3><strong>Allsidig bruk<\/strong><\/h3>\n<p>Buddhismens flagg er perfekt for \u00e5ndelige arrangementer, meditasjonssentre, kulturelle feiringer eller personlige samlinger, og er en meningsfull representasjon av buddhistisk l\u00e6re og verdier. De blekningsbestandige fargene og den robuste designen s\u00f8rger for at flagget forblir levende og virkningsfullt over tid.<\/p>","protected":false},"excerpt":{"rendered":"<p>150 x 90 cm stort flagg med 2 solide metallgjennomf\u00f8ringer for sikker opphengning.<\/p>","protected":false},"featured_media":1023,"comment_status":"open","ping_status":"closed","template":"","meta":{"_gspb_post_css":"","iawp_total_views":8},"product_brand":[],"product_cat":[76],"product_tag":[],"class_list":{"0":"post-2534","1":"product","2":"type-product","3":"status-publish","4":"has-post-thumbnail","6":"product_cat-religious-flags","8":"first","9":"instock","10":"sale","11":"shipping-taxable","12":"purchasable","13":"product-type-simple"},"_links":{"self":[{"href":"https:\/\/cosmoflag.com\/nb\/wp-json\/wp\/v2\/product\/2534","targetHints":{"allow":["GET"]}}],"collection":[{"href":"https:\/\/cosmoflag.com\/nb\/wp-json\/wp\/v2\/product"}],"about":[{"href":"https:\/\/cosmoflag.com\/nb\/wp-json\/wp\/v2\/types\/product"}],"replies":[{"embeddable":true,"href":"https:\/\/cosmoflag.com\/nb\/wp-json\/wp\/v2\/comments?post=2534"}],"wp:featuredmedia":[{"embeddable":true,"href":"https:\/\/cosmoflag.com\/nb\/wp-json\/wp\/v2\/media\/1023"}],"wp:attachment":[{"href":"https:\/\/cosmoflag.com\/nb\/wp-json\/wp\/v2\/media?parent=2534"}],"wp:term":[{"taxonomy":"product_brand","embeddable":true,"href":"https:\/\/cosmoflag.com\/nb\/wp-json\/wp\/v2\/product_brand?post=2534"},{"taxonomy":"product_cat","embeddable":true,"href":"https:\/\/cosmoflag.com\/nb\/wp-json\/wp\/v2\/product_cat?post=2534"},{"taxonomy":"product_tag","embeddable":true,"href":"https:\/\/cosmoflag.com\/nb\/wp-json\/wp\/v2\/product_tag?post=2534"}],"curies":[{"name":"wp","href":"https:\/\/api.w.org\/{rel}","templated":true}]}}