{"id":2532,"date":"2024-12-20T12:40:00","date_gmt":"2024-12-20T10:40:00","guid":{"rendered":"https:\/\/cosmoflag.com\/?post_type=product&#038;p=2532"},"modified":"2025-08-12T21:18:45","modified_gmt":"2025-08-12T19:18:45","slug":"den-dominikanske-republikkens-flagg","status":"publish","type":"product","link":"https:\/\/cosmoflag.com\/nb\/produkt\/den-dominikanske-republikkens-flagg\/","title":{"rendered":"Den dominikanske republikk flagg"},"content":{"rendered":"<h3><strong>Den dominikanske republikk flagg funksjoner<\/strong><\/h3>\n<p>V\u00e5rt flagg fra Den dominikanske republikk er laget av f\u00f8rsteklasses polyester, noe som sikrer utmerket holdbarhet for langvarig bruk innend\u00f8rs og utend\u00f8rs. Det inkluderer metallgjennomf\u00f8ringer for enkel montering og sikkert feste, selv under utfordrende v\u00e6rforhold. Med m\u00e5lene 90 x 150 cm er dette flagget godt synlig p\u00e5 stolper, vegger eller under nasjonale feiringer.<\/p>\n<h3><strong>Et symbol p\u00e5 tro og frihet<\/strong><\/h3>\n<p>Den dominikanske republikkens flagg, som ble offisielt vedtatt i 1844, best\u00e5r av et dristig kors som deler flagget i fire rektangler: to bl\u00e5 for frihet, to r\u00f8de for folkets ofre og et hvitt kors som symboliserer frelse. I midten ligger riksv\u00e5penet, som inkluderer Bibelen og et banner med teksten \"Dios, Patria, Libertad\" (Gud, fedreland, frihet), som innkapsler kjerneverdiene til det dominikanske folket.<\/p>\n<h3><strong>Allsidig bruk<\/strong><\/h3>\n<p>Den dominikanske republikkens flagg er perfekt for nasjonale feiringer, kulturelle arrangementer, utdanningsform\u00e5l eller personlige samlinger, og det er en meningsfull representasjon av landets historie og identitet. De blekningsbestandige fargene og den robuste designen s\u00f8rger for at flagget forblir levende og virkningsfullt over tid.<\/p>","protected":false},"excerpt":{"rendered":"<p>150 x 90 cm stort flagg med 2 solide metallgjennomf\u00f8ringer for sikker opphengning.<\/p>","protected":false},"featured_media":1096,"comment_status":"open","ping_status":"closed","template":"","meta":{"_gspb_post_css":"","iawp_total_views":19},"product_brand":[],"product_cat":[62,58],"product_tag":[],"class_list":{"0":"post-2532","1":"product","2":"type-product","3":"status-publish","4":"has-post-thumbnail","6":"product_cat-north-america-flags","7":"product_cat-country-flags","9":"first","10":"instock","11":"sale","12":"shipping-taxable","13":"purchasable","14":"product-type-simple"},"_links":{"self":[{"href":"https:\/\/cosmoflag.com\/nb\/wp-json\/wp\/v2\/product\/2532","targetHints":{"allow":["GET"]}}],"collection":[{"href":"https:\/\/cosmoflag.com\/nb\/wp-json\/wp\/v2\/product"}],"about":[{"href":"https:\/\/cosmoflag.com\/nb\/wp-json\/wp\/v2\/types\/product"}],"replies":[{"embeddable":true,"href":"https:\/\/cosmoflag.com\/nb\/wp-json\/wp\/v2\/comments?post=2532"}],"wp:featuredmedia":[{"embeddable":true,"href":"https:\/\/cosmoflag.com\/nb\/wp-json\/wp\/v2\/media\/1096"}],"wp:attachment":[{"href":"https:\/\/cosmoflag.com\/nb\/wp-json\/wp\/v2\/media?parent=2532"}],"wp:term":[{"taxonomy":"product_brand","embeddable":true,"href":"https:\/\/cosmoflag.com\/nb\/wp-json\/wp\/v2\/product_brand?post=2532"},{"taxonomy":"product_cat","embeddable":true,"href":"https:\/\/cosmoflag.com\/nb\/wp-json\/wp\/v2\/product_cat?post=2532"},{"taxonomy":"product_tag","embeddable":true,"href":"https:\/\/cosmoflag.com\/nb\/wp-json\/wp\/v2\/product_tag?post=2532"}],"curies":[{"name":"wp","href":"https:\/\/api.w.org\/{rel}","templated":true}]}}