{"id":2531,"date":"2024-12-20T12:37:00","date_gmt":"2024-12-20T10:37:00","guid":{"rendered":"https:\/\/cosmoflag.com\/?post_type=product&#038;p=2531"},"modified":"2025-08-12T21:18:45","modified_gmt":"2025-08-12T19:18:45","slug":"mozambiques-flagg","status":"publish","type":"product","link":"https:\/\/cosmoflag.com\/nb\/produkt\/mozambiques-flagg\/","title":{"rendered":"Mosambiks flagg"},"content":{"rendered":"<h3><strong>Mosambik flagg funksjoner<\/strong><\/h3>\n<p>V\u00e5rt Mosambik-flagg er laget av f\u00f8rsteklasses polyester, noe som sikrer utmerket holdbarhet for langvarig bruk b\u00e5de innend\u00f8rs og utend\u00f8rs. Det har metallgjennomf\u00f8ringer for enkel montering og sikkert feste, selv under utfordrende v\u00e6rforhold. Med m\u00e5lene 90 x 150 cm er dette flagget godt synlig p\u00e5 stolper, vegger eller under nasjonale feiringer og arrangementer.<\/p>\n<h3><strong>Et symbol p\u00e5 samhold og motstandskraft<\/strong><\/h3>\n<p>Mosambiks flagg, som ble offisielt vedtatt i 1983, har horisontale striper i gr\u00f8nt, svart og gult, atskilt av tynne hvite linjer. En r\u00f8d trekant p\u00e5 flaggsiden representerer landets kamp for uavhengighet. Innenfor trekanten ligger en gul stjerne med en bok, en hakke og en AK-47, som symboliserer utdanning, jordbruk og forsvar. Denne unike designen symboliserer Mosambiks engasjement for fremgang og samhold.<\/p>\n<h3><strong>Allsidig bruk<\/strong><\/h3>\n<p>Mosambik-flagget er perfekt til nasjonale feiringer, kulturelle arrangementer, utstillinger eller personlige samlinger, og det er en meningsfull representasjon av landets identitet og verdier. De blekningsbestandige fargene og den robuste designen s\u00f8rger for at flagget forblir levende og virkningsfullt over tid.<\/p>","protected":false},"excerpt":{"rendered":"<p>150 x 90 cm stort flagg med 2 solide metallgjennomf\u00f8ringer for sikker opphengning.<\/p>","protected":false},"featured_media":1255,"comment_status":"open","ping_status":"closed","template":"","meta":{"_gspb_post_css":"","iawp_total_views":11},"product_brand":[],"product_cat":[60,58],"product_tag":[],"class_list":{"0":"post-2531","1":"product","2":"type-product","3":"status-publish","4":"has-post-thumbnail","6":"product_cat-africa-flags","7":"product_cat-country-flags","9":"first","10":"instock","11":"sale","12":"shipping-taxable","13":"purchasable","14":"product-type-simple"},"_links":{"self":[{"href":"https:\/\/cosmoflag.com\/nb\/wp-json\/wp\/v2\/product\/2531","targetHints":{"allow":["GET"]}}],"collection":[{"href":"https:\/\/cosmoflag.com\/nb\/wp-json\/wp\/v2\/product"}],"about":[{"href":"https:\/\/cosmoflag.com\/nb\/wp-json\/wp\/v2\/types\/product"}],"replies":[{"embeddable":true,"href":"https:\/\/cosmoflag.com\/nb\/wp-json\/wp\/v2\/comments?post=2531"}],"wp:featuredmedia":[{"embeddable":true,"href":"https:\/\/cosmoflag.com\/nb\/wp-json\/wp\/v2\/media\/1255"}],"wp:attachment":[{"href":"https:\/\/cosmoflag.com\/nb\/wp-json\/wp\/v2\/media?parent=2531"}],"wp:term":[{"taxonomy":"product_brand","embeddable":true,"href":"https:\/\/cosmoflag.com\/nb\/wp-json\/wp\/v2\/product_brand?post=2531"},{"taxonomy":"product_cat","embeddable":true,"href":"https:\/\/cosmoflag.com\/nb\/wp-json\/wp\/v2\/product_cat?post=2531"},{"taxonomy":"product_tag","embeddable":true,"href":"https:\/\/cosmoflag.com\/nb\/wp-json\/wp\/v2\/product_tag?post=2531"}],"curies":[{"name":"wp","href":"https:\/\/api.w.org\/{rel}","templated":true}]}}