{"id":2530,"date":"2024-12-20T11:36:00","date_gmt":"2024-12-20T09:36:00","guid":{"rendered":"https:\/\/cosmoflag.com\/?post_type=product&#038;p=2530"},"modified":"2025-08-12T21:18:46","modified_gmt":"2025-08-12T19:18:46","slug":"namibias-flagg","status":"publish","type":"product","link":"https:\/\/cosmoflag.com\/nb\/produkt\/namibias-flagg\/","title":{"rendered":"Namibias flagg"},"content":{"rendered":"<h3><strong>Namibia flagg funksjoner<\/strong><\/h3>\n<p>Namibia-flagget v\u00e5rt er laget av f\u00f8rsteklasses polyester, noe som sikrer utmerket holdbarhet for langvarig bruk b\u00e5de innend\u00f8rs og utend\u00f8rs. Det inkluderer metallgjennomf\u00f8ringer for enkel montering og sikkert feste, selv under utfordrende v\u00e6rforhold. Med m\u00e5lene 90 x 150 cm er dette flagget godt synlig p\u00e5 stolper, vegger eller under nasjonale feiringer.<\/p>\n<h3><strong>Et symbol p\u00e5 samhold og fremskritt<\/strong><\/h3>\n<p>Namibias flagg, som ble offisielt vedtatt i 1990, har en diagonal r\u00f8d stripe som symboliserer landets folk og deres vilje til \u00e5 oppn\u00e5 likestilling. Den bl\u00e5 trekanten representerer himmelen og Atlanterhavet, mens det gr\u00f8nne symboliserer jordbruk og naturressurser. Den gylne solen med 12 str\u00e5ler i \u00f8vre venstre hj\u00f8rne symboliserer liv og energi. Til sammen gjenspeiler disse elementene Namibias ambisjoner om samhold, velstand og en lys fremtid.<\/p>\n<h3><strong>Allsidig bruk<\/strong><\/h3>\n<p>Namibia-flagget er perfekt til nasjonale feiringer, kulturelle arrangementer, utstillinger eller personlige samlinger, og det er en meningsfull representasjon av landets identitet og verdier. De blekningsbestandige fargene og den robuste designen s\u00f8rger for at flagget forblir levende og virkningsfullt over tid.<\/p>","protected":false},"excerpt":{"rendered":"<p>150 x 90 cm stort flagg med 2 solide metallgjennomf\u00f8ringer for sikker opphengning.<\/p>","protected":false},"featured_media":1261,"comment_status":"open","ping_status":"closed","template":"","meta":{"_gspb_post_css":"","iawp_total_views":3},"product_brand":[],"product_cat":[60,58],"product_tag":[],"class_list":{"0":"post-2530","1":"product","2":"type-product","3":"status-publish","4":"has-post-thumbnail","6":"product_cat-africa-flags","7":"product_cat-country-flags","9":"first","10":"instock","11":"sale","12":"shipping-taxable","13":"purchasable","14":"product-type-simple"},"_links":{"self":[{"href":"https:\/\/cosmoflag.com\/nb\/wp-json\/wp\/v2\/product\/2530","targetHints":{"allow":["GET"]}}],"collection":[{"href":"https:\/\/cosmoflag.com\/nb\/wp-json\/wp\/v2\/product"}],"about":[{"href":"https:\/\/cosmoflag.com\/nb\/wp-json\/wp\/v2\/types\/product"}],"replies":[{"embeddable":true,"href":"https:\/\/cosmoflag.com\/nb\/wp-json\/wp\/v2\/comments?post=2530"}],"wp:featuredmedia":[{"embeddable":true,"href":"https:\/\/cosmoflag.com\/nb\/wp-json\/wp\/v2\/media\/1261"}],"wp:attachment":[{"href":"https:\/\/cosmoflag.com\/nb\/wp-json\/wp\/v2\/media?parent=2530"}],"wp:term":[{"taxonomy":"product_brand","embeddable":true,"href":"https:\/\/cosmoflag.com\/nb\/wp-json\/wp\/v2\/product_brand?post=2530"},{"taxonomy":"product_cat","embeddable":true,"href":"https:\/\/cosmoflag.com\/nb\/wp-json\/wp\/v2\/product_cat?post=2530"},{"taxonomy":"product_tag","embeddable":true,"href":"https:\/\/cosmoflag.com\/nb\/wp-json\/wp\/v2\/product_tag?post=2530"}],"curies":[{"name":"wp","href":"https:\/\/api.w.org\/{rel}","templated":true}]}}