{"id":2529,"date":"2024-12-20T11:32:00","date_gmt":"2024-12-20T09:32:00","guid":{"rendered":"https:\/\/cosmoflag.com\/?post_type=product&#038;p=2529"},"modified":"2025-11-27T20:53:32","modified_gmt":"2025-11-27T18:53:32","slug":"det-skotske-kongeflagget","status":"publish","type":"product","link":"https:\/\/cosmoflag.com\/nb\/produkt\/det-skotske-kongeflagget\/","title":{"rendered":"Royal Banner of Scotland-flagget"},"content":{"rendered":"<h3><strong>Royal Banner of Scotland Flag Features<\/strong><\/h3>\n<p>V\u00e5rt Royal Banner of Scotland-flagg er laget av f\u00f8rsteklasses polyester, noe som sikrer utmerket holdbarhet for langvarig bruk b\u00e5de innend\u00f8rs og utend\u00f8rs. Det har metallgjennomf\u00f8ringer for enkel montering og sikkert feste, selv under utfordrende v\u00e6rforhold. Med m\u00e5lene 90 x 150 cm er dette flagget godt synlig p\u00e5 stolper, vegger eller under historiske arrangementer og rekonstruksjoner.<\/p>\n<h3><strong>Et symbol p\u00e5 kongelig arv<\/strong><\/h3>\n<p>Skottlands kongelige fane, ogs\u00e5 kjent som \"l\u00f8ven som l\u00f8per\", er et emblem for det skotske monarkiet. Flagget har en dristig r\u00f8d l\u00f8ve som st\u00e5r p\u00e5 bakbena, omgitt av en dobbel r\u00f8d kant med liljer, alt mot en gyllen bakgrunn. Flagget var opprinnelig forbeholdt den skotske kongen, men er i dag et verdsatt symbol p\u00e5 Skottlands kongelige arv og kulturelle stolthet.<\/p>\n<h3><strong>Allsidig bruk<\/strong><\/h3>\n<p>Royal Banner of Scotland er perfekt til historiske rekonstruksjoner, kulturelle feiringer, utdanningsform\u00e5l eller personlige samlinger, og er en meningsfull representasjon av Skottlands kongelige fortid og nasjonale stolthet. De blekningsbestandige fargene og den robuste designen s\u00f8rger for at det forblir levende og virkningsfullt over tid.<\/p>","protected":false},"excerpt":{"rendered":"<p>150 x 90 cm stort flagg med 2 solide metallgjennomf\u00f8ringer for sikker opphengning.<\/p>","protected":false},"featured_media":1356,"comment_status":"open","ping_status":"closed","template":"","meta":{"_gspb_post_css":"","iawp_total_views":19},"product_brand":[],"product_cat":[71,70],"product_tag":[],"class_list":{"0":"post-2529","1":"product","2":"type-product","3":"status-publish","4":"has-post-thumbnail","6":"product_cat-united-kingdom-regions-flags","7":"product_cat-regional-flags","9":"first","10":"instock","11":"sale","12":"shipping-taxable","13":"purchasable","14":"product-type-simple"},"_links":{"self":[{"href":"https:\/\/cosmoflag.com\/nb\/wp-json\/wp\/v2\/product\/2529","targetHints":{"allow":["GET"]}}],"collection":[{"href":"https:\/\/cosmoflag.com\/nb\/wp-json\/wp\/v2\/product"}],"about":[{"href":"https:\/\/cosmoflag.com\/nb\/wp-json\/wp\/v2\/types\/product"}],"replies":[{"embeddable":true,"href":"https:\/\/cosmoflag.com\/nb\/wp-json\/wp\/v2\/comments?post=2529"}],"wp:featuredmedia":[{"embeddable":true,"href":"https:\/\/cosmoflag.com\/nb\/wp-json\/wp\/v2\/media\/1356"}],"wp:attachment":[{"href":"https:\/\/cosmoflag.com\/nb\/wp-json\/wp\/v2\/media?parent=2529"}],"wp:term":[{"taxonomy":"product_brand","embeddable":true,"href":"https:\/\/cosmoflag.com\/nb\/wp-json\/wp\/v2\/product_brand?post=2529"},{"taxonomy":"product_cat","embeddable":true,"href":"https:\/\/cosmoflag.com\/nb\/wp-json\/wp\/v2\/product_cat?post=2529"},{"taxonomy":"product_tag","embeddable":true,"href":"https:\/\/cosmoflag.com\/nb\/wp-json\/wp\/v2\/product_tag?post=2529"}],"curies":[{"name":"wp","href":"https:\/\/api.w.org\/{rel}","templated":true}]}}