{"id":2527,"date":"2024-12-20T10:45:00","date_gmt":"2024-12-20T08:45:00","guid":{"rendered":"https:\/\/cosmoflag.com\/?post_type=product&#038;p=2527"},"modified":"2025-08-12T21:18:47","modified_gmt":"2025-08-12T19:18:47","slug":"sicilias-flagg","status":"publish","type":"product","link":"https:\/\/cosmoflag.com\/nb\/produkt\/sicilias-flagg\/","title":{"rendered":"Sicilias flagg"},"content":{"rendered":"<h3><strong>Sicilia Flagg Egenskaper<\/strong><\/h3>\n<p>V\u00e5rt Sicilia-flagg er laget av f\u00f8rsteklasses polyester, noe som sikrer utmerket holdbarhet for langvarig bruk b\u00e5de innend\u00f8rs og utend\u00f8rs. Det inkluderer metallgjennomf\u00f8ringer for enkel montering og sikkert feste, selv under utfordrende v\u00e6rforhold. Med m\u00e5lene 90 x 150 cm er dette flagget godt synlig p\u00e5 stolper, vegger eller under kulturelle arrangementer og festivaler.<\/p>\n<h3><strong>Et symbol p\u00e5 arv og identitet<\/strong><\/h3>\n<p>Sicilias flagg, som ble offisielt vedtatt i 1282 og gjeninnf\u00f8rt i 2000, har et sl\u00e5ende design med to diagonale halvdeler i r\u00f8dt og gult, som representerer Palermo og Corleone. I midten er Trinacria, en trebeint figur med et medusahode omgitt av hveteaks, som symboliserer Sicilias trekantede form, fruktbarheten i jordbruket og de gamle r\u00f8ttene. Dette unike flagget er en kraftfull representasjon av \u00f8yas rike kulturhistorie og identitet.<\/p>\n<h3><strong>Allsidig bruk<\/strong><\/h3>\n<p>Sicilia-flagget er perfekt for kulturelle feiringer, historiske rekonstruksjoner, pedagogiske utstillinger eller personlige samlinger, og det er en meningsfull representasjon av regionens arv. De blekningsbestandige fargene og den robuste designen s\u00f8rger for at det forblir levende og effektfullt over tid.<\/p>","protected":false},"excerpt":{"rendered":"<p>150 x 90 cm stort flagg med 2 solide metallgjennomf\u00f8ringer for sikker opphengning.<\/p>","protected":false},"featured_media":1388,"comment_status":"open","ping_status":"closed","template":"","meta":{"_gspb_post_css":"","iawp_total_views":12},"product_brand":[],"product_cat":[70],"product_tag":[],"class_list":{"0":"post-2527","1":"product","2":"type-product","3":"status-publish","4":"has-post-thumbnail","6":"product_cat-regional-flags","8":"first","9":"instock","10":"sale","11":"shipping-taxable","12":"purchasable","13":"product-type-simple"},"_links":{"self":[{"href":"https:\/\/cosmoflag.com\/nb\/wp-json\/wp\/v2\/product\/2527","targetHints":{"allow":["GET"]}}],"collection":[{"href":"https:\/\/cosmoflag.com\/nb\/wp-json\/wp\/v2\/product"}],"about":[{"href":"https:\/\/cosmoflag.com\/nb\/wp-json\/wp\/v2\/types\/product"}],"replies":[{"embeddable":true,"href":"https:\/\/cosmoflag.com\/nb\/wp-json\/wp\/v2\/comments?post=2527"}],"wp:featuredmedia":[{"embeddable":true,"href":"https:\/\/cosmoflag.com\/nb\/wp-json\/wp\/v2\/media\/1388"}],"wp:attachment":[{"href":"https:\/\/cosmoflag.com\/nb\/wp-json\/wp\/v2\/media?parent=2527"}],"wp:term":[{"taxonomy":"product_brand","embeddable":true,"href":"https:\/\/cosmoflag.com\/nb\/wp-json\/wp\/v2\/product_brand?post=2527"},{"taxonomy":"product_cat","embeddable":true,"href":"https:\/\/cosmoflag.com\/nb\/wp-json\/wp\/v2\/product_cat?post=2527"},{"taxonomy":"product_tag","embeddable":true,"href":"https:\/\/cosmoflag.com\/nb\/wp-json\/wp\/v2\/product_tag?post=2527"}],"curies":[{"name":"wp","href":"https:\/\/api.w.org\/{rel}","templated":true}]}}