{"id":2526,"date":"2024-12-20T10:42:00","date_gmt":"2024-12-20T08:42:00","guid":{"rendered":"https:\/\/cosmoflag.com\/?post_type=product&#038;p=2526"},"modified":"2025-08-12T21:18:47","modified_gmt":"2025-08-12T19:18:47","slug":"andorra-flagg","status":"publish","type":"product","link":"https:\/\/cosmoflag.com\/nb\/produkt\/andorra-flagg\/","title":{"rendered":"Andorras flagg"},"content":{"rendered":"<h3><strong>Andorra Flagg funksjoner<\/strong><\/h3>\n<p>Andorra-flagget v\u00e5rt er laget av f\u00f8rsteklasses polyester, noe som sikrer utmerket holdbarhet for langvarig bruk b\u00e5de innend\u00f8rs og utend\u00f8rs. Det har metallgjennomf\u00f8ringer for enkel montering og sikkert feste, selv under utfordrende v\u00e6rforhold. Med m\u00e5lene 90 x 150 cm er dette flagget godt synlig p\u00e5 stolper, vegger eller under nasjonale feiringer og arrangementer.<\/p>\n<h3><strong>Et symbol p\u00e5 samhold og uavhengighet<\/strong><\/h3>\n<p>Andorras flagg, som ble offisielt vedtatt i 1866, har tre vertikale striper i bl\u00e5tt, gult og r\u00f8dt. Det bl\u00e5 symboliserer fred, det gule representerer velstand, og det r\u00f8de symboliserer det andorranske folkets mot. I midten er det et v\u00e5penskjold som viser nasjonens historiske b\u00e5nd til Frankrike og Spania. Mottoet \"Virtus Unita Fortior\" (forent dyd er sterkere) symboliserer Andorras samhold og styrke.<\/p>\n<h3><strong>Allsidig bruk<\/strong><\/h3>\n<p>Andorra-flagget er perfekt for nasjonale feiringer, kulturelle arrangementer, pedagogiske utstillinger eller personlige samlinger, og det er en meningsfull representasjon av landets identitet og arv. De blekningsbestandige fargene og den robuste designen s\u00f8rger for at flagget forblir levende og virkningsfullt over tid.<\/p>","protected":false},"excerpt":{"rendered":"<p>150 x 90 cm stort flagg med 2 solide metallgjennomf\u00f8ringer for sikker opphengning.<\/p>","protected":false},"featured_media":1454,"comment_status":"open","ping_status":"closed","template":"","meta":{"_gspb_post_css":"","iawp_total_views":12},"product_brand":[],"product_cat":[65,58],"product_tag":[],"class_list":{"0":"post-2526","1":"product","2":"type-product","3":"status-publish","4":"has-post-thumbnail","6":"product_cat-europe-flags","7":"product_cat-country-flags","9":"first","10":"instock","11":"sale","12":"shipping-taxable","13":"purchasable","14":"product-type-simple"},"_links":{"self":[{"href":"https:\/\/cosmoflag.com\/nb\/wp-json\/wp\/v2\/product\/2526","targetHints":{"allow":["GET"]}}],"collection":[{"href":"https:\/\/cosmoflag.com\/nb\/wp-json\/wp\/v2\/product"}],"about":[{"href":"https:\/\/cosmoflag.com\/nb\/wp-json\/wp\/v2\/types\/product"}],"replies":[{"embeddable":true,"href":"https:\/\/cosmoflag.com\/nb\/wp-json\/wp\/v2\/comments?post=2526"}],"wp:featuredmedia":[{"embeddable":true,"href":"https:\/\/cosmoflag.com\/nb\/wp-json\/wp\/v2\/media\/1454"}],"wp:attachment":[{"href":"https:\/\/cosmoflag.com\/nb\/wp-json\/wp\/v2\/media?parent=2526"}],"wp:term":[{"taxonomy":"product_brand","embeddable":true,"href":"https:\/\/cosmoflag.com\/nb\/wp-json\/wp\/v2\/product_brand?post=2526"},{"taxonomy":"product_cat","embeddable":true,"href":"https:\/\/cosmoflag.com\/nb\/wp-json\/wp\/v2\/product_cat?post=2526"},{"taxonomy":"product_tag","embeddable":true,"href":"https:\/\/cosmoflag.com\/nb\/wp-json\/wp\/v2\/product_tag?post=2526"}],"curies":[{"name":"wp","href":"https:\/\/api.w.org\/{rel}","templated":true}]}}