{"id":2525,"date":"2024-12-19T23:07:00","date_gmt":"2024-12-19T21:07:00","guid":{"rendered":"https:\/\/cosmoflag.com\/?post_type=product&#038;p=2525"},"modified":"2025-08-12T21:18:47","modified_gmt":"2025-08-12T19:18:47","slug":"bangladesh-flagg","status":"publish","type":"product","link":"https:\/\/cosmoflag.com\/nb\/produkt\/bangladesh-flagg\/","title":{"rendered":"Bangladeshs flagg"},"content":{"rendered":"<h3><strong>Bangladesh Flagg Egenskaper<\/strong><\/h3>\n<p>Bangladesh-flagget v\u00e5rt er laget av f\u00f8rsteklasses polyester, noe som sikrer utmerket holdbarhet for langvarig bruk b\u00e5de innend\u00f8rs og utend\u00f8rs. Det har metallgjennomf\u00f8ringer for enkel montering og sikkert feste, selv under utfordrende v\u00e6rforhold. Med m\u00e5lene 90 x 150 cm er dette flagget godt synlig p\u00e5 stolper, vegger eller under nasjonale arrangementer og feiringer.<\/p>\n<h3><strong>Et symbol p\u00e5 samhold og uavhengighet<\/strong><\/h3>\n<p>Bangladeshs flagg, som offisielt ble tatt i bruk i 1972, har et dypgr\u00f8nt felt som symboliserer landets frodige landskap og folkets livskraft. I midten ligger en kraftig r\u00f8d sirkel, som representerer blodsutgytelsen for uavhengighet og den nye nasjonens soloppgang. Dette minimalistiske, men kraftfulle designet gjenspeiler det bangladeshiske folkets motstandskraft og stolthet.<\/p>\n<h3><strong>Allsidig bruk<\/strong><\/h3>\n<p>Bangladesh-flagget er perfekt til nasjonale feiringer, kulturelle arrangementer, pedagogiske utstillinger eller personlige samlinger, og det er en meningsfull representasjon av landets historie og verdier. De blekningsbestandige fargene og den robuste designen s\u00f8rger for at flagget forblir levende og virkningsfullt over tid.<\/p>","protected":false},"excerpt":{"rendered":"<p>150 x 90 cm stort flagg med 2 solide metallgjennomf\u00f8ringer for sikker opphengning.<\/p>","protected":false},"featured_media":1477,"comment_status":"open","ping_status":"closed","template":"","meta":{"_gspb_post_css":"","iawp_total_views":7},"product_brand":[],"product_cat":[64,58],"product_tag":[],"class_list":{"0":"post-2525","1":"product","2":"type-product","3":"status-publish","4":"has-post-thumbnail","6":"product_cat-asia-flags","7":"product_cat-country-flags","9":"first","10":"instock","11":"sale","12":"shipping-taxable","13":"purchasable","14":"product-type-simple"},"_links":{"self":[{"href":"https:\/\/cosmoflag.com\/nb\/wp-json\/wp\/v2\/product\/2525","targetHints":{"allow":["GET"]}}],"collection":[{"href":"https:\/\/cosmoflag.com\/nb\/wp-json\/wp\/v2\/product"}],"about":[{"href":"https:\/\/cosmoflag.com\/nb\/wp-json\/wp\/v2\/types\/product"}],"replies":[{"embeddable":true,"href":"https:\/\/cosmoflag.com\/nb\/wp-json\/wp\/v2\/comments?post=2525"}],"wp:featuredmedia":[{"embeddable":true,"href":"https:\/\/cosmoflag.com\/nb\/wp-json\/wp\/v2\/media\/1477"}],"wp:attachment":[{"href":"https:\/\/cosmoflag.com\/nb\/wp-json\/wp\/v2\/media?parent=2525"}],"wp:term":[{"taxonomy":"product_brand","embeddable":true,"href":"https:\/\/cosmoflag.com\/nb\/wp-json\/wp\/v2\/product_brand?post=2525"},{"taxonomy":"product_cat","embeddable":true,"href":"https:\/\/cosmoflag.com\/nb\/wp-json\/wp\/v2\/product_cat?post=2525"},{"taxonomy":"product_tag","embeddable":true,"href":"https:\/\/cosmoflag.com\/nb\/wp-json\/wp\/v2\/product_tag?post=2525"}],"curies":[{"name":"wp","href":"https:\/\/api.w.org\/{rel}","templated":true}]}}