{"id":2524,"date":"2024-12-19T23:04:00","date_gmt":"2024-12-19T21:04:00","guid":{"rendered":"https:\/\/cosmoflag.com\/?post_type=product&#038;p=2524"},"modified":"2025-08-12T21:18:48","modified_gmt":"2025-08-12T19:18:48","slug":"barbados-flagg","status":"publish","type":"product","link":"https:\/\/cosmoflag.com\/nb\/produkt\/barbados-flagg\/","title":{"rendered":"Barbados Flagg"},"content":{"rendered":"<h3><strong>Barbados flagg funksjoner<\/strong><\/h3>\n<p>V\u00e5rt Barbados-flagg er laget av f\u00f8rsteklasses polyester, noe som sikrer utmerket holdbarhet for langvarig bruk innend\u00f8rs og utend\u00f8rs. Det har metallgjennomf\u00f8ringer for enkel montering og sikkert hold, selv under utfordrende v\u00e6rforhold. Med m\u00e5lene 90 x 150 cm er dette flagget godt synlig p\u00e5 stolper, vegger eller under nasjonale feiringer.<\/p>\n<h3><strong>Et symbol p\u00e5 uavhengighet og stolthet<\/strong><\/h3>\n<p>Barbados-flagget, som ble offisielt vedtatt i 1966 under landets uavhengighet, har tre vertikale striper: ultramarinbl\u00e5tt p\u00e5 sidene og gyllengult i midten. Det bl\u00e5 representerer havet og himmelen, mens det gule symboliserer landets sandstrender og livlige kultur. I midten ligger en knust trefork, som representerer bruddet med kolonistyret og styrken i Barbados arv.<\/p>\n<h3><strong>Allsidig bruk<\/strong><\/h3>\n<p>Barbados-flagget er perfekt for nasjonale feiringer, kulturelle arrangementer, pedagogiske utstillinger eller personlige samlinger, og er en meningsfull representasjon av \u00f8yas identitet og historie. De falmebestandige fargene og den robuste designen s\u00f8rger for at det forblir levende og virkningsfullt over tid.<\/p>","protected":false},"excerpt":{"rendered":"<p>150 x 90 cm stort flagg med 2 solide metallgjennomf\u00f8ringer for sikker opphengning.<\/p>","protected":false},"featured_media":1484,"comment_status":"open","ping_status":"closed","template":"","meta":{"_gspb_post_css":"","iawp_total_views":3},"product_brand":[],"product_cat":[62,58],"product_tag":[],"class_list":{"0":"post-2524","1":"product","2":"type-product","3":"status-publish","4":"has-post-thumbnail","6":"product_cat-north-america-flags","7":"product_cat-country-flags","9":"first","10":"instock","11":"sale","12":"shipping-taxable","13":"purchasable","14":"product-type-simple"},"_links":{"self":[{"href":"https:\/\/cosmoflag.com\/nb\/wp-json\/wp\/v2\/product\/2524","targetHints":{"allow":["GET"]}}],"collection":[{"href":"https:\/\/cosmoflag.com\/nb\/wp-json\/wp\/v2\/product"}],"about":[{"href":"https:\/\/cosmoflag.com\/nb\/wp-json\/wp\/v2\/types\/product"}],"replies":[{"embeddable":true,"href":"https:\/\/cosmoflag.com\/nb\/wp-json\/wp\/v2\/comments?post=2524"}],"wp:featuredmedia":[{"embeddable":true,"href":"https:\/\/cosmoflag.com\/nb\/wp-json\/wp\/v2\/media\/1484"}],"wp:attachment":[{"href":"https:\/\/cosmoflag.com\/nb\/wp-json\/wp\/v2\/media?parent=2524"}],"wp:term":[{"taxonomy":"product_brand","embeddable":true,"href":"https:\/\/cosmoflag.com\/nb\/wp-json\/wp\/v2\/product_brand?post=2524"},{"taxonomy":"product_cat","embeddable":true,"href":"https:\/\/cosmoflag.com\/nb\/wp-json\/wp\/v2\/product_cat?post=2524"},{"taxonomy":"product_tag","embeddable":true,"href":"https:\/\/cosmoflag.com\/nb\/wp-json\/wp\/v2\/product_tag?post=2524"}],"curies":[{"name":"wp","href":"https:\/\/api.w.org\/{rel}","templated":true}]}}