{"id":2523,"date":"2024-12-19T23:01:00","date_gmt":"2024-12-19T21:01:00","guid":{"rendered":"https:\/\/cosmoflag.com\/?post_type=product&#038;p=2523"},"modified":"2025-08-12T21:18:48","modified_gmt":"2025-08-12T19:18:48","slug":"berberflagg","status":"publish","type":"product","link":"https:\/\/cosmoflag.com\/nb\/produkt\/berberflagg\/","title":{"rendered":"Berbernes flagg"},"content":{"rendered":"<h3><strong>Berberflaggets funksjoner<\/strong><\/h3>\n<p>V\u00e5rt berberflagg (Amazigh) er laget av f\u00f8rsteklasses polyester, noe som sikrer holdbarhet for langvarig bruk b\u00e5de innend\u00f8rs og utend\u00f8rs. Det har metallgjennomf\u00f8ringer for enkel montering og sikkert feste, selv under utfordrende v\u00e6rforhold. Med m\u00e5lene 90 x 150 cm er dette flagget godt synlig p\u00e5 stolper, vegger eller under kulturelle arrangementer og sammenkomster.<\/p>\n<h3><strong>Et symbol p\u00e5 identitet og frihet<\/strong><\/h3>\n<p>Berberflagget, ogs\u00e5 kjent som Amazigh-flagget, representerer enheten og den kulturelle stoltheten til berberfolket i hele Nord-Afrika. De tre horisontale stripene i bl\u00e5tt, gr\u00f8nt og gult symboliserer henholdsvis Middelhavet, Amazigh-landene og Sahara-\u00f8rkenen. Det kraftige r\u00f8de \"Yaz\"-symbolet i midten, skrevet med Tifinagh-skrift, st\u00e5r for frihet og amazigh-folkets utholdende \u00e5nd.<\/p>\n<h3><strong>Allsidig bruk<\/strong><\/h3>\n<p>Berberflagget er perfekt for kulturelle arrangementer, pedagogiske utstillinger, samlinger i lokalsamfunnet eller personlige samlinger, og det er en meningsfull representasjon av amazigh-folkets arv og identitet. De blekningsbestandige fargene og den robuste designen s\u00f8rger for at flagget forblir levende og virkningsfullt over tid.<\/p>","protected":false},"excerpt":{"rendered":"<p>150 x 90 cm stort flagg med 2 solide metallgjennomf\u00f8ringer for sikker opphengning.<\/p>","protected":false},"featured_media":1491,"comment_status":"open","ping_status":"closed","template":"","meta":{"_gspb_post_css":"","iawp_total_views":49},"product_brand":[],"product_cat":[69],"product_tag":[],"class_list":{"0":"post-2523","1":"product","2":"type-product","3":"status-publish","4":"has-post-thumbnail","6":"product_cat-historical-flags","8":"first","9":"instock","10":"sale","11":"shipping-taxable","12":"purchasable","13":"product-type-simple"},"_links":{"self":[{"href":"https:\/\/cosmoflag.com\/nb\/wp-json\/wp\/v2\/product\/2523","targetHints":{"allow":["GET"]}}],"collection":[{"href":"https:\/\/cosmoflag.com\/nb\/wp-json\/wp\/v2\/product"}],"about":[{"href":"https:\/\/cosmoflag.com\/nb\/wp-json\/wp\/v2\/types\/product"}],"replies":[{"embeddable":true,"href":"https:\/\/cosmoflag.com\/nb\/wp-json\/wp\/v2\/comments?post=2523"}],"wp:featuredmedia":[{"embeddable":true,"href":"https:\/\/cosmoflag.com\/nb\/wp-json\/wp\/v2\/media\/1491"}],"wp:attachment":[{"href":"https:\/\/cosmoflag.com\/nb\/wp-json\/wp\/v2\/media?parent=2523"}],"wp:term":[{"taxonomy":"product_brand","embeddable":true,"href":"https:\/\/cosmoflag.com\/nb\/wp-json\/wp\/v2\/product_brand?post=2523"},{"taxonomy":"product_cat","embeddable":true,"href":"https:\/\/cosmoflag.com\/nb\/wp-json\/wp\/v2\/product_cat?post=2523"},{"taxonomy":"product_tag","embeddable":true,"href":"https:\/\/cosmoflag.com\/nb\/wp-json\/wp\/v2\/product_tag?post=2523"}],"curies":[{"name":"wp","href":"https:\/\/api.w.org\/{rel}","templated":true}]}}