{"id":2522,"date":"2024-12-19T22:31:00","date_gmt":"2024-12-19T20:31:00","guid":{"rendered":"https:\/\/cosmoflag.com\/?post_type=product&#038;p=2522"},"modified":"2025-08-12T21:18:49","modified_gmt":"2025-08-12T19:18:49","slug":"chicago-byflagg","status":"publish","type":"product","link":"https:\/\/cosmoflag.com\/nb\/produkt\/chicago-byflagg\/","title":{"rendered":"Chicago byflagg"},"content":{"rendered":"<h3><strong>Chicago City Flag Features<\/strong><\/h3>\n<p>V\u00e5rt Chicago City-flagg er laget av f\u00f8rsteklasses polyester, noe som sikrer utmerket holdbarhet for langvarig bruk b\u00e5de innend\u00f8rs og utend\u00f8rs. Det inkluderer metallgjennomf\u00f8ringer for enkel montering og sikkert feste, selv under utfordrende v\u00e6rforhold. Med m\u00e5lene 90 x 150 cm er dette flagget godt synlig p\u00e5 stolper, vegger eller under arrangementer og feiringer i byen.<\/p>\n<h3><strong>Et symbol p\u00e5 Chicagos arv<\/strong><\/h3>\n<p>Chicago-flagget, som ble tatt i bruk i 1917, har to horisontale bl\u00e5 striper p\u00e5 et hvitt felt, som representerer Lake Michigan og Chicago-elven. Mellom stripene ligger fire r\u00f8de stjerner, som symboliserer viktige hendelser i byens historie: Fort Dearborn, den store Chicagobrannen, World's Columbian Exposition og Century of Progress Exposition. Dette tidl\u00f8se designet gjenspeiler Chicagos motstandskraft, fremgang og kulturelle stolthet.<\/p>\n<h3><strong>Allsidig bruk<\/strong><\/h3>\n<p>Chicago-flagget er perfekt til byfeiringer, kulturelle arrangementer, utdanningsform\u00e5l eller som en del av en personlig samling, og det er en meningsfull representasjon av byens arv og identitet. De blekningsbestandige fargene og den robuste designen s\u00f8rger for at flagget forblir levende og virkningsfullt over tid.<\/p>","protected":false},"excerpt":{"rendered":"<p>150 x 90 cm stort flagg med 2 solide metallgjennomf\u00f8ringer for sikker opphengning.<\/p>","protected":false},"featured_media":1530,"comment_status":"open","ping_status":"closed","template":"","meta":{"_gspb_post_css":"","iawp_total_views":0},"product_brand":[],"product_cat":[72,70],"product_tag":[],"class_list":{"0":"post-2522","1":"product","2":"type-product","3":"status-publish","4":"has-post-thumbnail","6":"product_cat-american-state-flags","7":"product_cat-regional-flags","9":"first","10":"instock","11":"sale","12":"shipping-taxable","13":"purchasable","14":"product-type-simple"},"_links":{"self":[{"href":"https:\/\/cosmoflag.com\/nb\/wp-json\/wp\/v2\/product\/2522","targetHints":{"allow":["GET"]}}],"collection":[{"href":"https:\/\/cosmoflag.com\/nb\/wp-json\/wp\/v2\/product"}],"about":[{"href":"https:\/\/cosmoflag.com\/nb\/wp-json\/wp\/v2\/types\/product"}],"replies":[{"embeddable":true,"href":"https:\/\/cosmoflag.com\/nb\/wp-json\/wp\/v2\/comments?post=2522"}],"wp:featuredmedia":[{"embeddable":true,"href":"https:\/\/cosmoflag.com\/nb\/wp-json\/wp\/v2\/media\/1530"}],"wp:attachment":[{"href":"https:\/\/cosmoflag.com\/nb\/wp-json\/wp\/v2\/media?parent=2522"}],"wp:term":[{"taxonomy":"product_brand","embeddable":true,"href":"https:\/\/cosmoflag.com\/nb\/wp-json\/wp\/v2\/product_brand?post=2522"},{"taxonomy":"product_cat","embeddable":true,"href":"https:\/\/cosmoflag.com\/nb\/wp-json\/wp\/v2\/product_cat?post=2522"},{"taxonomy":"product_tag","embeddable":true,"href":"https:\/\/cosmoflag.com\/nb\/wp-json\/wp\/v2\/product_tag?post=2522"}],"curies":[{"name":"wp","href":"https:\/\/api.w.org\/{rel}","templated":true}]}}