{"id":2521,"date":"2024-12-19T22:25:00","date_gmt":"2024-12-19T20:25:00","guid":{"rendered":"https:\/\/cosmoflag.com\/?post_type=product&#038;p=2521"},"modified":"2025-08-12T21:20:25","modified_gmt":"2025-08-12T19:20:25","slug":"komorenes-flagg","status":"publish","type":"product","link":"https:\/\/cosmoflag.com\/nb\/produkt\/komorenes-flagg\/","title":{"rendered":"Komorenes flagg"},"content":{"rendered":"<h3><strong>Komorenes flagg funksjoner<\/strong><\/h3>\n<p>V\u00e5rt Komorene-flagg er laget av f\u00f8rsteklasses polyester, noe som sikrer utmerket holdbarhet for langvarig bruk b\u00e5de innend\u00f8rs og utend\u00f8rs. Det har metallgjennomf\u00f8ringer for enkel montering og sikkert feste, selv under utfordrende v\u00e6rforhold. Med m\u00e5lene 90 x 150 cm er dette flagget godt synlig p\u00e5 stolper, vegger eller under kulturelle arrangementer og feiringer.<\/p>\n<h3><strong>Et symbol p\u00e5 samhold og kulturelt mangfold<\/strong><\/h3>\n<p>Komorenes flagg, som ble offisielt vedtatt i 2002, har fire horisontale striper i gult, hvitt, r\u00f8dt og bl\u00e5tt, som representerer de fire hoved\u00f8yene i \u00f8ygruppen Komorene: Moh\u00e9li, Mayotte, Anjouan og Grande Comore. En gr\u00f8nn trekant p\u00e5 l\u00f8ftesiden inneholder en hvit halvm\u00e5ne og fire stjerner, som symboliserer islam og enhet mellom \u00f8yene. Dette livlige designet gjenspeiler Komorenes rike historie og kulturelle mangfold.<\/p>\n<h3><strong>Allsidig bruk<\/strong><\/h3>\n<p>Komorenes flagg er perfekt til nasjonale feiringer, kulturelle arrangementer, utstillinger eller personlige samlinger, og det er en meningsfull representasjon av landets identitet og verdier. De blekningsbestandige fargene og den robuste designen s\u00f8rger for at flagget forblir levende og virkningsfullt over tid.<\/p>","protected":false},"excerpt":{"rendered":"<p>150 x 90 cm stort flagg med 2 solide metallgjennomf\u00f8ringer for sikker opphengning.<\/p>","protected":false},"featured_media":1532,"comment_status":"open","ping_status":"closed","template":"","meta":{"_gspb_post_css":"","iawp_total_views":17},"product_brand":[],"product_cat":[60,58],"product_tag":[],"class_list":{"0":"post-2521","1":"product","2":"type-product","3":"status-publish","4":"has-post-thumbnail","6":"product_cat-africa-flags","7":"product_cat-country-flags","9":"first","10":"instock","11":"sale","12":"shipping-taxable","13":"purchasable","14":"product-type-simple"},"_links":{"self":[{"href":"https:\/\/cosmoflag.com\/nb\/wp-json\/wp\/v2\/product\/2521","targetHints":{"allow":["GET"]}}],"collection":[{"href":"https:\/\/cosmoflag.com\/nb\/wp-json\/wp\/v2\/product"}],"about":[{"href":"https:\/\/cosmoflag.com\/nb\/wp-json\/wp\/v2\/types\/product"}],"replies":[{"embeddable":true,"href":"https:\/\/cosmoflag.com\/nb\/wp-json\/wp\/v2\/comments?post=2521"}],"wp:featuredmedia":[{"embeddable":true,"href":"https:\/\/cosmoflag.com\/nb\/wp-json\/wp\/v2\/media\/1532"}],"wp:attachment":[{"href":"https:\/\/cosmoflag.com\/nb\/wp-json\/wp\/v2\/media?parent=2521"}],"wp:term":[{"taxonomy":"product_brand","embeddable":true,"href":"https:\/\/cosmoflag.com\/nb\/wp-json\/wp\/v2\/product_brand?post=2521"},{"taxonomy":"product_cat","embeddable":true,"href":"https:\/\/cosmoflag.com\/nb\/wp-json\/wp\/v2\/product_cat?post=2521"},{"taxonomy":"product_tag","embeddable":true,"href":"https:\/\/cosmoflag.com\/nb\/wp-json\/wp\/v2\/product_tag?post=2521"}],"curies":[{"name":"wp","href":"https:\/\/api.w.org\/{rel}","templated":true}]}}