{"id":2518,"date":"2024-12-19T21:58:00","date_gmt":"2024-12-19T19:58:00","guid":{"rendered":"https:\/\/cosmoflag.com\/?post_type=product&#038;p=2518"},"modified":"2025-08-12T21:20:26","modified_gmt":"2025-08-12T19:20:26","slug":"eritreas-flagg","status":"publish","type":"product","link":"https:\/\/cosmoflag.com\/nb\/produkt\/eritreas-flagg\/","title":{"rendered":"Eritreas flagg"},"content":{"rendered":"<h3><strong>Eritreas flaggfunksjoner<\/strong><\/h3>\n<p>Eritrea-flagget v\u00e5rt er laget av f\u00f8rsteklasses polyester, noe som sikrer utmerket holdbarhet for langvarig bruk b\u00e5de innend\u00f8rs og utend\u00f8rs. Det har metallgjennomf\u00f8ringer for enkel montering og sikkert hold, selv under utfordrende v\u00e6rforhold. Med m\u00e5lene 90 x 150 cm gir dette flagget enest\u00e5ende synlighet p\u00e5 stolper, vegger eller under nasjonale feiringer.<\/p>\n<h3><strong>Et symbol p\u00e5 samhold og fremskritt<\/strong><\/h3>\n<p>Eritreas flagg, som ble offisielt vedtatt i 1995, har et unikt trekantet design med gr\u00f8nne, r\u00f8de og bl\u00e5 felter. Det gr\u00f8nne representerer landets jordbruk og \u00f8konomi, det bl\u00e5 symboliserer R\u00f8dehavet, og det r\u00f8de symboliserer ofrene som ble gjort for uavhengigheten. I den r\u00f8de trekanten ligger en gyllen olivengren omgitt av en krans, som symboliserer fred og nasjonens varige styrke. Til sammen legemliggj\u00f8r disse elementene Eritreas identitet og ambisjoner.<\/p>\n<h3><strong>Allsidig bruk<\/strong><\/h3>\n<p>Eritrea-flagget er perfekt til nasjonale feiringer, kulturelle arrangementer, utdanningsform\u00e5l eller personlige samlinger, og det er en meningsfull representasjon av landets historie og verdier. De blekningsbestandige fargene og den robuste designen s\u00f8rger for at flagget forblir levende og virkningsfullt over tid.<\/p>","protected":false},"excerpt":{"rendered":"<p>150 x 90 cm stort flagg med 2 solide metallgjennomf\u00f8ringer for sikker opphengning.<\/p>","protected":false},"featured_media":1549,"comment_status":"open","ping_status":"closed","template":"","meta":{"_gspb_post_css":"","iawp_total_views":13},"product_brand":[],"product_cat":[60,58],"product_tag":[],"class_list":{"0":"post-2518","1":"product","2":"type-product","3":"status-publish","4":"has-post-thumbnail","6":"product_cat-africa-flags","7":"product_cat-country-flags","9":"first","10":"instock","11":"sale","12":"shipping-taxable","13":"purchasable","14":"product-type-simple"},"_links":{"self":[{"href":"https:\/\/cosmoflag.com\/nb\/wp-json\/wp\/v2\/product\/2518","targetHints":{"allow":["GET"]}}],"collection":[{"href":"https:\/\/cosmoflag.com\/nb\/wp-json\/wp\/v2\/product"}],"about":[{"href":"https:\/\/cosmoflag.com\/nb\/wp-json\/wp\/v2\/types\/product"}],"replies":[{"embeddable":true,"href":"https:\/\/cosmoflag.com\/nb\/wp-json\/wp\/v2\/comments?post=2518"}],"wp:featuredmedia":[{"embeddable":true,"href":"https:\/\/cosmoflag.com\/nb\/wp-json\/wp\/v2\/media\/1549"}],"wp:attachment":[{"href":"https:\/\/cosmoflag.com\/nb\/wp-json\/wp\/v2\/media?parent=2518"}],"wp:term":[{"taxonomy":"product_brand","embeddable":true,"href":"https:\/\/cosmoflag.com\/nb\/wp-json\/wp\/v2\/product_brand?post=2518"},{"taxonomy":"product_cat","embeddable":true,"href":"https:\/\/cosmoflag.com\/nb\/wp-json\/wp\/v2\/product_cat?post=2518"},{"taxonomy":"product_tag","embeddable":true,"href":"https:\/\/cosmoflag.com\/nb\/wp-json\/wp\/v2\/product_tag?post=2518"}],"curies":[{"name":"wp","href":"https:\/\/api.w.org\/{rel}","templated":true}]}}