{"id":2517,"date":"2024-12-19T21:54:00","date_gmt":"2024-12-19T19:54:00","guid":{"rendered":"https:\/\/cosmoflag.com\/?post_type=product&#038;p=2517"},"modified":"2026-02-17T15:27:05","modified_gmt":"2026-02-17T13:27:05","slug":"den-europeiske-unions-flagg","status":"publish","type":"product","link":"https:\/\/cosmoflag.com\/nb\/produkt\/den-europeiske-unions-flagg\/","title":{"rendered":"Den europeiske unions flagg"},"content":{"rendered":"<h3><strong>Den europeiske unions flaggfunksjoner<\/strong><\/h3>\n<p>EU-flagget v\u00e5rt er laget av f\u00f8rsteklasses polyester, noe som sikrer utmerket holdbarhet for langvarig bruk b\u00e5de innend\u00f8rs og utend\u00f8rs. Det har metallgjennomf\u00f8ringer for enkel montering og sikkert feste, selv under utfordrende v\u00e6rforhold. Med m\u00e5lene 90 x 150 cm er dette flagget godt synlig p\u00e5 stolper, vegger eller under offisielle og kulturelle arrangementer.<\/p>\n<h3><strong>Et symbol p\u00e5 samhold og samarbeid<\/strong><\/h3>\n<p>EU-flagget, som ble vedtatt i 1986, har et dypbl\u00e5tt felt som symboliserer enhet og harmoni mellom de europeiske folkene. I midten er det tolv gylne stjerner i en sirkel som representerer solidaritet, fullkommenhet og fullstendighet, noe som gjenspeiler EUs grunnprinsipper. Flagget er et varig symbol p\u00e5 samarbeid, demokrati og felles verdier p\u00e5 tvers av medlemslandene.<\/p>\n<h3><strong>Allsidig bruk<\/strong><\/h3>\n<p>EU-flagget er perfekt til offisielle arrangementer, undervisningsform\u00e5l, kulturelle utstillinger eller personlige samlinger, og det er en meningsfull representasjon av europeisk enhet og felles identitet. De blekningsbestandige fargene og den robuste utformingen sikrer at flagget forblir levende og effektfullt over tid.<\/p>","protected":false},"excerpt":{"rendered":"<p>150 x 90 cm stort flagg med 2 solide metallgjennomf\u00f8ringer for sikker opphengning.<\/p>","protected":false},"featured_media":1560,"comment_status":"open","ping_status":"closed","template":"","meta":{"_gspb_post_css":"","iawp_total_views":72},"product_brand":[],"product_cat":[68],"product_tag":[],"class_list":{"0":"post-2517","1":"product","2":"type-product","3":"status-publish","4":"has-post-thumbnail","6":"product_cat-official-flags","8":"first","9":"instock","10":"sale","11":"shipping-taxable","12":"purchasable","13":"product-type-simple"},"_links":{"self":[{"href":"https:\/\/cosmoflag.com\/nb\/wp-json\/wp\/v2\/product\/2517","targetHints":{"allow":["GET"]}}],"collection":[{"href":"https:\/\/cosmoflag.com\/nb\/wp-json\/wp\/v2\/product"}],"about":[{"href":"https:\/\/cosmoflag.com\/nb\/wp-json\/wp\/v2\/types\/product"}],"replies":[{"embeddable":true,"href":"https:\/\/cosmoflag.com\/nb\/wp-json\/wp\/v2\/comments?post=2517"}],"wp:featuredmedia":[{"embeddable":true,"href":"https:\/\/cosmoflag.com\/nb\/wp-json\/wp\/v2\/media\/1560"}],"wp:attachment":[{"href":"https:\/\/cosmoflag.com\/nb\/wp-json\/wp\/v2\/media?parent=2517"}],"wp:term":[{"taxonomy":"product_brand","embeddable":true,"href":"https:\/\/cosmoflag.com\/nb\/wp-json\/wp\/v2\/product_brand?post=2517"},{"taxonomy":"product_cat","embeddable":true,"href":"https:\/\/cosmoflag.com\/nb\/wp-json\/wp\/v2\/product_cat?post=2517"},{"taxonomy":"product_tag","embeddable":true,"href":"https:\/\/cosmoflag.com\/nb\/wp-json\/wp\/v2\/product_tag?post=2517"}],"curies":[{"name":"wp","href":"https:\/\/api.w.org\/{rel}","templated":true}]}}