{"id":2516,"date":"2024-12-19T21:47:00","date_gmt":"2024-12-19T19:47:00","guid":{"rendered":"https:\/\/cosmoflag.com\/?post_type=product&#038;p=2516"},"modified":"2025-08-12T21:20:27","modified_gmt":"2025-08-12T19:20:27","slug":"fijis-flagg","status":"publish","type":"product","link":"https:\/\/cosmoflag.com\/nb\/produkt\/fijis-flagg\/","title":{"rendered":"Fijis flagg"},"content":{"rendered":"<h3><strong>Fiji flagg funksjoner<\/strong><\/h3>\n<p>Fiji-flagget v\u00e5rt er laget av f\u00f8rsteklasses polyester, noe som sikrer utmerket holdbarhet for langvarig bruk b\u00e5de innend\u00f8rs og utend\u00f8rs. Det har metallgjennomf\u00f8ringer for enkel montering og sikkert feste, selv under utfordrende v\u00e6rforhold. Med m\u00e5lene 90 x 150 cm gir dette flagget enest\u00e5ende synlighet p\u00e5 stolper, vegger eller under nasjonale feiringer.<\/p>\n<h3><strong>Et symbol p\u00e5 samhold og identitet<\/strong><\/h3>\n<p>Fijis flagg, som ble offisielt vedtatt i 1970, har et lysebl\u00e5tt felt som symboliserer Stillehavet som omgir \u00f8yene. Union Jack i \u00f8vre venstre hj\u00f8rne representerer Fijis historiske b\u00e5nd til Storbritannia, mens skjoldet til h\u00f8yre inneholder bilder av en l\u00f8ve som holder en kakaob\u00f8nne, sukkerr\u00f8r, en kokospalme og en fredsdue. Til sammen gjenspeiler disse elementene Fijis jordbruksrikdom, landets tilknytning til Storbritannia og dets \u00f8nske om fred og enhet.<\/p>\n<h3><strong>Allsidig bruk<\/strong><\/h3>\n<p>Fiji-flagget er perfekt til nasjonale feiringer, kulturelle arrangementer, utdanningsform\u00e5l eller personlige samlinger, og det er en meningsfull representasjon av landets identitet og stolthet. De blekningsbestandige fargene og den robuste designen s\u00f8rger for at flagget forblir levende og virkningsfullt over tid.<\/p>","protected":false},"excerpt":{"rendered":"<p>150 x 90 cm stort flagg med 2 solide metallgjennomf\u00f8ringer for sikker opphengning.<\/p>","protected":false},"featured_media":1567,"comment_status":"open","ping_status":"closed","template":"","meta":{"_gspb_post_css":"","iawp_total_views":2},"product_brand":[],"product_cat":[67,58],"product_tag":[],"class_list":{"0":"post-2516","1":"product","2":"type-product","3":"status-publish","4":"has-post-thumbnail","6":"product_cat-oceania-flag","7":"product_cat-country-flags","9":"first","10":"instock","11":"sale","12":"shipping-taxable","13":"purchasable","14":"product-type-simple"},"_links":{"self":[{"href":"https:\/\/cosmoflag.com\/nb\/wp-json\/wp\/v2\/product\/2516","targetHints":{"allow":["GET"]}}],"collection":[{"href":"https:\/\/cosmoflag.com\/nb\/wp-json\/wp\/v2\/product"}],"about":[{"href":"https:\/\/cosmoflag.com\/nb\/wp-json\/wp\/v2\/types\/product"}],"replies":[{"embeddable":true,"href":"https:\/\/cosmoflag.com\/nb\/wp-json\/wp\/v2\/comments?post=2516"}],"wp:featuredmedia":[{"embeddable":true,"href":"https:\/\/cosmoflag.com\/nb\/wp-json\/wp\/v2\/media\/1567"}],"wp:attachment":[{"href":"https:\/\/cosmoflag.com\/nb\/wp-json\/wp\/v2\/media?parent=2516"}],"wp:term":[{"taxonomy":"product_brand","embeddable":true,"href":"https:\/\/cosmoflag.com\/nb\/wp-json\/wp\/v2\/product_brand?post=2516"},{"taxonomy":"product_cat","embeddable":true,"href":"https:\/\/cosmoflag.com\/nb\/wp-json\/wp\/v2\/product_cat?post=2516"},{"taxonomy":"product_tag","embeddable":true,"href":"https:\/\/cosmoflag.com\/nb\/wp-json\/wp\/v2\/product_tag?post=2516"}],"curies":[{"name":"wp","href":"https:\/\/api.w.org\/{rel}","templated":true}]}}