{"id":2514,"date":"2024-12-19T21:21:00","date_gmt":"2024-12-19T19:21:00","guid":{"rendered":"https:\/\/cosmoflag.com\/?post_type=product&#038;p=2514"},"modified":"2025-08-12T21:20:28","modified_gmt":"2025-08-12T19:20:28","slug":"keiserlige-tyske-flagg-andre-riket","status":"publish","type":"product","link":"https:\/\/cosmoflag.com\/nb\/produkt\/keiserlige-tyske-flagg-andre-riket\/","title":{"rendered":"Keiserlig tysk flagg Det annet rike"},"content":{"rendered":"<h3><strong>Keiserlige tyske flaggfunksjoner<\/strong><\/h3>\n<p>V\u00e5rt keiserlige tyske flagg Andre riket er laget av f\u00f8rsteklasses polyester, noe som sikrer utmerket holdbarhet for langvarig bruk b\u00e5de innend\u00f8rs og utend\u00f8rs. Det inkluderer metallgjennomf\u00f8ringer for enkel montering og sikkert feste, selv under utfordrende v\u00e6rforhold. Med m\u00e5lene 90 x 150 cm gir dette flagget eksepsjonell synlighet for visning p\u00e5 stolper, vegger eller under historiske begivenheter.<\/p>\n<h3><strong>Et symbol p\u00e5 arv og suverenitet<\/strong><\/h3>\n<p>Det keiserlige tyske flagget fra det andre keiserriket (1871-1918) har det klassiske trefargedesignet i svart, hvitt og r\u00f8dt, som symboliserer det tyske rikets enhet. Det svarte jernkorset i midten gjenspeiler nasjonens milit\u00e6re styrke og \u00e6re. Dette flagget representerer et viktig kapittel i Tysklands historie, og symboliserer samhold og fremgang under det andre riket.<\/p>\n<h3><strong>Allsidig bruk<\/strong><\/h3>\n<p>Det keiserlige tyske flagget Det andre riket er perfekt til historiske rekonstruksjoner, pedagogiske utstillinger, kulturelle arrangementer eller som en del av en personlig samling, og er en meningsfull representasjon av Tysklands rike historie. De blekningsbestandige fargene og den robuste designen s\u00f8rger for at det forblir levende og virkningsfullt over tid.<\/p>","protected":false},"excerpt":{"rendered":"<p>150 x 90 cm stort flagg med 2 solide metallgjennomf\u00f8ringer for sikker opphengning.<\/p>","protected":false},"featured_media":1587,"comment_status":"open","ping_status":"closed","template":"","meta":{"_gspb_post_css":"","iawp_total_views":106},"product_brand":[],"product_cat":[69],"product_tag":[],"class_list":{"0":"post-2514","1":"product","2":"type-product","3":"status-publish","4":"has-post-thumbnail","6":"product_cat-historical-flags","8":"first","9":"instock","10":"sale","11":"shipping-taxable","12":"purchasable","13":"product-type-simple"},"_links":{"self":[{"href":"https:\/\/cosmoflag.com\/nb\/wp-json\/wp\/v2\/product\/2514","targetHints":{"allow":["GET"]}}],"collection":[{"href":"https:\/\/cosmoflag.com\/nb\/wp-json\/wp\/v2\/product"}],"about":[{"href":"https:\/\/cosmoflag.com\/nb\/wp-json\/wp\/v2\/types\/product"}],"replies":[{"embeddable":true,"href":"https:\/\/cosmoflag.com\/nb\/wp-json\/wp\/v2\/comments?post=2514"}],"wp:featuredmedia":[{"embeddable":true,"href":"https:\/\/cosmoflag.com\/nb\/wp-json\/wp\/v2\/media\/1587"}],"wp:attachment":[{"href":"https:\/\/cosmoflag.com\/nb\/wp-json\/wp\/v2\/media?parent=2514"}],"wp:term":[{"taxonomy":"product_brand","embeddable":true,"href":"https:\/\/cosmoflag.com\/nb\/wp-json\/wp\/v2\/product_brand?post=2514"},{"taxonomy":"product_cat","embeddable":true,"href":"https:\/\/cosmoflag.com\/nb\/wp-json\/wp\/v2\/product_cat?post=2514"},{"taxonomy":"product_tag","embeddable":true,"href":"https:\/\/cosmoflag.com\/nb\/wp-json\/wp\/v2\/product_tag?post=2514"}],"curies":[{"name":"wp","href":"https:\/\/api.w.org\/{rel}","templated":true}]}}