{"id":2510,"date":"2024-12-19T20:46:00","date_gmt":"2024-12-19T18:46:00","guid":{"rendered":"https:\/\/cosmoflag.com\/?post_type=product&#038;p=2510"},"modified":"2026-02-11T15:41:35","modified_gmt":"2026-02-11T13:41:35","slug":"kongeriket-proyssens-flagg","status":"publish","type":"product","link":"https:\/\/cosmoflag.com\/nb\/produkt\/kongeriket-proyssens-flagg\/","title":{"rendered":"Kongeriket Preussens flagg"},"content":{"rendered":"<h3><strong>Kongeriket Preussens flagg Funksjoner<\/strong><\/h3>\n<p>V\u00e5rt Kingdom of Prussia-flagg er laget av f\u00f8rsteklasses polyester, noe som sikrer holdbarhet b\u00e5de innend\u00f8rs og utend\u00f8rs. Det inkluderer metallgjennomf\u00f8ringer for enkel montering og sikkert feste, selv under utfordrende v\u00e6rforhold. Med m\u00e5lene 90 x 150 cm er dette flagget godt synlig p\u00e5 stolper, vegger eller under historiske arrangementer og rekonstruksjoner.<\/p>\n<h3><strong>Et symbol p\u00e5 styrke og arv<\/strong><\/h3>\n<p>Kongeriket Preussens flagg, med en svart \u00f8rn p\u00e5 et hvitt felt med en svart kant, symboliserer den preussiske statens styrke og suverenitet. \u00d8rnen, som er prydet med krone, septer og kule, representerer kongelig autoritet og milit\u00e6rmakt. Dette flagget var et fremtredende emblem under den pr\u00f8yssiske innflytelsens storhetstid i Europa, og gjenspeiler landets milit\u00e6re og kulturelle arv.<\/p>\n<h3><strong>Allsidig bruk<\/strong><\/h3>\n<p>Kongeriket Preussens flagg er perfekt for historiske rekonstruksjoner, pedagogiske utstillinger, kulturelle arrangementer eller personlige samlinger, og det er en meningsfull representasjon av europeisk historie. De blekningsbestandige fargene og den robuste designen s\u00f8rger for at det forblir levende og effektfullt over tid.<\/p>","protected":false},"excerpt":{"rendered":"<p>150 x 90 cm stort flagg med 2 solide metallgjennomf\u00f8ringer for sikker opphengning.<\/p>","protected":false},"featured_media":1607,"comment_status":"open","ping_status":"closed","template":"","meta":{"_gspb_post_css":"","iawp_total_views":55},"product_brand":[],"product_cat":[69],"product_tag":[],"class_list":{"0":"post-2510","1":"product","2":"type-product","3":"status-publish","4":"has-post-thumbnail","6":"product_cat-historical-flags","8":"first","9":"instock","10":"sale","11":"shipping-taxable","12":"purchasable","13":"product-type-simple"},"_links":{"self":[{"href":"https:\/\/cosmoflag.com\/nb\/wp-json\/wp\/v2\/product\/2510","targetHints":{"allow":["GET"]}}],"collection":[{"href":"https:\/\/cosmoflag.com\/nb\/wp-json\/wp\/v2\/product"}],"about":[{"href":"https:\/\/cosmoflag.com\/nb\/wp-json\/wp\/v2\/types\/product"}],"replies":[{"embeddable":true,"href":"https:\/\/cosmoflag.com\/nb\/wp-json\/wp\/v2\/comments?post=2510"}],"wp:featuredmedia":[{"embeddable":true,"href":"https:\/\/cosmoflag.com\/nb\/wp-json\/wp\/v2\/media\/1607"}],"wp:attachment":[{"href":"https:\/\/cosmoflag.com\/nb\/wp-json\/wp\/v2\/media?parent=2510"}],"wp:term":[{"taxonomy":"product_brand","embeddable":true,"href":"https:\/\/cosmoflag.com\/nb\/wp-json\/wp\/v2\/product_brand?post=2510"},{"taxonomy":"product_cat","embeddable":true,"href":"https:\/\/cosmoflag.com\/nb\/wp-json\/wp\/v2\/product_cat?post=2510"},{"taxonomy":"product_tag","embeddable":true,"href":"https:\/\/cosmoflag.com\/nb\/wp-json\/wp\/v2\/product_tag?post=2510"}],"curies":[{"name":"wp","href":"https:\/\/api.w.org\/{rel}","templated":true}]}}