{"id":2509,"date":"2024-12-19T20:10:00","date_gmt":"2024-12-19T18:10:00","guid":{"rendered":"https:\/\/cosmoflag.com\/?post_type=product&#038;p=2509"},"modified":"2025-08-12T21:20:29","modified_gmt":"2025-08-12T19:20:29","slug":"qatarsk-flagg","status":"publish","type":"product","link":"https:\/\/cosmoflag.com\/nb\/produkt\/qatarsk-flagg\/","title":{"rendered":"Qatar Flag"},"content":{"rendered":"<h3><strong>Qatar Flagg Egenskaper<\/strong><\/h3>\n<p>Qatar-flagget v\u00e5rt er laget av f\u00f8rsteklasses polyester, noe som sikrer utmerket holdbarhet for b\u00e5de innend\u00f8rs og utend\u00f8rs bruk. Det har metallgjennomf\u00f8ringer for enkel montering og sikkert feste, selv under utfordrende v\u00e6rforhold. Med m\u00e5lene 90 x 150 cm er dette flagget sv\u00e6rt synlig og kan brukes p\u00e5 stolper, vegger eller under kulturelle arrangementer.<\/p>\n<h3><strong>Et symbol p\u00e5 arv og samhold<\/strong><\/h3>\n<p>Qatars flagg, som ble offisielt vedtatt i 1971, har et unikt r\u00f8dbrunt felt med et bredt, hvitt, takkete b\u00e5nd med ni punkter. Den r\u00f8dbrune fargen symboliserer Qatars blodsutgytelse under historiske slag, mens den hvite fargen representerer fred. De ni takkede spissene viser at Qatar er det niende medlemmet av de \"forsonede emiratene\" etter undertegnelsen av traktaten i 1916. Det s\u00e6regne designet gjenspeiler Qatars rike historie og landets \u00f8nske om fred og enhet.<\/p>\n<h3><strong>Allsidig bruk<\/strong><\/h3>\n<p>Qatar-flagget er perfekt til nasjonale feiringer, kulturelle arrangementer, utdanningsform\u00e5l eller som en del av en personlig samling, og det er en meningsfull representasjon av landets identitet og stolthet. De blekningsbestandige fargene og den robuste designen s\u00f8rger for at flagget forblir levende og virkningsfullt over tid.<\/p>","protected":false},"excerpt":{"rendered":"<p>150 x 90 cm stort flagg med 2 solide metallgjennomf\u00f8ringer for sikker opphengning.<\/p>","protected":false},"featured_media":1638,"comment_status":"open","ping_status":"closed","template":"","meta":{"_gspb_post_css":"","iawp_total_views":10},"product_brand":[],"product_cat":[66,58],"product_tag":[],"class_list":{"0":"post-2509","1":"product","2":"type-product","3":"status-publish","4":"has-post-thumbnail","6":"product_cat-middle-east-flags","7":"product_cat-country-flags","9":"first","10":"instock","11":"sale","12":"shipping-taxable","13":"purchasable","14":"product-type-simple"},"_links":{"self":[{"href":"https:\/\/cosmoflag.com\/nb\/wp-json\/wp\/v2\/product\/2509","targetHints":{"allow":["GET"]}}],"collection":[{"href":"https:\/\/cosmoflag.com\/nb\/wp-json\/wp\/v2\/product"}],"about":[{"href":"https:\/\/cosmoflag.com\/nb\/wp-json\/wp\/v2\/types\/product"}],"replies":[{"embeddable":true,"href":"https:\/\/cosmoflag.com\/nb\/wp-json\/wp\/v2\/comments?post=2509"}],"wp:featuredmedia":[{"embeddable":true,"href":"https:\/\/cosmoflag.com\/nb\/wp-json\/wp\/v2\/media\/1638"}],"wp:attachment":[{"href":"https:\/\/cosmoflag.com\/nb\/wp-json\/wp\/v2\/media?parent=2509"}],"wp:term":[{"taxonomy":"product_brand","embeddable":true,"href":"https:\/\/cosmoflag.com\/nb\/wp-json\/wp\/v2\/product_brand?post=2509"},{"taxonomy":"product_cat","embeddable":true,"href":"https:\/\/cosmoflag.com\/nb\/wp-json\/wp\/v2\/product_cat?post=2509"},{"taxonomy":"product_tag","embeddable":true,"href":"https:\/\/cosmoflag.com\/nb\/wp-json\/wp\/v2\/product_tag?post=2509"}],"curies":[{"name":"wp","href":"https:\/\/api.w.org\/{rel}","templated":true}]}}