{"id":2508,"date":"2024-12-19T17:22:00","date_gmt":"2024-12-19T15:22:00","guid":{"rendered":"https:\/\/cosmoflag.com\/?post_type=product&#038;p=2508"},"modified":"2025-08-12T21:20:29","modified_gmt":"2025-08-12T19:20:29","slug":"saudiarabias-flagg","status":"publish","type":"product","link":"https:\/\/cosmoflag.com\/nb\/produkt\/saudiarabias-flagg\/","title":{"rendered":"Saudi-Arabias flagg"},"content":{"rendered":"<h3><strong>Saudi-Arabias flaggfunksjoner<\/strong><\/h3>\n<p>V\u00e5rt Saudi-Arabia-flagg er laget av f\u00f8rsteklasses polyester, noe som sikrer holdbarhet for b\u00e5de innend\u00f8rs og utend\u00f8rs bruk. Det har metallgjennomf\u00f8ringer for enkel montering og sikkert hold, selv under utfordrende v\u00e6rforhold. Med m\u00e5lene 90 x 150 cm er dette flagget godt synlig p\u00e5 stolper, vegger eller under kulturelle arrangementer.<\/p>\n<h3><strong>Et symbol p\u00e5 tro og identitet<\/strong><\/h3>\n<p>Saudi-Arabias flagg, som ble offisielt vedtatt i 1973, har et gr\u00f8nt felt som symboliserer islam, med den islamske troserkl\u00e6ringen (shahada) innskrevet med hvit arabisk skrift. Under det ligger et hvitt sverd, som symboliserer rettferdighet og nasjonens styrke. Til sammen gjenspeiler disse elementene Saudi-Arabias dype religi\u00f8se arv og landets forpliktelse til enhet og rettferdighet i henhold til islamske prinsipper.<\/p>\n<h3><strong>Allsidig bruk<\/strong><\/h3>\n<p>Saudi-Arabias flagg er perfekt til nasjonale feiringer, religi\u00f8se arrangementer, utdanningsform\u00e5l eller som en del av en personlig samling, og det er en meningsfull representasjon av landets identitet og verdier. De blekningsbestandige fargene og den robuste designen s\u00f8rger for at flagget forblir levende og virkningsfullt over tid.<\/p>","protected":false},"excerpt":{"rendered":"<p>150 x 90 cm stort flagg med 2 solide metallgjennomf\u00f8ringer for sikker opphengning.<\/p>","protected":false},"featured_media":1652,"comment_status":"open","ping_status":"closed","template":"","meta":{"_gspb_post_css":"","iawp_total_views":6},"product_brand":[],"product_cat":[66,58],"product_tag":[],"class_list":{"0":"post-2508","1":"product","2":"type-product","3":"status-publish","4":"has-post-thumbnail","6":"product_cat-middle-east-flags","7":"product_cat-country-flags","9":"first","10":"instock","11":"sale","12":"shipping-taxable","13":"purchasable","14":"product-type-simple"},"_links":{"self":[{"href":"https:\/\/cosmoflag.com\/nb\/wp-json\/wp\/v2\/product\/2508","targetHints":{"allow":["GET"]}}],"collection":[{"href":"https:\/\/cosmoflag.com\/nb\/wp-json\/wp\/v2\/product"}],"about":[{"href":"https:\/\/cosmoflag.com\/nb\/wp-json\/wp\/v2\/types\/product"}],"replies":[{"embeddable":true,"href":"https:\/\/cosmoflag.com\/nb\/wp-json\/wp\/v2\/comments?post=2508"}],"wp:featuredmedia":[{"embeddable":true,"href":"https:\/\/cosmoflag.com\/nb\/wp-json\/wp\/v2\/media\/1652"}],"wp:attachment":[{"href":"https:\/\/cosmoflag.com\/nb\/wp-json\/wp\/v2\/media?parent=2508"}],"wp:term":[{"taxonomy":"product_brand","embeddable":true,"href":"https:\/\/cosmoflag.com\/nb\/wp-json\/wp\/v2\/product_brand?post=2508"},{"taxonomy":"product_cat","embeddable":true,"href":"https:\/\/cosmoflag.com\/nb\/wp-json\/wp\/v2\/product_cat?post=2508"},{"taxonomy":"product_tag","embeddable":true,"href":"https:\/\/cosmoflag.com\/nb\/wp-json\/wp\/v2\/product_tag?post=2508"}],"curies":[{"name":"wp","href":"https:\/\/api.w.org\/{rel}","templated":true}]}}