{"id":2505,"date":"2024-12-19T16:07:00","date_gmt":"2024-12-19T14:07:00","guid":{"rendered":"https:\/\/cosmoflag.com\/?post_type=product&#038;p=2505"},"modified":"2025-08-12T21:20:31","modified_gmt":"2025-08-12T19:20:31","slug":"syrisk-uavhengighetsflagg","status":"publish","type":"product","link":"https:\/\/cosmoflag.com\/nb\/produkt\/syrisk-uavhengighetsflagg\/","title":{"rendered":"Syrias uavhengighetsflagg"},"content":{"rendered":"<h3><strong>Funksjoner i det syriske uavhengighetsflagget<\/strong><\/h3>\n<p>V\u00e5rt syriske uavhengighetsflagg er laget av f\u00f8rsteklasses polyester, noe som sikrer holdbarhet for langvarig bruk b\u00e5de innend\u00f8rs og utend\u00f8rs. Det har metallgjennomf\u00f8ringer for enkel montering og sikkert feste, selv under ugunstige v\u00e6rforhold. Med m\u00e5lene 90 x 150 cm er dette flagget sv\u00e6rt godt synlig, enten det henger p\u00e5 stolper, vegger eller under offentlige sammenkomster.<\/p>\n<h3><strong>Et symbol p\u00e5 frihet og motstand<\/strong><\/h3>\n<p>Det syriske uavhengighetsflagget, ogs\u00e5 kjent som \"Det frie syriske flagget\", best\u00e5r av tre horisontale striper i gr\u00f8nt, hvitt og svart, med tre r\u00f8de stjerner i midten. Flagget ble opprinnelig brukt under Syrias uavhengighet i 1932, og har blitt et symbol p\u00e5 den syriske opposisjonen og kampen for frihet. Den gr\u00f8nne stripen representerer landet, den hvite symboliserer fred, og den svarte gjenspeiler tidligere kamper, mens de r\u00f8de stjernene symboliserer offer og h\u00e5p for et fritt Syria.<\/p>\n<h3><strong>Allsidig bruk<\/strong><\/h3>\n<p>Det syriske uavhengighetsflagget er perfekt til demonstrasjoner, kulturelle arrangementer, pedagogiske utstillinger eller personlige samlinger, og det er en meningsfull representasjon av den p\u00e5g\u00e5ende kampen for frihet og enhet. De blekningsbestandige fargene og den robuste designen s\u00f8rger for at flagget forblir levende og virkningsfullt over tid.<\/p>","protected":false},"excerpt":{"rendered":"<p>150 x 90 cm stort flagg med 2 solide metallgjennomf\u00f8ringer for sikker opphengning.<\/p>","protected":false},"featured_media":1696,"comment_status":"open","ping_status":"closed","template":"","meta":{"_gspb_post_css":"","iawp_total_views":7},"product_brand":[],"product_cat":[60,58],"product_tag":[],"class_list":{"0":"post-2505","1":"product","2":"type-product","3":"status-publish","4":"has-post-thumbnail","6":"product_cat-africa-flags","7":"product_cat-country-flags","9":"first","10":"instock","11":"sale","12":"shipping-taxable","13":"purchasable","14":"product-type-simple"},"_links":{"self":[{"href":"https:\/\/cosmoflag.com\/nb\/wp-json\/wp\/v2\/product\/2505","targetHints":{"allow":["GET"]}}],"collection":[{"href":"https:\/\/cosmoflag.com\/nb\/wp-json\/wp\/v2\/product"}],"about":[{"href":"https:\/\/cosmoflag.com\/nb\/wp-json\/wp\/v2\/types\/product"}],"replies":[{"embeddable":true,"href":"https:\/\/cosmoflag.com\/nb\/wp-json\/wp\/v2\/comments?post=2505"}],"wp:featuredmedia":[{"embeddable":true,"href":"https:\/\/cosmoflag.com\/nb\/wp-json\/wp\/v2\/media\/1696"}],"wp:attachment":[{"href":"https:\/\/cosmoflag.com\/nb\/wp-json\/wp\/v2\/media?parent=2505"}],"wp:term":[{"taxonomy":"product_brand","embeddable":true,"href":"https:\/\/cosmoflag.com\/nb\/wp-json\/wp\/v2\/product_brand?post=2505"},{"taxonomy":"product_cat","embeddable":true,"href":"https:\/\/cosmoflag.com\/nb\/wp-json\/wp\/v2\/product_cat?post=2505"},{"taxonomy":"product_tag","embeddable":true,"href":"https:\/\/cosmoflag.com\/nb\/wp-json\/wp\/v2\/product_tag?post=2505"}],"curies":[{"name":"wp","href":"https:\/\/api.w.org\/{rel}","templated":true}]}}