{"id":2503,"date":"2024-12-19T15:35:00","date_gmt":"2024-12-19T13:35:00","guid":{"rendered":"https:\/\/cosmoflag.com\/?post_type=product&#038;p=2503"},"modified":"2025-11-27T20:53:32","modified_gmt":"2025-11-27T18:53:32","slug":"tempelriddernes-flagg","status":"publish","type":"product","link":"https:\/\/cosmoflag.com\/nb\/produkt\/tempelriddernes-flagg\/","title":{"rendered":"Tempelriddernes flagg"},"content":{"rendered":"<h3><strong>Tempelridderflaggets funksjoner<\/strong><\/h3>\n<p>Tempelridderflagget v\u00e5rt er laget av f\u00f8rsteklasses polyester, noe som sikrer utmerket holdbarhet for b\u00e5de innend\u00f8rs og utend\u00f8rs bruk. Det inkluderer metallgjennomf\u00f8ringer for enkel montering og sikkert feste, selv under utfordrende v\u00e6rforhold. Med m\u00e5lene 90 x 150 cm sikrer dette flagget enest\u00e5ende synlighet, enten det vises p\u00e5 stolper, vegger eller under historiske rekonstruksjoner.<\/p>\n<h3><strong>Et symbol p\u00e5 tro og tapperhet<\/strong><\/h3>\n<p>Tempelridderflagget, som har en svart og hvit bakgrunn med det ikoniske r\u00f8de korset, representerer Tempelridderordenen, en kristen milit\u00e6rorden fra middelalderen. Det hvite symboliserer renhet og det svarte ydmykhet, mens det r\u00f8de korset st\u00e5r for martyrium og oppofrelse. Dette flagget er et mektig symbol p\u00e5 deres urokkelige tro og hengivenhet under korstogene.<\/p>\n<h3><strong>Allsidig bruk<\/strong><\/h3>\n<p>Tempelridderflagget er perfekt til historiske begivenheter, middelalderske rekonstruksjoner, undervisningsform\u00e5l eller som en del av en personlig samling, og det er en meningsfull representasjon av historie og tapperhet. Den robuste designen og de blekningsbestandige fargene s\u00f8rger for at flagget forblir levende og virkningsfullt over tid.<\/p>","protected":false},"excerpt":{"rendered":"<p>150 x 90 cm stort flagg med 2 solide metallgjennomf\u00f8ringer for sikker opphengning.<\/p>","protected":false},"featured_media":1703,"comment_status":"open","ping_status":"closed","template":"","meta":{"_gspb_post_css":"","iawp_total_views":22},"product_brand":[],"product_cat":[69],"product_tag":[],"class_list":{"0":"post-2503","1":"product","2":"type-product","3":"status-publish","4":"has-post-thumbnail","6":"product_cat-historical-flags","8":"first","9":"instock","10":"sale","11":"shipping-taxable","12":"purchasable","13":"product-type-simple"},"_links":{"self":[{"href":"https:\/\/cosmoflag.com\/nb\/wp-json\/wp\/v2\/product\/2503","targetHints":{"allow":["GET"]}}],"collection":[{"href":"https:\/\/cosmoflag.com\/nb\/wp-json\/wp\/v2\/product"}],"about":[{"href":"https:\/\/cosmoflag.com\/nb\/wp-json\/wp\/v2\/types\/product"}],"replies":[{"embeddable":true,"href":"https:\/\/cosmoflag.com\/nb\/wp-json\/wp\/v2\/comments?post=2503"}],"wp:featuredmedia":[{"embeddable":true,"href":"https:\/\/cosmoflag.com\/nb\/wp-json\/wp\/v2\/media\/1703"}],"wp:attachment":[{"href":"https:\/\/cosmoflag.com\/nb\/wp-json\/wp\/v2\/media?parent=2503"}],"wp:term":[{"taxonomy":"product_brand","embeddable":true,"href":"https:\/\/cosmoflag.com\/nb\/wp-json\/wp\/v2\/product_brand?post=2503"},{"taxonomy":"product_cat","embeddable":true,"href":"https:\/\/cosmoflag.com\/nb\/wp-json\/wp\/v2\/product_cat?post=2503"},{"taxonomy":"product_tag","embeddable":true,"href":"https:\/\/cosmoflag.com\/nb\/wp-json\/wp\/v2\/product_tag?post=2503"}],"curies":[{"name":"wp","href":"https:\/\/api.w.org\/{rel}","templated":true}]}}